{"id":201,"date":"2022-08-10T23:19:29","date_gmt":"2022-08-10T20:19:29","guid":{"rendered":"https:\/\/neptunshipping.net\/tr\/?page_id=201&#038;lang=tr"},"modified":"2024-08-18T00:24:08","modified_gmt":"2024-08-17T21:24:08","slug":"cansali-galeri","status":"publish","type":"page","link":"https:\/\/neptunshipping.net\/tr\/?page_id=201","title":{"rendered":"CANSALI Galeri"},"content":{"rendered":"<div class=\"pgc-sgb-cb wp-block-pgcsimplygalleryblock-grid \" data-gallery-id=\"b1968252\"><div class=\"sgb-preloader\" id=\"pr_b1968252\">\n\t<div class=\"sgb-square\" style=\"background:#d4d4d4\"><\/div>\n\t<div class=\"sgb-square\" style=\"background:#d4d4d4\"><\/div>\n\t<div class=\"sgb-square\" style=\"background:#d4d4d4\"><\/div>\n\t<div class=\"sgb-square\" style=\"background:#d4d4d4\"><\/div><\/div><div class=\"simply-gallery-amp pgc_sgb_slider \"><noscript><div class=\"sgb-gallery\"><div class=\"sgb-item\"><a href=\"https:\/\/www.neptunshipping.net\/tr\/wp-content\/uploads\/2022\/03\/20.jpg\"><img loading=\"lazy\" decoding=\"async\" alt=\"\" width=\"300\" height=\"300\" loading=\"lazy\" src=\"https:\/\/www.neptunshipping.net\/tr\/wp-content\/uploads\/2022\/03\/20.jpg\" srcset=\",https:\/\/www.neptunshipping.net\/tr\/wp-content\/uploads\/2022\/03\/20.jpg 300w\" sizes=\"auto, 250px\"\/><\/a><\/div><div class=\"sgb-item\"><a href=\"https:\/\/www.neptunshipping.net\/tr\/wp-content\/uploads\/2022\/03\/16.jpg\"><img loading=\"lazy\" decoding=\"async\" alt=\"\" width=\"300\" height=\"300\" loading=\"lazy\" src=\"https:\/\/www.neptunshipping.net\/tr\/wp-content\/uploads\/2022\/03\/16.jpg\" srcset=\",https:\/\/www.neptunshipping.net\/tr\/wp-content\/uploads\/2022\/03\/16.jpg 300w\" sizes=\"auto, 250px\"\/><\/a><\/div><div class=\"sgb-item\"><a href=\"https:\/\/www.neptunshipping.net\/tr\/wp-content\/uploads\/2022\/03\/15.jpg\"><img loading=\"lazy\" decoding=\"async\" alt=\"\" width=\"300\" height=\"300\" loading=\"lazy\" src=\"https:\/\/www.neptunshipping.net\/tr\/wp-content\/uploads\/2022\/03\/15.jpg\" srcset=\",https:\/\/www.neptunshipping.net\/tr\/wp-content\/uploads\/2022\/03\/15.jpg 300w\" sizes=\"auto, 250px\"\/><\/a><\/div><div class=\"sgb-item\"><a href=\"https:\/\/www.neptunshipping.net\/tr\/wp-content\/uploads\/2022\/03\/1.jpg\"><img loading=\"lazy\" decoding=\"async\" alt=\"\" width=\"300\" height=\"300\" loading=\"lazy\" src=\"https:\/\/www.neptunshipping.net\/tr\/wp-content\/uploads\/2022\/03\/1.jpg\" srcset=\",https:\/\/www.neptunshipping.net\/tr\/wp-content\/uploads\/2022\/03\/1.jpg 300w\" sizes=\"auto, 250px\"\/><\/a><\/div><div class=\"sgb-item\"><a href=\"https:\/\/www.neptunshipping.net\/tr\/wp-content\/uploads\/2014\/07\/20150606_105138-Custom.jpg\"><img loading=\"lazy\" decoding=\"async\" alt=\"\" width=\"300\" height=\"300\" loading=\"lazy\" src=\"https:\/\/www.neptunshipping.net\/tr\/wp-content\/uploads\/2014\/07\/20150606_105138-Custom.jpg\" srcset=\",https:\/\/www.neptunshipping.net\/tr\/wp-content\/uploads\/2014\/07\/20150606_105138-Custom.jpg 300w\" sizes=\"auto, 250px\"\/><\/a><\/div><div class=\"sgb-item\"><a href=\"https:\/\/www.neptunshipping.net\/tr\/wp-content\/uploads\/2014\/07\/20150606_103920-Custom.jpg\"><img loading=\"lazy\" decoding=\"async\" alt=\"\" width=\"300\" height=\"300\" loading=\"lazy\" src=\"https:\/\/www.neptunshipping.net\/tr\/wp-content\/uploads\/2014\/07\/20150606_103920-Custom.jpg\" srcset=\",https:\/\/www.neptunshipping.net\/tr\/wp-content\/uploads\/2014\/07\/20150606_103920-Custom.jpg 300w\" sizes=\"auto, 250px\"\/><\/a><\/div><div class=\"sgb-item\"><a href=\"https:\/\/www.neptunshipping.net\/tr\/wp-content\/uploads\/2014\/07\/wp-test-Custom.jpg\"><img loading=\"lazy\" decoding=\"async\" alt=\"\" width=\"300\" height=\"300\" loading=\"lazy\" src=\"https:\/\/www.neptunshipping.net\/tr\/wp-content\/uploads\/2014\/07\/wp-test-Custom.jpg\" srcset=\",https:\/\/www.neptunshipping.net\/tr\/wp-content\/uploads\/2014\/07\/wp-test-Custom.jpg 300w\" sizes=\"auto, 250px\"\/><\/a><\/div><div class=\"sgb-item\"><a href=\"https:\/\/www.neptunshipping.net\/tr\/wp-content\/uploads\/2014\/07\/SAM_0576-Custom.jpg\"><img loading=\"lazy\" decoding=\"async\" alt=\"\" width=\"300\" height=\"300\" loading=\"lazy\" src=\"https:\/\/www.neptunshipping.net\/tr\/wp-content\/uploads\/2014\/07\/SAM_0576-Custom.jpg\" srcset=\",https:\/\/www.neptunshipping.net\/tr\/wp-content\/uploads\/2014\/07\/SAM_0576-Custom.jpg 300w\" sizes=\"auto, 250px\"\/><\/a><\/div><div class=\"sgb-item\"><a href=\"https:\/\/www.neptunshipping.net\/tr\/wp-content\/uploads\/2014\/07\/SAM_0219-Custom1.jpg\"><img loading=\"lazy\" decoding=\"async\" alt=\"\" width=\"300\" height=\"300\" loading=\"lazy\" src=\"https:\/\/www.neptunshipping.net\/tr\/wp-content\/uploads\/2014\/07\/SAM_0219-Custom1.jpg\" srcset=\",https:\/\/www.neptunshipping.net\/tr\/wp-content\/uploads\/2014\/07\/SAM_0219-Custom1.jpg 300w\" sizes=\"auto, 250px\"\/><\/a><\/div><div class=\"sgb-item\"><a href=\"https:\/\/www.neptunshipping.net\/tr\/wp-content\/uploads\/2014\/07\/SAM_0218-Custom1.jpg\"><img loading=\"lazy\" decoding=\"async\" alt=\"\" width=\"300\" height=\"300\" loading=\"lazy\" src=\"https:\/\/www.neptunshipping.net\/tr\/wp-content\/uploads\/2014\/07\/SAM_0218-Custom1.jpg\" srcset=\",https:\/\/www.neptunshipping.net\/tr\/wp-content\/uploads\/2014\/07\/SAM_0218-Custom1.jpg 300w\" sizes=\"auto, 250px\"\/><\/a><\/div><div class=\"sgb-item\"><a href=\"https:\/\/www.neptunshipping.net\/tr\/wp-content\/uploads\/2014\/07\/Liferaft1.jpg\"><img loading=\"lazy\" decoding=\"async\" alt=\"\" width=\"300\" height=\"300\" loading=\"lazy\" src=\"https:\/\/www.neptunshipping.net\/tr\/wp-content\/uploads\/2014\/07\/Liferaft1.jpg\" srcset=\",https:\/\/www.neptunshipping.net\/tr\/wp-content\/uploads\/2014\/07\/Liferaft1.jpg 300w\" sizes=\"auto, 250px\"\/><\/a><\/div><div class=\"sgb-item\"><a href=\"https:\/\/www.neptunshipping.net\/tr\/wp-content\/uploads\/2014\/07\/liferaft-test-3-Custom.jpg\"><img loading=\"lazy\" decoding=\"async\" alt=\"\" width=\"300\" height=\"300\" loading=\"lazy\" src=\"https:\/\/www.neptunshipping.net\/tr\/wp-content\/uploads\/2014\/07\/liferaft-test-3-Custom.jpg\" srcset=\",https:\/\/www.neptunshipping.net\/tr\/wp-content\/uploads\/2014\/07\/liferaft-test-3-Custom.jpg 300w\" sizes=\"auto, 250px\"\/><\/a><\/div><div class=\"sgb-item\"><a href=\"https:\/\/www.neptunshipping.net\/tr\/wp-content\/uploads\/2014\/07\/liferaft-test-2-Custom.jpg\"><img loading=\"lazy\" decoding=\"async\" alt=\"\" width=\"300\" height=\"300\" loading=\"lazy\" src=\"https:\/\/www.neptunshipping.net\/tr\/wp-content\/uploads\/2014\/07\/liferaft-test-2-Custom.jpg\" srcset=\",https:\/\/www.neptunshipping.net\/tr\/wp-content\/uploads\/2014\/07\/liferaft-test-2-Custom.jpg 300w\" sizes=\"auto, 250px\"\/><\/a><\/div><div class=\"sgb-item\"><a href=\"https:\/\/www.neptunshipping.net\/tr\/wp-content\/uploads\/2014\/07\/liferaft-test-1-Custom.jpg\"><img loading=\"lazy\" decoding=\"async\" alt=\"\" width=\"300\" height=\"300\" loading=\"lazy\" src=\"https:\/\/www.neptunshipping.net\/tr\/wp-content\/uploads\/2014\/07\/liferaft-test-1-Custom.jpg\" srcset=\",https:\/\/www.neptunshipping.net\/tr\/wp-content\/uploads\/2014\/07\/liferaft-test-1-Custom.jpg 300w\" sizes=\"auto, 250px\"\/><\/a><\/div><div class=\"sgb-item\"><a href=\"https:\/\/www.neptunshipping.net\/tr\/wp-content\/uploads\/2015\/05\/SAM_0560.jpg\"><img loading=\"lazy\" decoding=\"async\" alt=\"\" width=\"300\" height=\"300\" loading=\"lazy\" src=\"https:\/\/www.neptunshipping.net\/tr\/wp-content\/uploads\/2015\/05\/SAM_0560.jpg\" srcset=\",https:\/\/www.neptunshipping.net\/tr\/wp-content\/uploads\/2015\/05\/SAM_0560.jpg 300w\" sizes=\"auto, 250px\"\/><\/a><\/div><div class=\"sgb-item\"><a href=\"https:\/\/www.neptunshipping.net\/tr\/wp-content\/uploads\/2015\/05\/SAM_0507.jpg\"><img loading=\"lazy\" decoding=\"async\" alt=\"\" width=\"300\" height=\"300\" loading=\"lazy\" src=\"https:\/\/www.neptunshipping.net\/tr\/wp-content\/uploads\/2015\/05\/SAM_0507.jpg\" srcset=\",https:\/\/www.neptunshipping.net\/tr\/wp-content\/uploads\/2015\/05\/SAM_0507.jpg 300w\" sizes=\"auto, 250px\"\/><\/a><\/div><div class=\"sgb-item\"><a href=\"https:\/\/www.neptunshipping.net\/tr\/wp-content\/uploads\/2015\/02\/IMG_20150115_131538.jpg\"><img loading=\"lazy\" decoding=\"async\" alt=\"\" width=\"300\" height=\"300\" loading=\"lazy\" src=\"https:\/\/www.neptunshipping.net\/tr\/wp-content\/uploads\/2015\/02\/IMG_20150115_131538.jpg\" srcset=\",https:\/\/www.neptunshipping.net\/tr\/wp-content\/uploads\/2015\/02\/IMG_20150115_131538.jpg 300w\" sizes=\"auto, 250px\"\/><\/a><\/div><\/div><\/noscript><\/div><script type=\"application\/json\" class=\"sgb-data\">{\"galleryType\":\"pgc_sgb_grid\",\"galleryId\":\"b1968252\",\"images\":[{\"id\":986,\"title\":\"20\",\"url\":\"https:\/\/www.neptunshipping.net\/tr\/wp-content\/uploads\/2022\/03\/20.jpg\",\"link\":\"https:\/\/neptunshipping.net\/tr\/?attachment_id=986\",\"alt\":\"\",\"description\":\"\",\"caption\":\"\",\"mime\":\"image\/jpeg\",\"type\":\"image\",\"meta\":false},{\"id\":985,\"title\":\"16\",\"url\":\"https:\/\/www.neptunshipping.net\/tr\/wp-content\/uploads\/2022\/03\/16.jpg\",\"link\":\"https:\/\/neptunshipping.net\/tr\/?attachment_id=985\",\"alt\":\"\",\"description\":\"\",\"caption\":\"\",\"mime\":\"image\/jpeg\",\"type\":\"image\",\"meta\":false},{\"id\":984,\"title\":\"15\",\"url\":\"https:\/\/www.neptunshipping.net\/tr\/wp-content\/uploads\/2022\/03\/15.jpg\",\"link\":\"https:\/\/neptunshipping.net\/tr\/?attachment_id=984\",\"alt\":\"\",\"description\":\"\",\"caption\":\"\",\"mime\":\"image\/jpeg\",\"type\":\"image\",\"meta\":false},{\"id\":983,\"title\":\"1\",\"url\":\"https:\/\/www.neptunshipping.net\/tr\/wp-content\/uploads\/2022\/03\/1.jpg\",\"link\":\"https:\/\/neptunshipping.net\/tr\/?attachment_id=983\",\"alt\":\"\",\"description\":\"\",\"caption\":\"\",\"mime\":\"image\/jpeg\",\"type\":\"image\",\"meta\":false},{\"id\":713,\"title\":\"20150606_105138 (Custom)\",\"url\":\"https:\/\/www.neptunshipping.net\/tr\/wp-content\/uploads\/2014\/07\/20150606_105138-Custom.jpg\",\"link\":\"https:\/\/neptunshipping.net\/tr\/?attachment_id=713\",\"alt\":\"\",\"description\":\"\",\"caption\":\"\",\"mime\":\"image\/jpeg\",\"type\":\"image\",\"meta\":false},{\"id\":712,\"title\":\"20150606_103920 (Custom)\",\"url\":\"https:\/\/www.neptunshipping.net\/tr\/wp-content\/uploads\/2014\/07\/20150606_103920-Custom.jpg\",\"link\":\"https:\/\/neptunshipping.net\/tr\/?attachment_id=712\",\"alt\":\"\",\"description\":\"\",\"caption\":\"\",\"mime\":\"image\/jpeg\",\"type\":\"image\",\"meta\":false},{\"id\":708,\"title\":\"wp test (Custom)\",\"url\":\"https:\/\/www.neptunshipping.net\/tr\/wp-content\/uploads\/2014\/07\/wp-test-Custom.jpg\",\"link\":\"https:\/\/neptunshipping.net\/tr\/?attachment_id=708\",\"alt\":\"\",\"description\":\"\",\"caption\":\"\",\"mime\":\"image\/jpeg\",\"type\":\"image\",\"meta\":false},{\"id\":707,\"title\":\"SAM_0576 (Custom)\",\"url\":\"https:\/\/www.neptunshipping.net\/tr\/wp-content\/uploads\/2014\/07\/SAM_0576-Custom.jpg\",\"link\":\"https:\/\/neptunshipping.net\/tr\/?attachment_id=707\",\"alt\":\"\",\"description\":\"\",\"caption\":\"\",\"mime\":\"image\/jpeg\",\"type\":\"image\",\"meta\":false},{\"id\":706,\"title\":\"SAMSUNG CAMERA PICTURES\",\"url\":\"https:\/\/www.neptunshipping.net\/tr\/wp-content\/uploads\/2014\/07\/SAM_0219-Custom1.jpg\",\"link\":\"https:\/\/neptunshipping.net\/tr\/?attachment_id=706\",\"alt\":\"\",\"description\":\"\",\"caption\":\"\",\"mime\":\"image\/jpeg\",\"type\":\"image\",\"meta\":false},{\"id\":705,\"title\":\"SAMSUNG CAMERA PICTURES\",\"url\":\"https:\/\/www.neptunshipping.net\/tr\/wp-content\/uploads\/2014\/07\/SAM_0218-Custom1.jpg\",\"link\":\"https:\/\/neptunshipping.net\/tr\/?attachment_id=705\",\"alt\":\"\",\"description\":\"\",\"caption\":\"\",\"mime\":\"image\/jpeg\",\"type\":\"image\",\"meta\":false},{\"id\":703,\"title\":\"Liferaft1\",\"url\":\"https:\/\/www.neptunshipping.net\/tr\/wp-content\/uploads\/2014\/07\/Liferaft1.jpg\",\"link\":\"https:\/\/neptunshipping.net\/tr\/?attachment_id=703\",\"alt\":\"\",\"description\":\"\",\"caption\":\"\",\"mime\":\"image\/jpeg\",\"type\":\"image\",\"meta\":false},{\"id\":702,\"title\":\"liferaft test (3) (Custom)\",\"url\":\"https:\/\/www.neptunshipping.net\/tr\/wp-content\/uploads\/2014\/07\/liferaft-test-3-Custom.jpg\",\"link\":\"https:\/\/neptunshipping.net\/tr\/?attachment_id=702\",\"alt\":\"\",\"description\":\"\",\"caption\":\"\",\"mime\":\"image\/jpeg\",\"type\":\"image\",\"meta\":false},{\"id\":701,\"title\":\"liferaft test (2) (Custom)\",\"url\":\"https:\/\/www.neptunshipping.net\/tr\/wp-content\/uploads\/2014\/07\/liferaft-test-2-Custom.jpg\",\"link\":\"https:\/\/neptunshipping.net\/tr\/?attachment_id=701\",\"alt\":\"\",\"description\":\"\",\"caption\":\"\",\"mime\":\"image\/jpeg\",\"type\":\"image\",\"meta\":false},{\"id\":700,\"title\":\"liferaft test (1) (Custom)\",\"url\":\"https:\/\/www.neptunshipping.net\/tr\/wp-content\/uploads\/2014\/07\/liferaft-test-1-Custom.jpg\",\"link\":\"https:\/\/neptunshipping.net\/tr\/?attachment_id=700\",\"alt\":\"\",\"description\":\"\",\"caption\":\"\",\"mime\":\"image\/jpeg\",\"type\":\"image\",\"meta\":false},{\"id\":614,\"title\":\"SAM_0560\",\"url\":\"https:\/\/www.neptunshipping.net\/tr\/wp-content\/uploads\/2015\/05\/SAM_0560.jpg\",\"link\":\"https:\/\/neptunshipping.net\/tr\/?attachment_id=614\",\"alt\":\"\",\"description\":\"\",\"caption\":\"\",\"mime\":\"image\/jpeg\",\"type\":\"image\",\"meta\":false},{\"id\":613,\"title\":\"SAM_0507\",\"url\":\"https:\/\/www.neptunshipping.net\/tr\/wp-content\/uploads\/2015\/05\/SAM_0507.jpg\",\"link\":\"https:\/\/neptunshipping.net\/tr\/?attachment_id=613\",\"alt\":\"\",\"description\":\"\",\"caption\":\"\",\"mime\":\"image\/jpeg\",\"type\":\"image\",\"meta\":false},{\"id\":587,\"title\":\"IMG_20150115_131538\",\"url\":\"https:\/\/www.neptunshipping.net\/tr\/wp-content\/uploads\/2015\/02\/IMG_20150115_131538.jpg\",\"link\":\"https:\/\/neptunshipping.net\/tr\/?attachment_id=587\",\"alt\":\"\",\"description\":\"\",\"caption\":\"\",\"mime\":\"image\/jpeg\",\"type\":\"image\",\"meta\":false}],\"itemsMetaDataCollection\":[]}<\/script><script>(function(){if(window.PGC_SGB && window.PGC_SGB.searcher){window.PGC_SGB.searcher.initBlocks()}})()<\/script><\/div>","protected":false},"excerpt":{"rendered":"","protected":false},"author":1,"featured_media":0,"parent":0,"menu_order":0,"comment_status":"closed","ping_status":"closed","template":"","meta":{"_sitemap_exclude":false,"_sitemap_priority":"","_sitemap_frequency":"","pgc_sgb_lightbox_settings":"{\"enableLightbox\":true,\"useGlobalPreset\":true,\"nativGalleryEnable\":true,\"nativeAttachment\":true,\"singletonAttachment\":true,\"groupingAllImages\":false,\"lightboxType\":\"classic\",\"copyRProtection\":false,\"copyRAlert\":\"Hello, this photo is mine!\",\"sliderScrollNavi\":false,\"sliderNextPrevAnimation\":\"animation\",\"galleryScrollPositionControll\":false,\"sliderVideoAutoPlay\":false,\"sliderTryPlayNext\":false,\"sliderVideoLoop\":false,\"sliderItemCounterEnable\":true,\"sliderItemTitleEnable\":false,\"sliderItemTitleFontSize\":18,\"sliderItemTitleTextColor\":\"rgba(255,255,255,1)\",\"itemCounterColor\":\"rgba(255,255,255,1)\",\"sliderThumbBarEnable\":true,\"sliderThumbBarHoverColor\":\"rgba(240,240,240,1)\",\"sliderBgColor\":\"rgba(0,0,0,0.8)\",\"sliderPreloaderColor\":\"rgba(240,240,240,1)\",\"sliderHeaderFooterBgColor\":\"rgba(0,0,0,0.4)\",\"sliderNavigationColor\":\"rgba(0,0,0,1)\",\"sliderNavigationColorOver\":\"rgba(255,255,255,1)\",\"sliderNavigationIconColor\":\"rgba(255,255,255,1)\",\"sliderNavigationIconColorOver\":\"rgba(0,0,0,1)\",\"sliderSlideshow\":true,\"sliderSlideshowDelay\":8,\"slideshowIndicatorColor\":\"rgba(255,255,255,1)\",\"slideshowIndicatorColorBg\":\"rgba(255,255,255,0.5)\",\"sliderThumbSubMenuBackgroundColor\":\"rgba(255,255,255,0)\",\"sliderThumbSubMenuBackgroundColorOver\":\"rgba(255,255,255,1)\",\"sliderThumbSubMenuIconColor\":\"rgba(255,255,255,1)\",\"sliderThumbSubMenuIconHoverColor\":\"rgba(0,0,0,1)\",\"sliderSocialShareEnabled\":true,\"sliderZoomEnable\":true,\"sliderFullscreenEnabled\":true,\"modaBgColor\":\"rgba(0,0,0,0.8)\",\"modalIconColor\":\"rgba(255,255,255,1)\",\"modalIconColorHover\":\"rgba(255,255,255,0.8)\",\"shareFacebook\":true,\"shareTwitter\":true,\"sharePinterest\":true,\"sliderItemDownload\":true,\"shareCopyLink\":true}","footnotes":""},"class_list":["post-201","page","type-page","status-publish","hentry"],"yoast_head":"<!-- This site is optimized with the Yoast SEO plugin v27.5 - https:\/\/yoast.com\/product\/yoast-seo-wordpress\/ -->\n<title>CANSALI Galeri - NEPTUN DEN\u0130ZC\u0130L\u0130K<\/title>\n<meta name=\"robots\" content=\"index, follow, max-snippet:-1, max-image-preview:large, max-video-preview:-1\" \/>\n<link rel=\"canonical\" href=\"https:\/\/neptunshipping.net\/tr\/?page_id=201\" \/>\n<meta property=\"og:locale\" content=\"tr_TR\" \/>\n<meta property=\"og:type\" content=\"article\" \/>\n<meta property=\"og:title\" content=\"CANSALI Galeri - NEPTUN DEN\u0130ZC\u0130L\u0130K\" \/>\n<meta property=\"og:url\" content=\"https:\/\/neptunshipping.net\/tr\/?page_id=201\" \/>\n<meta property=\"og:site_name\" content=\"NEPTUN DEN\u0130ZC\u0130L\u0130K\" \/>\n<meta property=\"article:modified_time\" content=\"2024-08-17T21:24:08+00:00\" \/>\n<meta property=\"og:image\" content=\"https:\/\/www.neptunshipping.net\/tr\/wp-content\/uploads\/2022\/03\/20.jpg\" \/>\n<meta name=\"twitter:card\" content=\"summary_large_image\" \/>\n<script type=\"application\/ld+json\" class=\"yoast-schema-graph\">{\"@context\":\"https:\\\/\\\/schema.org\",\"@graph\":[{\"@type\":\"WebPage\",\"@id\":\"https:\\\/\\\/neptunshipping.net\\\/tr\\\/?page_id=201\",\"url\":\"https:\\\/\\\/neptunshipping.net\\\/tr\\\/?page_id=201\",\"name\":\"CANSALI Galeri - NEPTUN DEN\u0130ZC\u0130L\u0130K\",\"isPartOf\":{\"@id\":\"https:\\\/\\\/neptunshipping.net\\\/tr\\\/#website\"},\"primaryImageOfPage\":{\"@id\":\"https:\\\/\\\/neptunshipping.net\\\/tr\\\/?page_id=201#primaryimage\"},\"image\":{\"@id\":\"https:\\\/\\\/neptunshipping.net\\\/tr\\\/?page_id=201#primaryimage\"},\"thumbnailUrl\":\"https:\\\/\\\/www.neptunshipping.net\\\/tr\\\/wp-content\\\/uploads\\\/2022\\\/03\\\/20.jpg\",\"datePublished\":\"2022-08-10T20:19:29+00:00\",\"dateModified\":\"2024-08-17T21:24:08+00:00\",\"breadcrumb\":{\"@id\":\"https:\\\/\\\/neptunshipping.net\\\/tr\\\/?page_id=201#breadcrumb\"},\"inLanguage\":\"tr\",\"potentialAction\":[{\"@type\":\"ReadAction\",\"target\":[\"https:\\\/\\\/neptunshipping.net\\\/tr\\\/?page_id=201\"]}]},{\"@type\":\"ImageObject\",\"inLanguage\":\"tr\",\"@id\":\"https:\\\/\\\/neptunshipping.net\\\/tr\\\/?page_id=201#primaryimage\",\"url\":\"https:\\\/\\\/www.neptunshipping.net\\\/tr\\\/wp-content\\\/uploads\\\/2022\\\/03\\\/20.jpg\",\"contentUrl\":\"https:\\\/\\\/www.neptunshipping.net\\\/tr\\\/wp-content\\\/uploads\\\/2022\\\/03\\\/20.jpg\"},{\"@type\":\"BreadcrumbList\",\"@id\":\"https:\\\/\\\/neptunshipping.net\\\/tr\\\/?page_id=201#breadcrumb\",\"itemListElement\":[{\"@type\":\"ListItem\",\"position\":1,\"name\":\"Anasayfa\",\"item\":\"https:\\\/\\\/neptunshipping.net\\\/tr\\\/\"},{\"@type\":\"ListItem\",\"position\":2,\"name\":\"CANSALI Galeri\"}]},{\"@type\":\"WebSite\",\"@id\":\"https:\\\/\\\/neptunshipping.net\\\/tr\\\/#website\",\"url\":\"https:\\\/\\\/neptunshipping.net\\\/tr\\\/\",\"name\":\"NEPTUN DEN\u0130ZC\u0130L\u0130K\",\"description\":\"MARINE FIRE FIGHTING, LIFERAFTS &amp; SAFETY EQUIPMENT\",\"potentialAction\":[{\"@type\":\"SearchAction\",\"target\":{\"@type\":\"EntryPoint\",\"urlTemplate\":\"https:\\\/\\\/neptunshipping.net\\\/tr\\\/?s={search_term_string}\"},\"query-input\":{\"@type\":\"PropertyValueSpecification\",\"valueRequired\":true,\"valueName\":\"search_term_string\"}}],\"inLanguage\":\"tr\"}]}<\/script>\n<!-- \/ Yoast SEO plugin. -->","yoast_head_json":{"title":"CANSALI Galeri - NEPTUN DEN\u0130ZC\u0130L\u0130K","robots":{"index":"index","follow":"follow","max-snippet":"max-snippet:-1","max-image-preview":"max-image-preview:large","max-video-preview":"max-video-preview:-1"},"canonical":"https:\/\/neptunshipping.net\/tr\/?page_id=201","og_locale":"tr_TR","og_type":"article","og_title":"CANSALI Galeri - NEPTUN DEN\u0130ZC\u0130L\u0130K","og_url":"https:\/\/neptunshipping.net\/tr\/?page_id=201","og_site_name":"NEPTUN DEN\u0130ZC\u0130L\u0130K","article_modified_time":"2024-08-17T21:24:08+00:00","og_image":[{"url":"https:\/\/www.neptunshipping.net\/tr\/wp-content\/uploads\/2022\/03\/20.jpg","type":"","width":"","height":""}],"twitter_card":"summary_large_image","schema":{"@context":"https:\/\/schema.org","@graph":[{"@type":"WebPage","@id":"https:\/\/neptunshipping.net\/tr\/?page_id=201","url":"https:\/\/neptunshipping.net\/tr\/?page_id=201","name":"CANSALI Galeri - NEPTUN DEN\u0130ZC\u0130L\u0130K","isPartOf":{"@id":"https:\/\/neptunshipping.net\/tr\/#website"},"primaryImageOfPage":{"@id":"https:\/\/neptunshipping.net\/tr\/?page_id=201#primaryimage"},"image":{"@id":"https:\/\/neptunshipping.net\/tr\/?page_id=201#primaryimage"},"thumbnailUrl":"https:\/\/www.neptunshipping.net\/tr\/wp-content\/uploads\/2022\/03\/20.jpg","datePublished":"2022-08-10T20:19:29+00:00","dateModified":"2024-08-17T21:24:08+00:00","breadcrumb":{"@id":"https:\/\/neptunshipping.net\/tr\/?page_id=201#breadcrumb"},"inLanguage":"tr","potentialAction":[{"@type":"ReadAction","target":["https:\/\/neptunshipping.net\/tr\/?page_id=201"]}]},{"@type":"ImageObject","inLanguage":"tr","@id":"https:\/\/neptunshipping.net\/tr\/?page_id=201#primaryimage","url":"https:\/\/www.neptunshipping.net\/tr\/wp-content\/uploads\/2022\/03\/20.jpg","contentUrl":"https:\/\/www.neptunshipping.net\/tr\/wp-content\/uploads\/2022\/03\/20.jpg"},{"@type":"BreadcrumbList","@id":"https:\/\/neptunshipping.net\/tr\/?page_id=201#breadcrumb","itemListElement":[{"@type":"ListItem","position":1,"name":"Anasayfa","item":"https:\/\/neptunshipping.net\/tr\/"},{"@type":"ListItem","position":2,"name":"CANSALI Galeri"}]},{"@type":"WebSite","@id":"https:\/\/neptunshipping.net\/tr\/#website","url":"https:\/\/neptunshipping.net\/tr\/","name":"NEPTUN DEN\u0130ZC\u0130L\u0130K","description":"MARINE FIRE FIGHTING, LIFERAFTS &amp; SAFETY EQUIPMENT","potentialAction":[{"@type":"SearchAction","target":{"@type":"EntryPoint","urlTemplate":"https:\/\/neptunshipping.net\/tr\/?s={search_term_string}"},"query-input":{"@type":"PropertyValueSpecification","valueRequired":true,"valueName":"search_term_string"}}],"inLanguage":"tr"}]}},"_links":{"self":[{"href":"https:\/\/neptunshipping.net\/tr\/index.php?rest_route=\/wp\/v2\/pages\/201","targetHints":{"allow":["GET"]}}],"collection":[{"href":"https:\/\/neptunshipping.net\/tr\/index.php?rest_route=\/wp\/v2\/pages"}],"about":[{"href":"https:\/\/neptunshipping.net\/tr\/index.php?rest_route=\/wp\/v2\/types\/page"}],"author":[{"embeddable":true,"href":"https:\/\/neptunshipping.net\/tr\/index.php?rest_route=\/wp\/v2\/users\/1"}],"replies":[{"embeddable":true,"href":"https:\/\/neptunshipping.net\/tr\/index.php?rest_route=%2Fwp%2Fv2%2Fcomments&post=201"}],"version-history":[{"count":7,"href":"https:\/\/neptunshipping.net\/tr\/index.php?rest_route=\/wp\/v2\/pages\/201\/revisions"}],"predecessor-version":[{"id":1256,"href":"https:\/\/neptunshipping.net\/tr\/index.php?rest_route=\/wp\/v2\/pages\/201\/revisions\/1256"}],"wp:attachment":[{"href":"https:\/\/neptunshipping.net\/tr\/index.php?rest_route=%2Fwp%2Fv2%2Fmedia&parent=201"}],"curies":[{"name":"wp","href":"https:\/\/api.w.org\/{rel}","templated":true}]}}