{"id":206,"date":"2022-08-10T23:26:43","date_gmt":"2022-08-10T20:26:43","guid":{"rendered":"https:\/\/neptunshipping.net\/tr\/?page_id=206&#038;lang=tr"},"modified":"2024-08-18T00:24:58","modified_gmt":"2024-08-17T21:24:58","slug":"crane-load-test","status":"publish","type":"page","link":"https:\/\/neptunshipping.net\/tr\/?page_id=206","title":{"rendered":"KRENY LOAD TEST Galeri"},"content":{"rendered":"<div class=\"pgc-sgb-cb wp-block-pgcsimplygalleryblock-grid \" data-gallery-id=\"83a17313\"><div class=\"sgb-preloader\" id=\"pr_83a17313\">\n\t<div class=\"sgb-square\" style=\"background:#d4d4d4\"><\/div>\n\t<div class=\"sgb-square\" style=\"background:#d4d4d4\"><\/div>\n\t<div class=\"sgb-square\" style=\"background:#d4d4d4\"><\/div>\n\t<div class=\"sgb-square\" style=\"background:#d4d4d4\"><\/div><\/div><div class=\"simply-gallery-amp pgc_sgb_slider \"><noscript><div class=\"sgb-gallery\"><div class=\"sgb-item\"><a href=\"https:\/\/www.neptunshipping.net\/tr\/wp-content\/uploads\/2014\/07\/112.jpg\"><img loading=\"lazy\" decoding=\"async\" alt=\"\" width=\"300\" height=\"300\" loading=\"lazy\" src=\"https:\/\/www.neptunshipping.net\/tr\/wp-content\/uploads\/2014\/07\/112.jpg\" srcset=\",https:\/\/www.neptunshipping.net\/tr\/wp-content\/uploads\/2014\/07\/112.jpg 300w\" sizes=\"auto, 250px\"\/><\/a><\/div><div class=\"sgb-item\"><a href=\"https:\/\/www.neptunshipping.net\/tr\/wp-content\/uploads\/2014\/07\/210.jpg\"><img loading=\"lazy\" decoding=\"async\" alt=\"\" width=\"300\" height=\"300\" loading=\"lazy\" src=\"https:\/\/www.neptunshipping.net\/tr\/wp-content\/uploads\/2014\/07\/210.jpg\" srcset=\",https:\/\/www.neptunshipping.net\/tr\/wp-content\/uploads\/2014\/07\/210.jpg 300w\" sizes=\"auto, 250px\"\/><\/a><\/div><div class=\"sgb-item\"><a href=\"https:\/\/www.neptunshipping.net\/tr\/wp-content\/uploads\/2014\/07\/32.jpg\"><img loading=\"lazy\" decoding=\"async\" alt=\"\" width=\"300\" height=\"300\" loading=\"lazy\" src=\"https:\/\/www.neptunshipping.net\/tr\/wp-content\/uploads\/2014\/07\/32.jpg\" srcset=\",https:\/\/www.neptunshipping.net\/tr\/wp-content\/uploads\/2014\/07\/32.jpg 300w\" sizes=\"auto, 250px\"\/><\/a><\/div><div class=\"sgb-item\"><a href=\"https:\/\/www.neptunshipping.net\/tr\/wp-content\/uploads\/2014\/07\/42.jpg\"><img loading=\"lazy\" decoding=\"async\" alt=\"\" width=\"300\" height=\"300\" loading=\"lazy\" src=\"https:\/\/www.neptunshipping.net\/tr\/wp-content\/uploads\/2014\/07\/42.jpg\" srcset=\",https:\/\/www.neptunshipping.net\/tr\/wp-content\/uploads\/2014\/07\/42.jpg 300w\" sizes=\"auto, 250px\"\/><\/a><\/div><div class=\"sgb-item\"><a href=\"https:\/\/www.neptunshipping.net\/tr\/wp-content\/uploads\/2014\/07\/52.jpg\"><img loading=\"lazy\" decoding=\"async\" alt=\"\" width=\"300\" height=\"300\" loading=\"lazy\" src=\"https:\/\/www.neptunshipping.net\/tr\/wp-content\/uploads\/2014\/07\/52.jpg\" srcset=\",https:\/\/www.neptunshipping.net\/tr\/wp-content\/uploads\/2014\/07\/52.jpg 300w\" sizes=\"auto, 250px\"\/><\/a><\/div><div class=\"sgb-item\"><a href=\"https:\/\/www.neptunshipping.net\/tr\/wp-content\/uploads\/2014\/07\/62.jpg\"><img loading=\"lazy\" decoding=\"async\" alt=\"\" width=\"300\" height=\"300\" loading=\"lazy\" src=\"https:\/\/www.neptunshipping.net\/tr\/wp-content\/uploads\/2014\/07\/62.jpg\" srcset=\",https:\/\/www.neptunshipping.net\/tr\/wp-content\/uploads\/2014\/07\/62.jpg 300w\" sizes=\"auto, 250px\"\/><\/a><\/div><div class=\"sgb-item\"><a href=\"https:\/\/www.neptunshipping.net\/tr\/wp-content\/uploads\/2014\/07\/72.jpg\"><img loading=\"lazy\" decoding=\"async\" alt=\"\" width=\"300\" height=\"300\" loading=\"lazy\" src=\"https:\/\/www.neptunshipping.net\/tr\/wp-content\/uploads\/2014\/07\/72.jpg\" srcset=\",https:\/\/www.neptunshipping.net\/tr\/wp-content\/uploads\/2014\/07\/72.jpg 300w\" sizes=\"auto, 250px\"\/><\/a><\/div><\/div><\/noscript><\/div><script type=\"application\/json\" class=\"sgb-data\">{\"galleryType\":\"pgc_sgb_grid\",\"galleryId\":\"83a17313\",\"images\":[{\"id\":278,\"title\":\"1\",\"url\":\"https:\/\/www.neptunshipping.net\/tr\/wp-content\/uploads\/2014\/07\/112.jpg\",\"link\":\"https:\/\/neptunshipping.net\/tr\/?attachment_id=278\",\"alt\":\"\",\"description\":\"\",\"caption\":\"\",\"mime\":\"image\/jpeg\",\"type\":\"image\",\"meta\":false},{\"id\":279,\"title\":\"2\",\"url\":\"https:\/\/www.neptunshipping.net\/tr\/wp-content\/uploads\/2014\/07\/210.jpg\",\"link\":\"https:\/\/neptunshipping.net\/tr\/?attachment_id=279\",\"alt\":\"\",\"description\":\"\",\"caption\":\"\",\"mime\":\"image\/jpeg\",\"type\":\"image\",\"meta\":false},{\"id\":280,\"title\":\"3\",\"url\":\"https:\/\/www.neptunshipping.net\/tr\/wp-content\/uploads\/2014\/07\/32.jpg\",\"link\":\"https:\/\/neptunshipping.net\/tr\/?attachment_id=280\",\"alt\":\"\",\"description\":\"\",\"caption\":\"\",\"mime\":\"image\/jpeg\",\"type\":\"image\",\"meta\":false},{\"id\":281,\"title\":\"4\",\"url\":\"https:\/\/www.neptunshipping.net\/tr\/wp-content\/uploads\/2014\/07\/42.jpg\",\"link\":\"https:\/\/neptunshipping.net\/tr\/?attachment_id=281\",\"alt\":\"\",\"description\":\"\",\"caption\":\"\",\"mime\":\"image\/jpeg\",\"type\":\"image\",\"meta\":false},{\"id\":282,\"title\":\"5\",\"url\":\"https:\/\/www.neptunshipping.net\/tr\/wp-content\/uploads\/2014\/07\/52.jpg\",\"link\":\"https:\/\/neptunshipping.net\/tr\/?attachment_id=282\",\"alt\":\"\",\"description\":\"\",\"caption\":\"\",\"mime\":\"image\/jpeg\",\"type\":\"image\",\"meta\":false},{\"id\":283,\"title\":\"6\",\"url\":\"https:\/\/www.neptunshipping.net\/tr\/wp-content\/uploads\/2014\/07\/62.jpg\",\"link\":\"https:\/\/neptunshipping.net\/tr\/?attachment_id=283\",\"alt\":\"\",\"description\":\"\",\"caption\":\"\",\"mime\":\"image\/jpeg\",\"type\":\"image\",\"meta\":false},{\"id\":284,\"title\":\"7\",\"url\":\"https:\/\/www.neptunshipping.net\/tr\/wp-content\/uploads\/2014\/07\/72.jpg\",\"link\":\"https:\/\/neptunshipping.net\/tr\/?attachment_id=284\",\"alt\":\"\",\"description\":\"\",\"caption\":\"\",\"mime\":\"image\/jpeg\",\"type\":\"image\",\"meta\":false}],\"itemsMetaDataCollection\":[]}<\/script><script>(function(){if(window.PGC_SGB && window.PGC_SGB.searcher){window.PGC_SGB.searcher.initBlocks()}})()<\/script><\/div>","protected":false},"excerpt":{"rendered":"","protected":false},"author":1,"featured_media":0,"parent":0,"menu_order":0,"comment_status":"closed","ping_status":"closed","template":"","meta":{"_sitemap_exclude":false,"_sitemap_priority":"","_sitemap_frequency":"","pgc_sgb_lightbox_settings":"","footnotes":""},"class_list":["post-206","page","type-page","status-publish","hentry"],"yoast_head":"<!-- This site is optimized with the Yoast SEO plugin v27.5 - https:\/\/yoast.com\/product\/yoast-seo-wordpress\/ -->\n<title>KRENY LOAD TEST Galeri - NEPTUN DEN\u0130ZC\u0130L\u0130K<\/title>\n<meta name=\"robots\" content=\"index, follow, max-snippet:-1, max-image-preview:large, max-video-preview:-1\" \/>\n<link rel=\"canonical\" href=\"https:\/\/neptunshipping.net\/tr\/?page_id=206\" \/>\n<meta property=\"og:locale\" content=\"tr_TR\" \/>\n<meta property=\"og:type\" content=\"article\" \/>\n<meta property=\"og:title\" content=\"KRENY LOAD TEST Galeri - NEPTUN DEN\u0130ZC\u0130L\u0130K\" \/>\n<meta property=\"og:url\" content=\"https:\/\/neptunshipping.net\/tr\/?page_id=206\" \/>\n<meta property=\"og:site_name\" content=\"NEPTUN DEN\u0130ZC\u0130L\u0130K\" \/>\n<meta property=\"article:modified_time\" content=\"2024-08-17T21:24:58+00:00\" \/>\n<meta property=\"og:image\" content=\"https:\/\/www.neptunshipping.net\/tr\/wp-content\/uploads\/2014\/07\/112.jpg\" \/>\n<meta name=\"twitter:card\" content=\"summary_large_image\" \/>\n<script type=\"application\/ld+json\" class=\"yoast-schema-graph\">{\"@context\":\"https:\\\/\\\/schema.org\",\"@graph\":[{\"@type\":\"WebPage\",\"@id\":\"https:\\\/\\\/neptunshipping.net\\\/tr\\\/?page_id=206\",\"url\":\"https:\\\/\\\/neptunshipping.net\\\/tr\\\/?page_id=206\",\"name\":\"KRENY LOAD TEST Galeri - NEPTUN DEN\u0130ZC\u0130L\u0130K\",\"isPartOf\":{\"@id\":\"https:\\\/\\\/neptunshipping.net\\\/tr\\\/#website\"},\"primaryImageOfPage\":{\"@id\":\"https:\\\/\\\/neptunshipping.net\\\/tr\\\/?page_id=206#primaryimage\"},\"image\":{\"@id\":\"https:\\\/\\\/neptunshipping.net\\\/tr\\\/?page_id=206#primaryimage\"},\"thumbnailUrl\":\"https:\\\/\\\/www.neptunshipping.net\\\/tr\\\/wp-content\\\/uploads\\\/2014\\\/07\\\/112.jpg\",\"datePublished\":\"2022-08-10T20:26:43+00:00\",\"dateModified\":\"2024-08-17T21:24:58+00:00\",\"breadcrumb\":{\"@id\":\"https:\\\/\\\/neptunshipping.net\\\/tr\\\/?page_id=206#breadcrumb\"},\"inLanguage\":\"tr\",\"potentialAction\":[{\"@type\":\"ReadAction\",\"target\":[\"https:\\\/\\\/neptunshipping.net\\\/tr\\\/?page_id=206\"]}]},{\"@type\":\"ImageObject\",\"inLanguage\":\"tr\",\"@id\":\"https:\\\/\\\/neptunshipping.net\\\/tr\\\/?page_id=206#primaryimage\",\"url\":\"https:\\\/\\\/www.neptunshipping.net\\\/tr\\\/wp-content\\\/uploads\\\/2014\\\/07\\\/112.jpg\",\"contentUrl\":\"https:\\\/\\\/www.neptunshipping.net\\\/tr\\\/wp-content\\\/uploads\\\/2014\\\/07\\\/112.jpg\"},{\"@type\":\"BreadcrumbList\",\"@id\":\"https:\\\/\\\/neptunshipping.net\\\/tr\\\/?page_id=206#breadcrumb\",\"itemListElement\":[{\"@type\":\"ListItem\",\"position\":1,\"name\":\"Anasayfa\",\"item\":\"https:\\\/\\\/neptunshipping.net\\\/tr\\\/\"},{\"@type\":\"ListItem\",\"position\":2,\"name\":\"KRENY LOAD TEST Galeri\"}]},{\"@type\":\"WebSite\",\"@id\":\"https:\\\/\\\/neptunshipping.net\\\/tr\\\/#website\",\"url\":\"https:\\\/\\\/neptunshipping.net\\\/tr\\\/\",\"name\":\"NEPTUN DEN\u0130ZC\u0130L\u0130K\",\"description\":\"MARINE FIRE FIGHTING, LIFERAFTS &amp; SAFETY EQUIPMENT\",\"potentialAction\":[{\"@type\":\"SearchAction\",\"target\":{\"@type\":\"EntryPoint\",\"urlTemplate\":\"https:\\\/\\\/neptunshipping.net\\\/tr\\\/?s={search_term_string}\"},\"query-input\":{\"@type\":\"PropertyValueSpecification\",\"valueRequired\":true,\"valueName\":\"search_term_string\"}}],\"inLanguage\":\"tr\"}]}<\/script>\n<!-- \/ Yoast SEO plugin. -->","yoast_head_json":{"title":"KRENY LOAD TEST Galeri - NEPTUN DEN\u0130ZC\u0130L\u0130K","robots":{"index":"index","follow":"follow","max-snippet":"max-snippet:-1","max-image-preview":"max-image-preview:large","max-video-preview":"max-video-preview:-1"},"canonical":"https:\/\/neptunshipping.net\/tr\/?page_id=206","og_locale":"tr_TR","og_type":"article","og_title":"KRENY LOAD TEST Galeri - NEPTUN DEN\u0130ZC\u0130L\u0130K","og_url":"https:\/\/neptunshipping.net\/tr\/?page_id=206","og_site_name":"NEPTUN DEN\u0130ZC\u0130L\u0130K","article_modified_time":"2024-08-17T21:24:58+00:00","og_image":[{"url":"https:\/\/www.neptunshipping.net\/tr\/wp-content\/uploads\/2014\/07\/112.jpg","type":"","width":"","height":""}],"twitter_card":"summary_large_image","schema":{"@context":"https:\/\/schema.org","@graph":[{"@type":"WebPage","@id":"https:\/\/neptunshipping.net\/tr\/?page_id=206","url":"https:\/\/neptunshipping.net\/tr\/?page_id=206","name":"KRENY LOAD TEST Galeri - NEPTUN DEN\u0130ZC\u0130L\u0130K","isPartOf":{"@id":"https:\/\/neptunshipping.net\/tr\/#website"},"primaryImageOfPage":{"@id":"https:\/\/neptunshipping.net\/tr\/?page_id=206#primaryimage"},"image":{"@id":"https:\/\/neptunshipping.net\/tr\/?page_id=206#primaryimage"},"thumbnailUrl":"https:\/\/www.neptunshipping.net\/tr\/wp-content\/uploads\/2014\/07\/112.jpg","datePublished":"2022-08-10T20:26:43+00:00","dateModified":"2024-08-17T21:24:58+00:00","breadcrumb":{"@id":"https:\/\/neptunshipping.net\/tr\/?page_id=206#breadcrumb"},"inLanguage":"tr","potentialAction":[{"@type":"ReadAction","target":["https:\/\/neptunshipping.net\/tr\/?page_id=206"]}]},{"@type":"ImageObject","inLanguage":"tr","@id":"https:\/\/neptunshipping.net\/tr\/?page_id=206#primaryimage","url":"https:\/\/www.neptunshipping.net\/tr\/wp-content\/uploads\/2014\/07\/112.jpg","contentUrl":"https:\/\/www.neptunshipping.net\/tr\/wp-content\/uploads\/2014\/07\/112.jpg"},{"@type":"BreadcrumbList","@id":"https:\/\/neptunshipping.net\/tr\/?page_id=206#breadcrumb","itemListElement":[{"@type":"ListItem","position":1,"name":"Anasayfa","item":"https:\/\/neptunshipping.net\/tr\/"},{"@type":"ListItem","position":2,"name":"KRENY LOAD TEST Galeri"}]},{"@type":"WebSite","@id":"https:\/\/neptunshipping.net\/tr\/#website","url":"https:\/\/neptunshipping.net\/tr\/","name":"NEPTUN DEN\u0130ZC\u0130L\u0130K","description":"MARINE FIRE FIGHTING, LIFERAFTS &amp; SAFETY EQUIPMENT","potentialAction":[{"@type":"SearchAction","target":{"@type":"EntryPoint","urlTemplate":"https:\/\/neptunshipping.net\/tr\/?s={search_term_string}"},"query-input":{"@type":"PropertyValueSpecification","valueRequired":true,"valueName":"search_term_string"}}],"inLanguage":"tr"}]}},"_links":{"self":[{"href":"https:\/\/neptunshipping.net\/tr\/index.php?rest_route=\/wp\/v2\/pages\/206","targetHints":{"allow":["GET"]}}],"collection":[{"href":"https:\/\/neptunshipping.net\/tr\/index.php?rest_route=\/wp\/v2\/pages"}],"about":[{"href":"https:\/\/neptunshipping.net\/tr\/index.php?rest_route=\/wp\/v2\/types\/page"}],"author":[{"embeddable":true,"href":"https:\/\/neptunshipping.net\/tr\/index.php?rest_route=\/wp\/v2\/users\/1"}],"replies":[{"embeddable":true,"href":"https:\/\/neptunshipping.net\/tr\/index.php?rest_route=%2Fwp%2Fv2%2Fcomments&post=206"}],"version-history":[{"count":5,"href":"https:\/\/neptunshipping.net\/tr\/index.php?rest_route=\/wp\/v2\/pages\/206\/revisions"}],"predecessor-version":[{"id":1258,"href":"https:\/\/neptunshipping.net\/tr\/index.php?rest_route=\/wp\/v2\/pages\/206\/revisions\/1258"}],"wp:attachment":[{"href":"https:\/\/neptunshipping.net\/tr\/index.php?rest_route=%2Fwp%2Fv2%2Fmedia&parent=206"}],"curies":[{"name":"wp","href":"https:\/\/api.w.org\/{rel}","templated":true}]}}