{"id":26,"date":"2022-08-10T22:56:20","date_gmt":"2022-08-10T19:56:20","guid":{"rendered":"https:\/\/neptunshipping.net\/tr\/?page_id=26&#038;lang=tr"},"modified":"2025-12-30T15:37:57","modified_gmt":"2025-12-30T12:37:57","slug":"class-yetkileri","status":"publish","type":"page","link":"https:\/\/neptunshipping.net\/tr\/?page_id=26","title":{"rendered":"Class Yetkileri"},"content":{"rendered":"\t\t<div data-elementor-type=\"wp-page\" data-elementor-id=\"26\" class=\"elementor elementor-26\">\n\t\t\t\t\t\t<section class=\"elementor-section elementor-top-section elementor-element elementor-element-e5c32f0 elementor-section-boxed elementor-section-height-default elementor-section-height-default\" data-id=\"e5c32f0\" data-element_type=\"section\" data-e-type=\"section\">\n\t\t\t\t\t\t<div class=\"elementor-container elementor-column-gap-default\">\n\t\t\t\t\t<div class=\"elementor-column elementor-col-100 elementor-top-column elementor-element elementor-element-797ec608\" data-id=\"797ec608\" data-element_type=\"column\" data-e-type=\"column\">\n\t\t\t<div class=\"elementor-widget-wrap elementor-element-populated\">\n\t\t\t\t\t\t<div class=\"elementor-element elementor-element-3d8facbe elementor-widget elementor-widget-text-editor\" data-id=\"3d8facbe\" data-element_type=\"widget\" data-e-type=\"widget\" data-widget_type=\"text-editor.default\">\n\t\t\t\t<div class=\"elementor-widget-container\">\n\t\t\t\t\t\t\t\t\t<p><div class=\"pgc-sgb-cb wp-block-pgcsimplygalleryblock-masonry \" data-gallery-id=\"fa709092\"><div class=\"sgb-preloader\" id=\"pr_fa709092\">\n\t<div class=\"sgb-square\" style=\"background:#d4d4d4\"><\/div>\n\t<div class=\"sgb-square\" style=\"background:#d4d4d4\"><\/div>\n\t<div class=\"sgb-square\" style=\"background:#d4d4d4\"><\/div>\n\t<div class=\"sgb-square\" style=\"background:#d4d4d4\"><\/div><\/div><div class=\"simply-gallery-amp pgc_sgb_slider \"><noscript><div class=\"sgb-gallery\"><div class=\"sgb-item\"><a href=\"https:\/\/neptunshipping.net\/tr\/?attachment_id=1291\" target=\"_blank\"><img loading=\"lazy\" decoding=\"async\" alt=\"\" width=\"205\" height=\"300\" loading=\"lazy\" src=\"https:\/\/neptunshipping.net\/tr\/wp-content\/uploads\/2024\/11\/certveritas-205x300.jpg\" srcset=\"https:\/\/neptunshipping.net\/tr\/wp-content\/uploads\/2024\/11\/certveritas-205x300.jpg 205w,https:\/\/neptunshipping.net\/tr\/wp-content\/uploads\/2024\/11\/certveritas-701x1024.jpg 701w,https:\/\/neptunshipping.net\/tr\/wp-content\/uploads\/2024\/11\/certveritas.jpg 1400w\" sizes=\"auto, 250px\"\/><\/a><\/div><div class=\"sgb-item\"><a href=\"https:\/\/neptunshipping.net\/tr\/?attachment_id=1288\" target=\"_blank\"><img loading=\"lazy\" decoding=\"async\" alt=\"\" width=\"203\" height=\"300\" loading=\"lazy\" src=\"https:\/\/neptunshipping.net\/tr\/wp-content\/uploads\/2024\/11\/BUREAU-VERITAS-APPROVAL-FIRE_Sayfa_1-203x300.jpg\" srcset=\"https:\/\/neptunshipping.net\/tr\/wp-content\/uploads\/2024\/11\/BUREAU-VERITAS-APPROVAL-FIRE_Sayfa_1-203x300.jpg 203w,https:\/\/neptunshipping.net\/tr\/wp-content\/uploads\/2024\/11\/BUREAU-VERITAS-APPROVAL-FIRE_Sayfa_1-693x1024.jpg 693w,https:\/\/neptunshipping.net\/tr\/wp-content\/uploads\/2024\/11\/BUREAU-VERITAS-APPROVAL-FIRE_Sayfa_1.jpg 1403w\" sizes=\"auto, 250px\"\/><\/a><\/div><div class=\"sgb-item\"><a href=\"https:\/\/neptunshipping.net\/tr\/?attachment_id=1289\" target=\"_blank\"><img loading=\"lazy\" decoding=\"async\" alt=\"\" width=\"203\" height=\"300\" loading=\"lazy\" src=\"https:\/\/neptunshipping.net\/tr\/wp-content\/uploads\/2024\/11\/BUREAU-VERITAS-APPROVAL-FIRE_Sayfa_2-203x300.jpg\" srcset=\"https:\/\/neptunshipping.net\/tr\/wp-content\/uploads\/2024\/11\/BUREAU-VERITAS-APPROVAL-FIRE_Sayfa_2-203x300.jpg 203w,https:\/\/neptunshipping.net\/tr\/wp-content\/uploads\/2024\/11\/BUREAU-VERITAS-APPROVAL-FIRE_Sayfa_2-691x1024.jpg 691w,https:\/\/neptunshipping.net\/tr\/wp-content\/uploads\/2024\/11\/BUREAU-VERITAS-APPROVAL-FIRE_Sayfa_2.jpg 1403w\" sizes=\"auto, 250px\"\/><\/a><\/div><div class=\"sgb-item\"><a href=\"https:\/\/neptunshipping.net\/tr\/?attachment_id=1290\" target=\"_blank\"><img loading=\"lazy\" decoding=\"async\" alt=\"\" width=\"192\" height=\"300\" loading=\"lazy\" src=\"https:\/\/neptunshipping.net\/tr\/wp-content\/uploads\/2024\/11\/BUREAU-VERITAS-APPROVAL-FIRE_Sayfa_3-192x300.jpg\" srcset=\"https:\/\/neptunshipping.net\/tr\/wp-content\/uploads\/2024\/11\/BUREAU-VERITAS-APPROVAL-FIRE_Sayfa_3-192x300.jpg 192w,https:\/\/neptunshipping.net\/tr\/wp-content\/uploads\/2024\/11\/BUREAU-VERITAS-APPROVAL-FIRE_Sayfa_3-657x1024.jpg 657w,https:\/\/neptunshipping.net\/tr\/wp-content\/uploads\/2024\/11\/BUREAU-VERITAS-APPROVAL-FIRE_Sayfa_3.jpg 1331w\" sizes=\"auto, 250px\"\/><\/a><\/div><div class=\"sgb-item\"><a href=\"https:\/\/neptunshipping.net\/tr\/?attachment_id=1282\" target=\"_blank\"><img loading=\"lazy\" decoding=\"async\" alt=\"\" width=\"232\" height=\"300\" loading=\"lazy\" src=\"https:\/\/neptunshipping.net\/tr\/wp-content\/uploads\/2024\/10\/NEPTUN-FIRE-IRS-KLAS-1-232x300.jpg\" srcset=\"https:\/\/neptunshipping.net\/tr\/wp-content\/uploads\/2024\/10\/NEPTUN-FIRE-IRS-KLAS-1-232x300.jpg 232w,https:\/\/neptunshipping.net\/tr\/wp-content\/uploads\/2024\/10\/NEPTUN-FIRE-IRS-KLAS-1-791x1024.jpg 791w,https:\/\/neptunshipping.net\/tr\/wp-content\/uploads\/2024\/10\/NEPTUN-FIRE-IRS-KLAS-1.jpg 1700w\" sizes=\"auto, 250px\"\/><\/a><\/div><div class=\"sgb-item\"><a href=\"https:\/\/neptunshipping.net\/tr\/?attachment_id=909\" target=\"_blank\"><img loading=\"lazy\" decoding=\"async\" alt=\"\" width=\"300\" height=\"300\" loading=\"lazy\" src=\"https:\/\/www.neptunshipping.net\/tr\/wp-content\/uploads\/2022\/03\/CLASSNK-NEPTUN-19.12.2026_page-0001.jpg\" srcset=\",https:\/\/www.neptunshipping.net\/tr\/wp-content\/uploads\/2022\/03\/CLASSNK-NEPTUN-19.12.2026_page-0001.jpg 300w\" sizes=\"auto, 250px\"\/><\/a><\/div><div class=\"sgb-item\"><a href=\"https:\/\/neptunshipping.net\/tr\/?attachment_id=1186\" target=\"_blank\"><img loading=\"lazy\" decoding=\"async\" alt=\"\" width=\"212\" height=\"300\" loading=\"lazy\" src=\"https:\/\/neptunshipping.net\/tr\/wp-content\/uploads\/2024\/08\/NEPTUN-TSE-29.12.2024-212x300.jpg\" srcset=\"https:\/\/neptunshipping.net\/tr\/wp-content\/uploads\/2024\/08\/NEPTUN-TSE-29.12.2024-212x300.jpg 212w,https:\/\/neptunshipping.net\/tr\/wp-content\/uploads\/2024\/08\/NEPTUN-TSE-29.12.2024-724x1024.jpg 724w,https:\/\/neptunshipping.net\/tr\/wp-content\/uploads\/2024\/08\/NEPTUN-TSE-29.12.2024.jpg 1654w\" sizes=\"auto, 250px\"\/><\/a><\/div><div class=\"sgb-item\"><a href=\"https:\/\/neptunshipping.net\/tr\/?attachment_id=825\" target=\"_blank\"><img loading=\"lazy\" decoding=\"async\" alt=\"\" width=\"300\" height=\"300\" loading=\"lazy\" src=\"https:\/\/www.neptunshipping.net\/tr\/wp-content\/uploads\/2014\/06\/TSE-FCB-BELGE-page-001_453x640.jpg\" srcset=\",https:\/\/www.neptunshipping.net\/tr\/wp-content\/uploads\/2014\/06\/TSE-FCB-BELGE-page-001_453x640.jpg 300w\" sizes=\"auto, 250px\"\/><\/a><\/div><\/div><\/noscript><\/div><script type=\"application\/json\" class=\"sgb-data\">{\"loadingAttachments\":true,\"galleryType\":\"pgc_sgb_masonry\",\"galleryId\":\"fa709092\",\"images\":[{\"id\":1291,\"title\":\"certveritas\",\"url\":\"https:\/\/neptunshipping.net\/tr\/wp-content\/uploads\/2024\/11\/certveritas.jpg\",\"link\":\"https:\/\/neptunshipping.net\/tr\/?attachment_id=1291\",\"alt\":\"\",\"description\":\"\",\"caption\":\"\",\"mime\":\"image\/jpeg\",\"type\":\"image\",\"width\":1400,\"height\":2045,\"sizes\":{\"thumbnail\":{\"height\":150,\"width\":150,\"url\":\"https:\/\/neptunshipping.net\/tr\/wp-content\/uploads\/2024\/11\/certveritas-150x150.jpg\",\"orientation\":\"landscape\"},\"medium\":{\"height\":300,\"width\":205,\"url\":\"https:\/\/neptunshipping.net\/tr\/wp-content\/uploads\/2024\/11\/certveritas-205x300.jpg\",\"orientation\":\"portrait\"},\"large\":{\"height\":1024,\"width\":701,\"url\":\"https:\/\/neptunshipping.net\/tr\/wp-content\/uploads\/2024\/11\/certveritas-701x1024.jpg\",\"orientation\":\"portrait\"},\"full\":{\"url\":\"https:\/\/neptunshipping.net\/tr\/wp-content\/uploads\/2024\/11\/certveritas.jpg\",\"height\":2045,\"width\":1400,\"orientation\":\"portrait\"}},\"imageMeta\":{\"aperture\":\"0\",\"credit\":\"\",\"camera\":\"\",\"caption\":\"\",\"created_timestamp\":\"0\",\"copyright\":\"\",\"focal_length\":\"0\",\"iso\":\"0\",\"shutter_speed\":\"0\",\"title\":\"\",\"orientation\":\"0\",\"keywords\":[]},\"meta\":false,\"postlink\":\"https:\/\/neptunshipping.net\/tr\/?attachment_id=1291\"},{\"id\":1288,\"title\":\"BUREAU VERITAS APPROVAL FIRE_Sayfa_1\",\"url\":\"https:\/\/neptunshipping.net\/tr\/wp-content\/uploads\/2024\/11\/BUREAU-VERITAS-APPROVAL-FIRE_Sayfa_1.jpg\",\"link\":\"https:\/\/neptunshipping.net\/tr\/?attachment_id=1288\",\"alt\":\"\",\"description\":\"\",\"caption\":\"\",\"mime\":\"image\/jpeg\",\"type\":\"image\",\"width\":1403,\"height\":2072,\"sizes\":{\"thumbnail\":{\"height\":150,\"width\":150,\"url\":\"https:\/\/neptunshipping.net\/tr\/wp-content\/uploads\/2024\/11\/BUREAU-VERITAS-APPROVAL-FIRE_Sayfa_1-150x150.jpg\",\"orientation\":\"landscape\"},\"medium\":{\"height\":300,\"width\":203,\"url\":\"https:\/\/neptunshipping.net\/tr\/wp-content\/uploads\/2024\/11\/BUREAU-VERITAS-APPROVAL-FIRE_Sayfa_1-203x300.jpg\",\"orientation\":\"portrait\"},\"large\":{\"height\":1024,\"width\":693,\"url\":\"https:\/\/neptunshipping.net\/tr\/wp-content\/uploads\/2024\/11\/BUREAU-VERITAS-APPROVAL-FIRE_Sayfa_1-693x1024.jpg\",\"orientation\":\"portrait\"},\"full\":{\"url\":\"https:\/\/neptunshipping.net\/tr\/wp-content\/uploads\/2024\/11\/BUREAU-VERITAS-APPROVAL-FIRE_Sayfa_1.jpg\",\"height\":2072,\"width\":1403,\"orientation\":\"portrait\"}},\"imageMeta\":{\"aperture\":\"0\",\"credit\":\"\",\"camera\":\"\",\"caption\":\"\",\"created_timestamp\":\"0\",\"copyright\":\"\",\"focal_length\":\"0\",\"iso\":\"0\",\"shutter_speed\":\"0\",\"title\":\"\",\"orientation\":\"0\",\"keywords\":[]},\"meta\":false,\"postlink\":\"https:\/\/neptunshipping.net\/tr\/?attachment_id=1288\"},{\"id\":1289,\"title\":\"BUREAU VERITAS APPROVAL FIRE_Sayfa_2\",\"url\":\"https:\/\/neptunshipping.net\/tr\/wp-content\/uploads\/2024\/11\/BUREAU-VERITAS-APPROVAL-FIRE_Sayfa_2.jpg\",\"link\":\"https:\/\/neptunshipping.net\/tr\/?attachment_id=1289\",\"alt\":\"\",\"description\":\"\",\"caption\":\"\",\"mime\":\"image\/jpeg\",\"type\":\"image\",\"width\":1403,\"height\":2078,\"sizes\":{\"thumbnail\":{\"height\":150,\"width\":150,\"url\":\"https:\/\/neptunshipping.net\/tr\/wp-content\/uploads\/2024\/11\/BUREAU-VERITAS-APPROVAL-FIRE_Sayfa_2-150x150.jpg\",\"orientation\":\"landscape\"},\"medium\":{\"height\":300,\"width\":203,\"url\":\"https:\/\/neptunshipping.net\/tr\/wp-content\/uploads\/2024\/11\/BUREAU-VERITAS-APPROVAL-FIRE_Sayfa_2-203x300.jpg\",\"orientation\":\"portrait\"},\"large\":{\"height\":1024,\"width\":691,\"url\":\"https:\/\/neptunshipping.net\/tr\/wp-content\/uploads\/2024\/11\/BUREAU-VERITAS-APPROVAL-FIRE_Sayfa_2-691x1024.jpg\",\"orientation\":\"portrait\"},\"full\":{\"url\":\"https:\/\/neptunshipping.net\/tr\/wp-content\/uploads\/2024\/11\/BUREAU-VERITAS-APPROVAL-FIRE_Sayfa_2.jpg\",\"height\":2078,\"width\":1403,\"orientation\":\"portrait\"}},\"imageMeta\":{\"aperture\":\"0\",\"credit\":\"\",\"camera\":\"\",\"caption\":\"\",\"created_timestamp\":\"0\",\"copyright\":\"\",\"focal_length\":\"0\",\"iso\":\"0\",\"shutter_speed\":\"0\",\"title\":\"\",\"orientation\":\"0\",\"keywords\":[]},\"meta\":false,\"postlink\":\"https:\/\/neptunshipping.net\/tr\/?attachment_id=1289\"},{\"id\":1290,\"title\":\"BUREAU VERITAS APPROVAL FIRE_Sayfa_3\",\"url\":\"https:\/\/neptunshipping.net\/tr\/wp-content\/uploads\/2024\/11\/BUREAU-VERITAS-APPROVAL-FIRE_Sayfa_3.jpg\",\"link\":\"https:\/\/neptunshipping.net\/tr\/?attachment_id=1290\",\"alt\":\"\",\"description\":\"\",\"caption\":\"\",\"mime\":\"image\/jpeg\",\"type\":\"image\",\"width\":1331,\"height\":2075,\"sizes\":{\"thumbnail\":{\"height\":150,\"width\":150,\"url\":\"https:\/\/neptunshipping.net\/tr\/wp-content\/uploads\/2024\/11\/BUREAU-VERITAS-APPROVAL-FIRE_Sayfa_3-150x150.jpg\",\"orientation\":\"landscape\"},\"medium\":{\"height\":300,\"width\":192,\"url\":\"https:\/\/neptunshipping.net\/tr\/wp-content\/uploads\/2024\/11\/BUREAU-VERITAS-APPROVAL-FIRE_Sayfa_3-192x300.jpg\",\"orientation\":\"portrait\"},\"large\":{\"height\":1024,\"width\":657,\"url\":\"https:\/\/neptunshipping.net\/tr\/wp-content\/uploads\/2024\/11\/BUREAU-VERITAS-APPROVAL-FIRE_Sayfa_3-657x1024.jpg\",\"orientation\":\"portrait\"},\"full\":{\"url\":\"https:\/\/neptunshipping.net\/tr\/wp-content\/uploads\/2024\/11\/BUREAU-VERITAS-APPROVAL-FIRE_Sayfa_3.jpg\",\"height\":2075,\"width\":1331,\"orientation\":\"portrait\"}},\"imageMeta\":{\"aperture\":\"0\",\"credit\":\"\",\"camera\":\"\",\"caption\":\"\",\"created_timestamp\":\"0\",\"copyright\":\"\",\"focal_length\":\"0\",\"iso\":\"0\",\"shutter_speed\":\"0\",\"title\":\"\",\"orientation\":\"0\",\"keywords\":[]},\"meta\":false,\"postlink\":\"https:\/\/neptunshipping.net\/tr\/?attachment_id=1290\"},{\"id\":1282,\"title\":\"NEPTUN FIRE IRS KLAS-1\",\"url\":\"https:\/\/neptunshipping.net\/tr\/wp-content\/uploads\/2024\/10\/NEPTUN-FIRE-IRS-KLAS-1.jpg\",\"link\":\"https:\/\/neptunshipping.net\/tr\/?attachment_id=1282\",\"alt\":\"\",\"description\":\"\",\"caption\":\"\",\"mime\":\"image\/jpeg\",\"type\":\"image\",\"width\":1700,\"height\":2200,\"sizes\":{\"thumbnail\":{\"height\":150,\"width\":150,\"url\":\"https:\/\/neptunshipping.net\/tr\/wp-content\/uploads\/2024\/10\/NEPTUN-FIRE-IRS-KLAS-1-150x150.jpg\",\"orientation\":\"landscape\"},\"medium\":{\"height\":300,\"width\":232,\"url\":\"https:\/\/neptunshipping.net\/tr\/wp-content\/uploads\/2024\/10\/NEPTUN-FIRE-IRS-KLAS-1-232x300.jpg\",\"orientation\":\"portrait\"},\"large\":{\"height\":1024,\"width\":791,\"url\":\"https:\/\/neptunshipping.net\/tr\/wp-content\/uploads\/2024\/10\/NEPTUN-FIRE-IRS-KLAS-1-791x1024.jpg\",\"orientation\":\"portrait\"},\"full\":{\"url\":\"https:\/\/neptunshipping.net\/tr\/wp-content\/uploads\/2024\/10\/NEPTUN-FIRE-IRS-KLAS-1.jpg\",\"height\":2200,\"width\":1700,\"orientation\":\"portrait\"}},\"imageMeta\":{\"aperture\":\"0\",\"credit\":\"\",\"camera\":\"\",\"caption\":\"\",\"created_timestamp\":\"0\",\"copyright\":\"\",\"focal_length\":\"0\",\"iso\":\"0\",\"shutter_speed\":\"0\",\"title\":\"\",\"orientation\":\"1\",\"keywords\":[]},\"meta\":false,\"postlink\":\"https:\/\/neptunshipping.net\/tr\/?attachment_id=1282\"},{\"id\":909,\"title\":\"CLASSNK NEPTUN 19.12.2026\",\"url\":\"https:\/\/www.neptunshipping.net\/tr\/wp-content\/uploads\/2022\/03\/CLASSNK-NEPTUN-19.12.2026_page-0001.jpg\",\"link\":\"https:\/\/neptunshipping.net\/tr\/?attachment_id=909\",\"alt\":\"\",\"description\":\"\",\"caption\":\"\",\"mime\":\"image\/jpeg\",\"type\":\"image\",\"meta\":false,\"postlink\":\"https:\/\/neptunshipping.net\/tr\/?attachment_id=909\"},{\"id\":1186,\"title\":\"NEPTUN TSE 29.12.2024\",\"url\":\"https:\/\/neptunshipping.net\/tr\/wp-content\/uploads\/2024\/08\/NEPTUN-TSE-29.12.2024.jpg\",\"link\":\"https:\/\/neptunshipping.net\/tr\/?attachment_id=1186\",\"alt\":\"\",\"description\":\"\",\"caption\":\"\",\"mime\":\"image\/jpeg\",\"type\":\"image\",\"width\":1654,\"height\":2338,\"sizes\":{\"thumbnail\":{\"height\":150,\"width\":150,\"url\":\"https:\/\/neptunshipping.net\/tr\/wp-content\/uploads\/2024\/08\/NEPTUN-TSE-29.12.2024-150x150.jpg\",\"orientation\":\"landscape\"},\"medium\":{\"height\":300,\"width\":212,\"url\":\"https:\/\/neptunshipping.net\/tr\/wp-content\/uploads\/2024\/08\/NEPTUN-TSE-29.12.2024-212x300.jpg\",\"orientation\":\"portrait\"},\"large\":{\"height\":1024,\"width\":724,\"url\":\"https:\/\/neptunshipping.net\/tr\/wp-content\/uploads\/2024\/08\/NEPTUN-TSE-29.12.2024-724x1024.jpg\",\"orientation\":\"portrait\"},\"full\":{\"url\":\"https:\/\/neptunshipping.net\/tr\/wp-content\/uploads\/2024\/08\/NEPTUN-TSE-29.12.2024.jpg\",\"height\":2338,\"width\":1654,\"orientation\":\"portrait\"}},\"imageMeta\":{\"aperture\":\"0\",\"credit\":\"\",\"camera\":\"\",\"caption\":\"\",\"created_timestamp\":\"0\",\"copyright\":\"\",\"focal_length\":\"0\",\"iso\":\"0\",\"shutter_speed\":\"0\",\"title\":\"\",\"orientation\":\"0\",\"keywords\":[]},\"meta\":false,\"postlink\":\"https:\/\/neptunshipping.net\/tr\/?attachment_id=1186\"},{\"id\":825,\"title\":\"TSE FCB BELGE-page-001_453x640\",\"url\":\"https:\/\/www.neptunshipping.net\/tr\/wp-content\/uploads\/2014\/06\/TSE-FCB-BELGE-page-001_453x640.jpg\",\"link\":\"https:\/\/neptunshipping.net\/tr\/?attachment_id=825\",\"alt\":\"\",\"description\":\"\",\"caption\":\"\",\"mime\":\"image\/jpeg\",\"type\":\"image\",\"meta\":false,\"postlink\":\"https:\/\/neptunshipping.net\/tr\/?attachment_id=825\"}],\"itemsMetaDataCollection\":[]}<\/script><script>(function(){if(window.PGC_SGB && window.PGC_SGB.searcher){window.PGC_SGB.searcher.initBlocks()}})()<\/script><\/div><\/p>\t\t\t\t\t\t\t\t<\/div>\n\t\t\t\t<\/div>\n\t\t\t\t\t<\/div>\n\t\t<\/div>\n\t\t\t\t\t<\/div>\n\t\t<\/section>\n\t\t\t\t<\/div>\n\t\t","protected":false},"excerpt":{"rendered":"","protected":false},"author":1,"featured_media":0,"parent":0,"menu_order":0,"comment_status":"closed","ping_status":"closed","template":"","meta":{"_sitemap_exclude":false,"_sitemap_priority":"","_sitemap_frequency":"","pgc_sgb_lightbox_settings":"","footnotes":""},"class_list":["post-26","page","type-page","status-publish","hentry"],"yoast_head":"<!-- This site is optimized with the Yoast SEO plugin v27.5 - https:\/\/yoast.com\/product\/yoast-seo-wordpress\/ -->\n<title>Class Yetkileri - NEPTUN DEN\u0130ZC\u0130L\u0130K<\/title>\n<meta name=\"robots\" content=\"index, follow, max-snippet:-1, max-image-preview:large, max-video-preview:-1\" \/>\n<link rel=\"canonical\" href=\"https:\/\/neptunshipping.net\/tr\/?page_id=26\" \/>\n<meta property=\"og:locale\" content=\"tr_TR\" \/>\n<meta property=\"og:type\" content=\"article\" \/>\n<meta property=\"og:title\" content=\"Class Yetkileri - NEPTUN DEN\u0130ZC\u0130L\u0130K\" \/>\n<meta property=\"og:url\" content=\"https:\/\/neptunshipping.net\/tr\/?page_id=26\" \/>\n<meta property=\"og:site_name\" content=\"NEPTUN DEN\u0130ZC\u0130L\u0130K\" \/>\n<meta property=\"article:modified_time\" content=\"2025-12-30T12:37:57+00:00\" \/>\n<meta property=\"og:image\" content=\"https:\/\/neptunshipping.net\/tr\/wp-content\/uploads\/2024\/11\/certveritas-701x1024.jpg\" \/>\n<meta name=\"twitter:card\" content=\"summary_large_image\" \/>\n<script type=\"application\/ld+json\" class=\"yoast-schema-graph\">{\"@context\":\"https:\\\/\\\/schema.org\",\"@graph\":[{\"@type\":\"WebPage\",\"@id\":\"https:\\\/\\\/neptunshipping.net\\\/tr\\\/?page_id=26\",\"url\":\"https:\\\/\\\/neptunshipping.net\\\/tr\\\/?page_id=26\",\"name\":\"Class Yetkileri - NEPTUN DEN\u0130ZC\u0130L\u0130K\",\"isPartOf\":{\"@id\":\"https:\\\/\\\/neptunshipping.net\\\/tr\\\/#website\"},\"primaryImageOfPage\":{\"@id\":\"https:\\\/\\\/neptunshipping.net\\\/tr\\\/?page_id=26#primaryimage\"},\"image\":{\"@id\":\"https:\\\/\\\/neptunshipping.net\\\/tr\\\/?page_id=26#primaryimage\"},\"thumbnailUrl\":\"https:\\\/\\\/neptunshipping.net\\\/tr\\\/wp-content\\\/uploads\\\/2024\\\/11\\\/certveritas-701x1024.jpg\",\"datePublished\":\"2022-08-10T19:56:20+00:00\",\"dateModified\":\"2025-12-30T12:37:57+00:00\",\"breadcrumb\":{\"@id\":\"https:\\\/\\\/neptunshipping.net\\\/tr\\\/?page_id=26#breadcrumb\"},\"inLanguage\":\"tr\",\"potentialAction\":[{\"@type\":\"ReadAction\",\"target\":[\"https:\\\/\\\/neptunshipping.net\\\/tr\\\/?page_id=26\"]}]},{\"@type\":\"ImageObject\",\"inLanguage\":\"tr\",\"@id\":\"https:\\\/\\\/neptunshipping.net\\\/tr\\\/?page_id=26#primaryimage\",\"url\":\"https:\\\/\\\/neptunshipping.net\\\/tr\\\/wp-content\\\/uploads\\\/2024\\\/11\\\/certveritas.jpg\",\"contentUrl\":\"https:\\\/\\\/neptunshipping.net\\\/tr\\\/wp-content\\\/uploads\\\/2024\\\/11\\\/certveritas.jpg\",\"width\":1400,\"height\":2045},{\"@type\":\"BreadcrumbList\",\"@id\":\"https:\\\/\\\/neptunshipping.net\\\/tr\\\/?page_id=26#breadcrumb\",\"itemListElement\":[{\"@type\":\"ListItem\",\"position\":1,\"name\":\"Anasayfa\",\"item\":\"https:\\\/\\\/neptunshipping.net\\\/tr\\\/\"},{\"@type\":\"ListItem\",\"position\":2,\"name\":\"Class Yetkileri\"}]},{\"@type\":\"WebSite\",\"@id\":\"https:\\\/\\\/neptunshipping.net\\\/tr\\\/#website\",\"url\":\"https:\\\/\\\/neptunshipping.net\\\/tr\\\/\",\"name\":\"NEPTUN DEN\u0130ZC\u0130L\u0130K\",\"description\":\"MARINE FIRE FIGHTING, LIFERAFTS &amp; SAFETY EQUIPMENT\",\"potentialAction\":[{\"@type\":\"SearchAction\",\"target\":{\"@type\":\"EntryPoint\",\"urlTemplate\":\"https:\\\/\\\/neptunshipping.net\\\/tr\\\/?s={search_term_string}\"},\"query-input\":{\"@type\":\"PropertyValueSpecification\",\"valueRequired\":true,\"valueName\":\"search_term_string\"}}],\"inLanguage\":\"tr\"}]}<\/script>\n<!-- \/ Yoast SEO plugin. -->","yoast_head_json":{"title":"Class Yetkileri - NEPTUN DEN\u0130ZC\u0130L\u0130K","robots":{"index":"index","follow":"follow","max-snippet":"max-snippet:-1","max-image-preview":"max-image-preview:large","max-video-preview":"max-video-preview:-1"},"canonical":"https:\/\/neptunshipping.net\/tr\/?page_id=26","og_locale":"tr_TR","og_type":"article","og_title":"Class Yetkileri - NEPTUN DEN\u0130ZC\u0130L\u0130K","og_url":"https:\/\/neptunshipping.net\/tr\/?page_id=26","og_site_name":"NEPTUN DEN\u0130ZC\u0130L\u0130K","article_modified_time":"2025-12-30T12:37:57+00:00","og_image":[{"url":"https:\/\/neptunshipping.net\/tr\/wp-content\/uploads\/2024\/11\/certveritas-701x1024.jpg","type":"","width":"","height":""}],"twitter_card":"summary_large_image","schema":{"@context":"https:\/\/schema.org","@graph":[{"@type":"WebPage","@id":"https:\/\/neptunshipping.net\/tr\/?page_id=26","url":"https:\/\/neptunshipping.net\/tr\/?page_id=26","name":"Class Yetkileri - NEPTUN DEN\u0130ZC\u0130L\u0130K","isPartOf":{"@id":"https:\/\/neptunshipping.net\/tr\/#website"},"primaryImageOfPage":{"@id":"https:\/\/neptunshipping.net\/tr\/?page_id=26#primaryimage"},"image":{"@id":"https:\/\/neptunshipping.net\/tr\/?page_id=26#primaryimage"},"thumbnailUrl":"https:\/\/neptunshipping.net\/tr\/wp-content\/uploads\/2024\/11\/certveritas-701x1024.jpg","datePublished":"2022-08-10T19:56:20+00:00","dateModified":"2025-12-30T12:37:57+00:00","breadcrumb":{"@id":"https:\/\/neptunshipping.net\/tr\/?page_id=26#breadcrumb"},"inLanguage":"tr","potentialAction":[{"@type":"ReadAction","target":["https:\/\/neptunshipping.net\/tr\/?page_id=26"]}]},{"@type":"ImageObject","inLanguage":"tr","@id":"https:\/\/neptunshipping.net\/tr\/?page_id=26#primaryimage","url":"https:\/\/neptunshipping.net\/tr\/wp-content\/uploads\/2024\/11\/certveritas.jpg","contentUrl":"https:\/\/neptunshipping.net\/tr\/wp-content\/uploads\/2024\/11\/certveritas.jpg","width":1400,"height":2045},{"@type":"BreadcrumbList","@id":"https:\/\/neptunshipping.net\/tr\/?page_id=26#breadcrumb","itemListElement":[{"@type":"ListItem","position":1,"name":"Anasayfa","item":"https:\/\/neptunshipping.net\/tr\/"},{"@type":"ListItem","position":2,"name":"Class Yetkileri"}]},{"@type":"WebSite","@id":"https:\/\/neptunshipping.net\/tr\/#website","url":"https:\/\/neptunshipping.net\/tr\/","name":"NEPTUN DEN\u0130ZC\u0130L\u0130K","description":"MARINE FIRE FIGHTING, LIFERAFTS &amp; SAFETY EQUIPMENT","potentialAction":[{"@type":"SearchAction","target":{"@type":"EntryPoint","urlTemplate":"https:\/\/neptunshipping.net\/tr\/?s={search_term_string}"},"query-input":{"@type":"PropertyValueSpecification","valueRequired":true,"valueName":"search_term_string"}}],"inLanguage":"tr"}]}},"_links":{"self":[{"href":"https:\/\/neptunshipping.net\/tr\/index.php?rest_route=\/wp\/v2\/pages\/26","targetHints":{"allow":["GET"]}}],"collection":[{"href":"https:\/\/neptunshipping.net\/tr\/index.php?rest_route=\/wp\/v2\/pages"}],"about":[{"href":"https:\/\/neptunshipping.net\/tr\/index.php?rest_route=\/wp\/v2\/types\/page"}],"author":[{"embeddable":true,"href":"https:\/\/neptunshipping.net\/tr\/index.php?rest_route=\/wp\/v2\/users\/1"}],"replies":[{"embeddable":true,"href":"https:\/\/neptunshipping.net\/tr\/index.php?rest_route=%2Fwp%2Fv2%2Fcomments&post=26"}],"version-history":[{"count":47,"href":"https:\/\/neptunshipping.net\/tr\/index.php?rest_route=\/wp\/v2\/pages\/26\/revisions"}],"predecessor-version":[{"id":1465,"href":"https:\/\/neptunshipping.net\/tr\/index.php?rest_route=\/wp\/v2\/pages\/26\/revisions\/1465"}],"wp:attachment":[{"href":"https:\/\/neptunshipping.net\/tr\/index.php?rest_route=%2Fwp%2Fv2%2Fmedia&parent=26"}],"curies":[{"name":"wp","href":"https:\/\/api.w.org\/{rel}","templated":true}]}}