{"id":30,"date":"2022-08-10T23:11:28","date_gmt":"2022-08-10T20:11:28","guid":{"rendered":"https:\/\/neptunshipping.net\/tr\/?page_id=30&#038;lang=tr"},"modified":"2022-08-10T23:26:03","modified_gmt":"2022-08-10T20:26:03","slug":"galeri","status":"publish","type":"page","link":"https:\/\/neptunshipping.net\/tr\/?page_id=30","title":{"rendered":"Galeri"},"content":{"rendered":"<table border=\"1\" width=\"1043\">\n<tbody>\n<tr>\n<td>CANSALI<br \/>\n<a title=\"F\u0130L\u0130KA\" href=\"http:\/\/neptunshipping.net\/tr\/?page_id=201\">Foto\u011fraflar i\u00e7in t\u0131klay\u0131n\u0131z&#8230;<\/a><\/td>\n<\/tr>\n<tr>\n<td>F\u0130L\u0130KA<br \/>\n<a title=\"F\u0130L\u0130KA\" href=\"http:\/\/neptunshipping.net\/tr\/?page_id=204\">Foto\u011fraflar i\u00e7in t\u0131klay\u0131n\u0131z&#8230;<\/a><\/td>\n<\/tr>\n<tr>\n<td>KRENY LOAD TEST<br \/>\n<a title=\"KRENY LOAD TEST\" href=\"http:\/\/neptunshipping.net\/tr\/?page_id=206\">Foto\u011fraflar i\u00e7in t\u0131klay\u0131n\u0131z&#8230;<\/a><\/td>\n<\/tr>\n<tr>\n<td>YANGIN<br \/>\n<a title=\"YANG\u0130N\" href=\"http:\/\/neptunshipping.net\/tr\/?page_id=210\">Foto\u011fraflar i\u00e7in t\u0131klay\u0131n\u0131z&#8230;<\/a><\/td>\n<\/tr>\n<\/tbody>\n<\/table>\n","protected":false},"excerpt":{"rendered":"<p>CANSALI Foto\u011fraflar i\u00e7in t\u0131klay\u0131n\u0131z&#8230; F\u0130L\u0130KA Foto\u011fraflar i\u00e7in t\u0131klay\u0131n\u0131z&#8230; KRENY LOAD TEST Foto\u011fraflar i\u00e7in t\u0131klay\u0131n\u0131z&#8230; YANGIN Foto\u011fraflar i\u00e7in t\u0131klay\u0131n\u0131z&#8230;<\/p>\n","protected":false},"author":1,"featured_media":0,"parent":0,"menu_order":0,"comment_status":"closed","ping_status":"closed","template":"","meta":{"_sitemap_exclude":false,"_sitemap_priority":"","_sitemap_frequency":"","pgc_sgb_lightbox_settings":"","footnotes":""},"class_list":["post-30","page","type-page","status-publish","hentry"],"yoast_head":"<!-- This site is optimized with the Yoast SEO plugin v27.5 - https:\/\/yoast.com\/product\/yoast-seo-wordpress\/ -->\n<title>Galeri - NEPTUN DEN\u0130ZC\u0130L\u0130K<\/title>\n<meta name=\"robots\" content=\"index, follow, max-snippet:-1, max-image-preview:large, max-video-preview:-1\" \/>\n<link rel=\"canonical\" href=\"https:\/\/neptunshipping.net\/tr\/?page_id=30\" \/>\n<meta property=\"og:locale\" content=\"tr_TR\" \/>\n<meta property=\"og:type\" content=\"article\" \/>\n<meta property=\"og:title\" content=\"Galeri - NEPTUN DEN\u0130ZC\u0130L\u0130K\" \/>\n<meta property=\"og:description\" content=\"CANSALI Foto\u011fraflar i\u00e7in t\u0131klay\u0131n\u0131z&#8230; F\u0130L\u0130KA Foto\u011fraflar i\u00e7in t\u0131klay\u0131n\u0131z&#8230; KRENY LOAD TEST Foto\u011fraflar i\u00e7in t\u0131klay\u0131n\u0131z&#8230; YANGIN Foto\u011fraflar i\u00e7in t\u0131klay\u0131n\u0131z&#8230;\" \/>\n<meta property=\"og:url\" content=\"https:\/\/neptunshipping.net\/tr\/?page_id=30\" \/>\n<meta property=\"og:site_name\" content=\"NEPTUN DEN\u0130ZC\u0130L\u0130K\" \/>\n<meta property=\"article:modified_time\" content=\"2022-08-10T20:26:03+00:00\" \/>\n<meta name=\"twitter:card\" content=\"summary_large_image\" \/>\n<script type=\"application\/ld+json\" class=\"yoast-schema-graph\">{\"@context\":\"https:\\\/\\\/schema.org\",\"@graph\":[{\"@type\":\"WebPage\",\"@id\":\"https:\\\/\\\/neptunshipping.net\\\/tr\\\/?page_id=30\",\"url\":\"https:\\\/\\\/neptunshipping.net\\\/tr\\\/?page_id=30\",\"name\":\"Galeri - NEPTUN DEN\u0130ZC\u0130L\u0130K\",\"isPartOf\":{\"@id\":\"https:\\\/\\\/neptunshipping.net\\\/tr\\\/#website\"},\"datePublished\":\"2022-08-10T20:11:28+00:00\",\"dateModified\":\"2022-08-10T20:26:03+00:00\",\"breadcrumb\":{\"@id\":\"https:\\\/\\\/neptunshipping.net\\\/tr\\\/?page_id=30#breadcrumb\"},\"inLanguage\":\"tr\",\"potentialAction\":[{\"@type\":\"ReadAction\",\"target\":[\"https:\\\/\\\/neptunshipping.net\\\/tr\\\/?page_id=30\"]}]},{\"@type\":\"BreadcrumbList\",\"@id\":\"https:\\\/\\\/neptunshipping.net\\\/tr\\\/?page_id=30#breadcrumb\",\"itemListElement\":[{\"@type\":\"ListItem\",\"position\":1,\"name\":\"Anasayfa\",\"item\":\"https:\\\/\\\/neptunshipping.net\\\/tr\\\/\"},{\"@type\":\"ListItem\",\"position\":2,\"name\":\"Galeri\"}]},{\"@type\":\"WebSite\",\"@id\":\"https:\\\/\\\/neptunshipping.net\\\/tr\\\/#website\",\"url\":\"https:\\\/\\\/neptunshipping.net\\\/tr\\\/\",\"name\":\"NEPTUN DEN\u0130ZC\u0130L\u0130K\",\"description\":\"MARINE FIRE FIGHTING, LIFERAFTS &amp; SAFETY EQUIPMENT\",\"potentialAction\":[{\"@type\":\"SearchAction\",\"target\":{\"@type\":\"EntryPoint\",\"urlTemplate\":\"https:\\\/\\\/neptunshipping.net\\\/tr\\\/?s={search_term_string}\"},\"query-input\":{\"@type\":\"PropertyValueSpecification\",\"valueRequired\":true,\"valueName\":\"search_term_string\"}}],\"inLanguage\":\"tr\"}]}<\/script>\n<!-- \/ Yoast SEO plugin. -->","yoast_head_json":{"title":"Galeri - NEPTUN DEN\u0130ZC\u0130L\u0130K","robots":{"index":"index","follow":"follow","max-snippet":"max-snippet:-1","max-image-preview":"max-image-preview:large","max-video-preview":"max-video-preview:-1"},"canonical":"https:\/\/neptunshipping.net\/tr\/?page_id=30","og_locale":"tr_TR","og_type":"article","og_title":"Galeri - NEPTUN DEN\u0130ZC\u0130L\u0130K","og_description":"CANSALI Foto\u011fraflar i\u00e7in t\u0131klay\u0131n\u0131z&#8230; F\u0130L\u0130KA Foto\u011fraflar i\u00e7in t\u0131klay\u0131n\u0131z&#8230; KRENY LOAD TEST Foto\u011fraflar i\u00e7in t\u0131klay\u0131n\u0131z&#8230; YANGIN Foto\u011fraflar i\u00e7in t\u0131klay\u0131n\u0131z&#8230;","og_url":"https:\/\/neptunshipping.net\/tr\/?page_id=30","og_site_name":"NEPTUN DEN\u0130ZC\u0130L\u0130K","article_modified_time":"2022-08-10T20:26:03+00:00","twitter_card":"summary_large_image","schema":{"@context":"https:\/\/schema.org","@graph":[{"@type":"WebPage","@id":"https:\/\/neptunshipping.net\/tr\/?page_id=30","url":"https:\/\/neptunshipping.net\/tr\/?page_id=30","name":"Galeri - NEPTUN DEN\u0130ZC\u0130L\u0130K","isPartOf":{"@id":"https:\/\/neptunshipping.net\/tr\/#website"},"datePublished":"2022-08-10T20:11:28+00:00","dateModified":"2022-08-10T20:26:03+00:00","breadcrumb":{"@id":"https:\/\/neptunshipping.net\/tr\/?page_id=30#breadcrumb"},"inLanguage":"tr","potentialAction":[{"@type":"ReadAction","target":["https:\/\/neptunshipping.net\/tr\/?page_id=30"]}]},{"@type":"BreadcrumbList","@id":"https:\/\/neptunshipping.net\/tr\/?page_id=30#breadcrumb","itemListElement":[{"@type":"ListItem","position":1,"name":"Anasayfa","item":"https:\/\/neptunshipping.net\/tr\/"},{"@type":"ListItem","position":2,"name":"Galeri"}]},{"@type":"WebSite","@id":"https:\/\/neptunshipping.net\/tr\/#website","url":"https:\/\/neptunshipping.net\/tr\/","name":"NEPTUN DEN\u0130ZC\u0130L\u0130K","description":"MARINE FIRE FIGHTING, LIFERAFTS &amp; SAFETY EQUIPMENT","potentialAction":[{"@type":"SearchAction","target":{"@type":"EntryPoint","urlTemplate":"https:\/\/neptunshipping.net\/tr\/?s={search_term_string}"},"query-input":{"@type":"PropertyValueSpecification","valueRequired":true,"valueName":"search_term_string"}}],"inLanguage":"tr"}]}},"_links":{"self":[{"href":"https:\/\/neptunshipping.net\/tr\/index.php?rest_route=\/wp\/v2\/pages\/30","targetHints":{"allow":["GET"]}}],"collection":[{"href":"https:\/\/neptunshipping.net\/tr\/index.php?rest_route=\/wp\/v2\/pages"}],"about":[{"href":"https:\/\/neptunshipping.net\/tr\/index.php?rest_route=\/wp\/v2\/types\/page"}],"author":[{"embeddable":true,"href":"https:\/\/neptunshipping.net\/tr\/index.php?rest_route=\/wp\/v2\/users\/1"}],"replies":[{"embeddable":true,"href":"https:\/\/neptunshipping.net\/tr\/index.php?rest_route=%2Fwp%2Fv2%2Fcomments&post=30"}],"version-history":[{"count":2,"href":"https:\/\/neptunshipping.net\/tr\/index.php?rest_route=\/wp\/v2\/pages\/30\/revisions"}],"predecessor-version":[{"id":1124,"href":"https:\/\/neptunshipping.net\/tr\/index.php?rest_route=\/wp\/v2\/pages\/30\/revisions\/1124"}],"wp:attachment":[{"href":"https:\/\/neptunshipping.net\/tr\/index.php?rest_route=%2Fwp%2Fv2%2Fmedia&parent=30"}],"curies":[{"name":"wp","href":"https:\/\/api.w.org\/{rel}","templated":true}]}}