{"id":354,"date":"2022-08-10T22:48:42","date_gmt":"2022-08-10T19:48:42","guid":{"rendered":"https:\/\/neptunshipping.net\/tr\/?page_id=354&#038;lang=tr"},"modified":"2022-08-10T22:48:42","modified_gmt":"2022-08-10T19:48:42","slug":"yanginla-mucadele-sistemleri","status":"publish","type":"page","link":"https:\/\/neptunshipping.net\/tr\/?page_id=354","title":{"rendered":"Yang\u0131nla M\u00fccadele Sistemleri"},"content":{"rendered":"<ul>\n<li>Portable Fire Extinguishers<\/li>\n<li>Fixed Co2 Systems<\/li>\n<li>Fixed Foam System<\/li>\n<li>Fixed Dry Chemical Powder Systems<\/li>\n<li>S.C. Breathing Apparatus &amp; Emergency Escape Breathing Devices<\/li>\n<li>Foam Compound Test<\/li>\n<li>Fixed Fire Detection &amp; Alarm Systems<\/li>\n<li>Fireman&#8217;s Outfit<\/li>\n<li>Fire Stations<\/li>\n<li>Fire Training &amp; Counseling &amp; Planning<\/li>\n<li>Personel Life Saving Equipments<\/li>\n<li>Embarkation &amp; Pilot Ladders<\/li>\n<li>Onboard Safety &amp; Security Equipments<\/li>\n<li>Epirbs &amp; Sarts<\/li>\n<li>Portable Gas Detection &amp; Measuring Equipments<\/li>\n<li>Gmdss Services<\/li>\n<li>Medical Chests<\/li>\n<li>Medical Oxygen Cylinders &amp; Regulators<\/li>\n<\/ul>\n","protected":false},"excerpt":{"rendered":"<p>Portable Fire Extinguishers Fixed Co2 Systems Fixed Foam System Fixed Dry Chemical Powder Systems S.C. Breathing Apparatus &amp; Emergency Escape Breathing Devices [&hellip;]<\/p>\n","protected":false},"author":1,"featured_media":0,"parent":0,"menu_order":0,"comment_status":"closed","ping_status":"closed","template":"","meta":{"_sitemap_exclude":false,"_sitemap_priority":"","_sitemap_frequency":"","pgc_sgb_lightbox_settings":"","footnotes":""},"class_list":["post-354","page","type-page","status-publish","hentry"],"yoast_head":"<!-- This site is optimized with the Yoast SEO plugin v27.5 - https:\/\/yoast.com\/product\/yoast-seo-wordpress\/ -->\n<title>Yang\u0131nla M\u00fccadele Sistemleri - NEPTUN DEN\u0130ZC\u0130L\u0130K<\/title>\n<meta name=\"robots\" content=\"index, follow, max-snippet:-1, max-image-preview:large, max-video-preview:-1\" \/>\n<link rel=\"canonical\" href=\"https:\/\/neptunshipping.net\/tr\/?page_id=354\" \/>\n<meta property=\"og:locale\" content=\"tr_TR\" \/>\n<meta property=\"og:type\" content=\"article\" \/>\n<meta property=\"og:title\" content=\"Yang\u0131nla M\u00fccadele Sistemleri - NEPTUN DEN\u0130ZC\u0130L\u0130K\" \/>\n<meta property=\"og:description\" content=\"Portable Fire Extinguishers Fixed Co2 Systems Fixed Foam System Fixed Dry Chemical Powder Systems S.C. Breathing Apparatus &amp; Emergency Escape Breathing Devices [&hellip;]\" \/>\n<meta property=\"og:url\" content=\"https:\/\/neptunshipping.net\/tr\/?page_id=354\" \/>\n<meta property=\"og:site_name\" content=\"NEPTUN DEN\u0130ZC\u0130L\u0130K\" \/>\n<meta name=\"twitter:card\" content=\"summary_large_image\" \/>\n<script type=\"application\/ld+json\" class=\"yoast-schema-graph\">{\"@context\":\"https:\\\/\\\/schema.org\",\"@graph\":[{\"@type\":\"WebPage\",\"@id\":\"https:\\\/\\\/neptunshipping.net\\\/tr\\\/?page_id=354\",\"url\":\"https:\\\/\\\/neptunshipping.net\\\/tr\\\/?page_id=354\",\"name\":\"Yang\u0131nla M\u00fccadele Sistemleri - NEPTUN DEN\u0130ZC\u0130L\u0130K\",\"isPartOf\":{\"@id\":\"https:\\\/\\\/neptunshipping.net\\\/tr\\\/#website\"},\"datePublished\":\"2022-08-10T19:48:42+00:00\",\"breadcrumb\":{\"@id\":\"https:\\\/\\\/neptunshipping.net\\\/tr\\\/?page_id=354#breadcrumb\"},\"inLanguage\":\"tr\",\"potentialAction\":[{\"@type\":\"ReadAction\",\"target\":[\"https:\\\/\\\/neptunshipping.net\\\/tr\\\/?page_id=354\"]}]},{\"@type\":\"BreadcrumbList\",\"@id\":\"https:\\\/\\\/neptunshipping.net\\\/tr\\\/?page_id=354#breadcrumb\",\"itemListElement\":[{\"@type\":\"ListItem\",\"position\":1,\"name\":\"Anasayfa\",\"item\":\"https:\\\/\\\/neptunshipping.net\\\/tr\\\/\"},{\"@type\":\"ListItem\",\"position\":2,\"name\":\"Yang\u0131nla M\u00fccadele Sistemleri\"}]},{\"@type\":\"WebSite\",\"@id\":\"https:\\\/\\\/neptunshipping.net\\\/tr\\\/#website\",\"url\":\"https:\\\/\\\/neptunshipping.net\\\/tr\\\/\",\"name\":\"NEPTUN DEN\u0130ZC\u0130L\u0130K\",\"description\":\"MARINE FIRE FIGHTING, LIFERAFTS &amp; SAFETY EQUIPMENT\",\"potentialAction\":[{\"@type\":\"SearchAction\",\"target\":{\"@type\":\"EntryPoint\",\"urlTemplate\":\"https:\\\/\\\/neptunshipping.net\\\/tr\\\/?s={search_term_string}\"},\"query-input\":{\"@type\":\"PropertyValueSpecification\",\"valueRequired\":true,\"valueName\":\"search_term_string\"}}],\"inLanguage\":\"tr\"}]}<\/script>\n<!-- \/ Yoast SEO plugin. -->","yoast_head_json":{"title":"Yang\u0131nla M\u00fccadele Sistemleri - NEPTUN DEN\u0130ZC\u0130L\u0130K","robots":{"index":"index","follow":"follow","max-snippet":"max-snippet:-1","max-image-preview":"max-image-preview:large","max-video-preview":"max-video-preview:-1"},"canonical":"https:\/\/neptunshipping.net\/tr\/?page_id=354","og_locale":"tr_TR","og_type":"article","og_title":"Yang\u0131nla M\u00fccadele Sistemleri - NEPTUN DEN\u0130ZC\u0130L\u0130K","og_description":"Portable Fire Extinguishers Fixed Co2 Systems Fixed Foam System Fixed Dry Chemical Powder Systems S.C. Breathing Apparatus &amp; Emergency Escape Breathing Devices [&hellip;]","og_url":"https:\/\/neptunshipping.net\/tr\/?page_id=354","og_site_name":"NEPTUN DEN\u0130ZC\u0130L\u0130K","twitter_card":"summary_large_image","schema":{"@context":"https:\/\/schema.org","@graph":[{"@type":"WebPage","@id":"https:\/\/neptunshipping.net\/tr\/?page_id=354","url":"https:\/\/neptunshipping.net\/tr\/?page_id=354","name":"Yang\u0131nla M\u00fccadele Sistemleri - NEPTUN DEN\u0130ZC\u0130L\u0130K","isPartOf":{"@id":"https:\/\/neptunshipping.net\/tr\/#website"},"datePublished":"2022-08-10T19:48:42+00:00","breadcrumb":{"@id":"https:\/\/neptunshipping.net\/tr\/?page_id=354#breadcrumb"},"inLanguage":"tr","potentialAction":[{"@type":"ReadAction","target":["https:\/\/neptunshipping.net\/tr\/?page_id=354"]}]},{"@type":"BreadcrumbList","@id":"https:\/\/neptunshipping.net\/tr\/?page_id=354#breadcrumb","itemListElement":[{"@type":"ListItem","position":1,"name":"Anasayfa","item":"https:\/\/neptunshipping.net\/tr\/"},{"@type":"ListItem","position":2,"name":"Yang\u0131nla M\u00fccadele Sistemleri"}]},{"@type":"WebSite","@id":"https:\/\/neptunshipping.net\/tr\/#website","url":"https:\/\/neptunshipping.net\/tr\/","name":"NEPTUN DEN\u0130ZC\u0130L\u0130K","description":"MARINE FIRE FIGHTING, LIFERAFTS &amp; SAFETY EQUIPMENT","potentialAction":[{"@type":"SearchAction","target":{"@type":"EntryPoint","urlTemplate":"https:\/\/neptunshipping.net\/tr\/?s={search_term_string}"},"query-input":{"@type":"PropertyValueSpecification","valueRequired":true,"valueName":"search_term_string"}}],"inLanguage":"tr"}]}},"_links":{"self":[{"href":"https:\/\/neptunshipping.net\/tr\/index.php?rest_route=\/wp\/v2\/pages\/354","targetHints":{"allow":["GET"]}}],"collection":[{"href":"https:\/\/neptunshipping.net\/tr\/index.php?rest_route=\/wp\/v2\/pages"}],"about":[{"href":"https:\/\/neptunshipping.net\/tr\/index.php?rest_route=\/wp\/v2\/types\/page"}],"author":[{"embeddable":true,"href":"https:\/\/neptunshipping.net\/tr\/index.php?rest_route=\/wp\/v2\/users\/1"}],"replies":[{"embeddable":true,"href":"https:\/\/neptunshipping.net\/tr\/index.php?rest_route=%2Fwp%2Fv2%2Fcomments&post=354"}],"version-history":[{"count":1,"href":"https:\/\/neptunshipping.net\/tr\/index.php?rest_route=\/wp\/v2\/pages\/354\/revisions"}],"predecessor-version":[{"id":1090,"href":"https:\/\/neptunshipping.net\/tr\/index.php?rest_route=\/wp\/v2\/pages\/354\/revisions\/1090"}],"wp:attachment":[{"href":"https:\/\/neptunshipping.net\/tr\/index.php?rest_route=%2Fwp%2Fv2%2Fmedia&parent=354"}],"curies":[{"name":"wp","href":"https:\/\/api.w.org\/{rel}","templated":true}]}}