{"id":529,"date":"2022-08-10T22:59:58","date_gmt":"2022-08-10T19:59:58","guid":{"rendered":"https:\/\/neptunshipping.net\/tr\/?page_id=529&#038;lang=tr"},"modified":"2025-12-29T15:48:51","modified_gmt":"2025-12-29T12:48:51","slug":"liferaft-3","status":"publish","type":"page","link":"https:\/\/neptunshipping.net\/tr\/?page_id=529","title":{"rendered":"CANSALI"},"content":{"rendered":"<div class=\"pgc-sgb-cb wp-block-pgcsimplygalleryblock-masonry \" data-gallery-id=\"6cf70575\"><div class=\"sgb-preloader\" id=\"pr_6cf70575\">\n\t<div class=\"sgb-square\" style=\"background:#d4d4d4\"><\/div>\n\t<div class=\"sgb-square\" style=\"background:#d4d4d4\"><\/div>\n\t<div class=\"sgb-square\" style=\"background:#d4d4d4\"><\/div>\n\t<div class=\"sgb-square\" style=\"background:#d4d4d4\"><\/div><\/div><div class=\"simply-gallery-amp pgc_sgb_slider \"><noscript><div class=\"sgb-gallery\"><div class=\"sgb-item\"><a href=\"https:\/\/neptunshipping.net\/tr\/?attachment_id=1329\" target=\"_blank\"><img loading=\"lazy\" decoding=\"async\" alt=\"\" width=\"212\" height=\"300\" loading=\"lazy\" src=\"https:\/\/neptunshipping.net\/tr\/wp-content\/uploads\/2025\/12\/Neptune-2-212x300.png\" srcset=\"https:\/\/neptunshipping.net\/tr\/wp-content\/uploads\/2025\/12\/Neptune-2-212x300.png 212w,https:\/\/neptunshipping.net\/tr\/wp-content\/uploads\/2025\/12\/Neptune-2-724x1024.png 724w,https:\/\/neptunshipping.net\/tr\/wp-content\/uploads\/2025\/12\/Neptune-2.png 1654w\" sizes=\"auto, 250px\"\/><\/a><\/div><div class=\"sgb-item\"><a href=\"https:\/\/neptunshipping.net\/tr\/?attachment_id=1328\" target=\"_blank\"><img loading=\"lazy\" decoding=\"async\" alt=\"\" width=\"212\" height=\"300\" loading=\"lazy\" src=\"https:\/\/neptunshipping.net\/tr\/wp-content\/uploads\/2025\/12\/Neptune-1-212x300.png\" srcset=\"https:\/\/neptunshipping.net\/tr\/wp-content\/uploads\/2025\/12\/Neptune-1-212x300.png 212w,https:\/\/neptunshipping.net\/tr\/wp-content\/uploads\/2025\/12\/Neptune-1-724x1024.png 724w,https:\/\/neptunshipping.net\/tr\/wp-content\/uploads\/2025\/12\/Neptune-1.png 1654w\" sizes=\"auto, 250px\"\/><\/a><\/div><div class=\"sgb-item\"><a href=\"https:\/\/neptunshipping.net\/tr\/?attachment_id=1332\" target=\"_blank\"><img loading=\"lazy\" decoding=\"async\" alt=\"\" width=\"212\" height=\"300\" loading=\"lazy\" src=\"https:\/\/neptunshipping.net\/tr\/wp-content\/uploads\/2025\/12\/Neptune-Shipping-and-Engineering-Head-Office-Certificates_of_approval_50950-1-2-212x300.png\" srcset=\"https:\/\/neptunshipping.net\/tr\/wp-content\/uploads\/2025\/12\/Neptune-Shipping-and-Engineering-Head-Office-Certificates_of_approval_50950-1-2-212x300.png 212w,https:\/\/neptunshipping.net\/tr\/wp-content\/uploads\/2025\/12\/Neptune-Shipping-and-Engineering-Head-Office-Certificates_of_approval_50950-1-2-724x1024.png 724w,https:\/\/neptunshipping.net\/tr\/wp-content\/uploads\/2025\/12\/Neptune-Shipping-and-Engineering-Head-Office-Certificates_of_approval_50950-1-2.png 1654w\" sizes=\"auto, 250px\"\/><\/a><\/div><div class=\"sgb-item\"><a href=\"https:\/\/neptunshipping.net\/tr\/?attachment_id=1331\" target=\"_blank\"><img loading=\"lazy\" decoding=\"async\" alt=\"\" width=\"212\" height=\"300\" loading=\"lazy\" src=\"https:\/\/neptunshipping.net\/tr\/wp-content\/uploads\/2025\/12\/Neptune-Shipping-and-Engineering-Head-Office-Certificates_of_approval_50950-1-1-212x300.png\" srcset=\"https:\/\/neptunshipping.net\/tr\/wp-content\/uploads\/2025\/12\/Neptune-Shipping-and-Engineering-Head-Office-Certificates_of_approval_50950-1-1-212x300.png 212w,https:\/\/neptunshipping.net\/tr\/wp-content\/uploads\/2025\/12\/Neptune-Shipping-and-Engineering-Head-Office-Certificates_of_approval_50950-1-1-724x1024.png 724w,https:\/\/neptunshipping.net\/tr\/wp-content\/uploads\/2025\/12\/Neptune-Shipping-and-Engineering-Head-Office-Certificates_of_approval_50950-1-1.png 1654w\" sizes=\"auto, 250px\"\/><\/a><\/div><div class=\"sgb-item\"><a href=\"https:\/\/neptunshipping.net\/tr\/?attachment_id=1189\" target=\"_blank\"><img loading=\"lazy\" decoding=\"async\" alt=\"\" width=\"172\" height=\"300\" loading=\"lazy\" src=\"https:\/\/neptunshipping.net\/tr\/wp-content\/uploads\/2024\/08\/LIMAN-BASKANLIGI-CANSALI-YETKI-BELGESI-172x300.jpg\" srcset=\"https:\/\/neptunshipping.net\/tr\/wp-content\/uploads\/2024\/08\/LIMAN-BASKANLIGI-CANSALI-YETKI-BELGESI-172x300.jpg 172w,https:\/\/neptunshipping.net\/tr\/wp-content\/uploads\/2024\/08\/LIMAN-BASKANLIGI-CANSALI-YETKI-BELGESI-586x1024.jpg 586w,https:\/\/neptunshipping.net\/tr\/wp-content\/uploads\/2024\/08\/LIMAN-BASKANLIGI-CANSALI-YETKI-BELGESI.jpg 1315w\" sizes=\"auto, 250px\"\/><\/a><\/div><\/div><\/noscript><\/div><script type=\"application\/json\" class=\"sgb-data\">{\"galleryType\":\"pgc_sgb_masonry\",\"galleryId\":\"6cf70575\",\"images\":[{\"id\":1329,\"title\":\"Neptune-2\",\"url\":\"https:\/\/neptunshipping.net\/tr\/wp-content\/uploads\/2025\/12\/Neptune-2.png\",\"link\":\"https:\/\/neptunshipping.net\/tr\/?attachment_id=1329\",\"alt\":\"\",\"description\":\"\",\"caption\":\"\",\"mime\":\"image\/png\",\"type\":\"image\",\"width\":1654,\"height\":2339,\"sizes\":{\"thumbnail\":{\"height\":150,\"width\":150,\"url\":\"https:\/\/neptunshipping.net\/tr\/wp-content\/uploads\/2025\/12\/Neptune-2-150x150.png\",\"orientation\":\"landscape\"},\"medium\":{\"height\":300,\"width\":212,\"url\":\"https:\/\/neptunshipping.net\/tr\/wp-content\/uploads\/2025\/12\/Neptune-2-212x300.png\",\"orientation\":\"portrait\"},\"large\":{\"height\":1024,\"width\":724,\"url\":\"https:\/\/neptunshipping.net\/tr\/wp-content\/uploads\/2025\/12\/Neptune-2-724x1024.png\",\"orientation\":\"portrait\"},\"full\":{\"url\":\"https:\/\/neptunshipping.net\/tr\/wp-content\/uploads\/2025\/12\/Neptune-2.png\",\"height\":2339,\"width\":1654,\"orientation\":\"portrait\"}},\"imageMeta\":{\"aperture\":\"0\",\"credit\":\"\",\"camera\":\"\",\"caption\":\"\",\"created_timestamp\":\"0\",\"copyright\":\"\",\"focal_length\":\"0\",\"iso\":\"0\",\"shutter_speed\":\"0\",\"title\":\"\",\"orientation\":\"0\",\"keywords\":[]},\"meta\":false,\"postlink\":\"https:\/\/neptunshipping.net\/tr\/?attachment_id=1329\"},{\"id\":1328,\"title\":\"Neptune-1\",\"url\":\"https:\/\/neptunshipping.net\/tr\/wp-content\/uploads\/2025\/12\/Neptune-1.png\",\"link\":\"https:\/\/neptunshipping.net\/tr\/?attachment_id=1328\",\"alt\":\"\",\"description\":\"\",\"caption\":\"\",\"mime\":\"image\/png\",\"type\":\"image\",\"width\":1654,\"height\":2339,\"sizes\":{\"thumbnail\":{\"height\":150,\"width\":150,\"url\":\"https:\/\/neptunshipping.net\/tr\/wp-content\/uploads\/2025\/12\/Neptune-1-150x150.png\",\"orientation\":\"landscape\"},\"medium\":{\"height\":300,\"width\":212,\"url\":\"https:\/\/neptunshipping.net\/tr\/wp-content\/uploads\/2025\/12\/Neptune-1-212x300.png\",\"orientation\":\"portrait\"},\"large\":{\"height\":1024,\"width\":724,\"url\":\"https:\/\/neptunshipping.net\/tr\/wp-content\/uploads\/2025\/12\/Neptune-1-724x1024.png\",\"orientation\":\"portrait\"},\"full\":{\"url\":\"https:\/\/neptunshipping.net\/tr\/wp-content\/uploads\/2025\/12\/Neptune-1.png\",\"height\":2339,\"width\":1654,\"orientation\":\"portrait\"}},\"imageMeta\":{\"aperture\":\"0\",\"credit\":\"\",\"camera\":\"\",\"caption\":\"\",\"created_timestamp\":\"0\",\"copyright\":\"\",\"focal_length\":\"0\",\"iso\":\"0\",\"shutter_speed\":\"0\",\"title\":\"\",\"orientation\":\"0\",\"keywords\":[]},\"meta\":false,\"postlink\":\"https:\/\/neptunshipping.net\/tr\/?attachment_id=1328\"},{\"id\":1332,\"title\":\"Neptune Shipping and Engineering - Head Office - Certificates_of_approval_50950 (1)-2\",\"url\":\"https:\/\/neptunshipping.net\/tr\/wp-content\/uploads\/2025\/12\/Neptune-Shipping-and-Engineering-Head-Office-Certificates_of_approval_50950-1-2.png\",\"link\":\"https:\/\/neptunshipping.net\/tr\/?attachment_id=1332\",\"alt\":\"\",\"description\":\"\",\"caption\":\"\",\"mime\":\"image\/png\",\"type\":\"image\",\"width\":1654,\"height\":2339,\"sizes\":{\"thumbnail\":{\"height\":150,\"width\":150,\"url\":\"https:\/\/neptunshipping.net\/tr\/wp-content\/uploads\/2025\/12\/Neptune-Shipping-and-Engineering-Head-Office-Certificates_of_approval_50950-1-2-150x150.png\",\"orientation\":\"landscape\"},\"medium\":{\"height\":300,\"width\":212,\"url\":\"https:\/\/neptunshipping.net\/tr\/wp-content\/uploads\/2025\/12\/Neptune-Shipping-and-Engineering-Head-Office-Certificates_of_approval_50950-1-2-212x300.png\",\"orientation\":\"portrait\"},\"large\":{\"height\":1024,\"width\":724,\"url\":\"https:\/\/neptunshipping.net\/tr\/wp-content\/uploads\/2025\/12\/Neptune-Shipping-and-Engineering-Head-Office-Certificates_of_approval_50950-1-2-724x1024.png\",\"orientation\":\"portrait\"},\"full\":{\"url\":\"https:\/\/neptunshipping.net\/tr\/wp-content\/uploads\/2025\/12\/Neptune-Shipping-and-Engineering-Head-Office-Certificates_of_approval_50950-1-2.png\",\"height\":2339,\"width\":1654,\"orientation\":\"portrait\"}},\"imageMeta\":{\"aperture\":\"0\",\"credit\":\"\",\"camera\":\"\",\"caption\":\"\",\"created_timestamp\":\"0\",\"copyright\":\"\",\"focal_length\":\"0\",\"iso\":\"0\",\"shutter_speed\":\"0\",\"title\":\"\",\"orientation\":\"0\",\"keywords\":[]},\"meta\":false,\"postlink\":\"https:\/\/neptunshipping.net\/tr\/?attachment_id=1332\"},{\"id\":1331,\"title\":\"Neptune Shipping and Engineering - Head Office - Certificates_of_approval_50950 (1)-1\",\"url\":\"https:\/\/neptunshipping.net\/tr\/wp-content\/uploads\/2025\/12\/Neptune-Shipping-and-Engineering-Head-Office-Certificates_of_approval_50950-1-1.png\",\"link\":\"https:\/\/neptunshipping.net\/tr\/?attachment_id=1331\",\"alt\":\"\",\"description\":\"\",\"caption\":\"\",\"mime\":\"image\/png\",\"type\":\"image\",\"width\":1654,\"height\":2339,\"sizes\":{\"thumbnail\":{\"height\":150,\"width\":150,\"url\":\"https:\/\/neptunshipping.net\/tr\/wp-content\/uploads\/2025\/12\/Neptune-Shipping-and-Engineering-Head-Office-Certificates_of_approval_50950-1-1-150x150.png\",\"orientation\":\"landscape\"},\"medium\":{\"height\":300,\"width\":212,\"url\":\"https:\/\/neptunshipping.net\/tr\/wp-content\/uploads\/2025\/12\/Neptune-Shipping-and-Engineering-Head-Office-Certificates_of_approval_50950-1-1-212x300.png\",\"orientation\":\"portrait\"},\"large\":{\"height\":1024,\"width\":724,\"url\":\"https:\/\/neptunshipping.net\/tr\/wp-content\/uploads\/2025\/12\/Neptune-Shipping-and-Engineering-Head-Office-Certificates_of_approval_50950-1-1-724x1024.png\",\"orientation\":\"portrait\"},\"full\":{\"url\":\"https:\/\/neptunshipping.net\/tr\/wp-content\/uploads\/2025\/12\/Neptune-Shipping-and-Engineering-Head-Office-Certificates_of_approval_50950-1-1.png\",\"height\":2339,\"width\":1654,\"orientation\":\"portrait\"}},\"imageMeta\":{\"aperture\":\"0\",\"credit\":\"\",\"camera\":\"\",\"caption\":\"\",\"created_timestamp\":\"0\",\"copyright\":\"\",\"focal_length\":\"0\",\"iso\":\"0\",\"shutter_speed\":\"0\",\"title\":\"\",\"orientation\":\"0\",\"keywords\":[]},\"meta\":false,\"postlink\":\"https:\/\/neptunshipping.net\/tr\/?attachment_id=1331\"},{\"id\":1189,\"title\":\"L\u0130MAN BA\u015eKANLI\u011eI CANSALI YETK\u0130 BELGES\u0130\",\"url\":\"https:\/\/neptunshipping.net\/tr\/wp-content\/uploads\/2024\/08\/LIMAN-BASKANLIGI-CANSALI-YETKI-BELGESI.jpg\",\"link\":\"https:\/\/neptunshipping.net\/tr\/?attachment_id=1189\",\"alt\":\"\",\"description\":\"\",\"caption\":\"\",\"mime\":\"image\/jpeg\",\"type\":\"image\",\"width\":1315,\"height\":2298,\"sizes\":{\"thumbnail\":{\"height\":150,\"width\":150,\"url\":\"https:\/\/neptunshipping.net\/tr\/wp-content\/uploads\/2024\/08\/LIMAN-BASKANLIGI-CANSALI-YETKI-BELGESI-150x150.jpg\",\"orientation\":\"landscape\"},\"medium\":{\"height\":300,\"width\":172,\"url\":\"https:\/\/neptunshipping.net\/tr\/wp-content\/uploads\/2024\/08\/LIMAN-BASKANLIGI-CANSALI-YETKI-BELGESI-172x300.jpg\",\"orientation\":\"portrait\"},\"large\":{\"height\":1024,\"width\":586,\"url\":\"https:\/\/neptunshipping.net\/tr\/wp-content\/uploads\/2024\/08\/LIMAN-BASKANLIGI-CANSALI-YETKI-BELGESI-586x1024.jpg\",\"orientation\":\"portrait\"},\"full\":{\"url\":\"https:\/\/neptunshipping.net\/tr\/wp-content\/uploads\/2024\/08\/LIMAN-BASKANLIGI-CANSALI-YETKI-BELGESI.jpg\",\"height\":2298,\"width\":1315,\"orientation\":\"portrait\"}},\"imageMeta\":{\"aperture\":\"0\",\"credit\":\"\",\"camera\":\"\",\"caption\":\"\",\"created_timestamp\":\"0\",\"copyright\":\"\",\"focal_length\":\"0\",\"iso\":\"0\",\"shutter_speed\":\"0\",\"title\":\"\",\"orientation\":\"0\",\"keywords\":[]},\"meta\":false,\"postlink\":\"https:\/\/neptunshipping.net\/tr\/?attachment_id=1189\"}],\"itemsMetaDataCollection\":[]}<\/script><script>(function(){if(window.PGC_SGB && window.PGC_SGB.searcher){window.PGC_SGB.searcher.initBlocks()}})()<\/script><\/div>\n\n\n<p><\/p>\n","protected":false},"excerpt":{"rendered":"","protected":false},"author":1,"featured_media":0,"parent":0,"menu_order":0,"comment_status":"closed","ping_status":"closed","template":"","meta":{"_sitemap_exclude":false,"_sitemap_priority":"","_sitemap_frequency":"","pgc_sgb_lightbox_settings":"","footnotes":""},"class_list":["post-529","page","type-page","status-publish","hentry"],"yoast_head":"<!-- This site is optimized with the Yoast SEO plugin v27.5 - https:\/\/yoast.com\/product\/yoast-seo-wordpress\/ -->\n<title>CANSALI - NEPTUN DEN\u0130ZC\u0130L\u0130K<\/title>\n<meta name=\"robots\" content=\"index, follow, max-snippet:-1, max-image-preview:large, max-video-preview:-1\" \/>\n<link rel=\"canonical\" href=\"https:\/\/neptunshipping.net\/tr\/?page_id=529\" \/>\n<meta property=\"og:locale\" content=\"tr_TR\" \/>\n<meta property=\"og:type\" content=\"article\" \/>\n<meta property=\"og:title\" content=\"CANSALI - NEPTUN DEN\u0130ZC\u0130L\u0130K\" \/>\n<meta property=\"og:url\" content=\"https:\/\/neptunshipping.net\/tr\/?page_id=529\" \/>\n<meta property=\"og:site_name\" content=\"NEPTUN DEN\u0130ZC\u0130L\u0130K\" \/>\n<meta property=\"article:modified_time\" content=\"2025-12-29T12:48:51+00:00\" \/>\n<meta property=\"og:image\" content=\"https:\/\/neptunshipping.net\/tr\/wp-content\/uploads\/2025\/12\/Neptune-2-724x1024.png\" \/>\n<meta name=\"twitter:card\" content=\"summary_large_image\" \/>\n<script type=\"application\/ld+json\" class=\"yoast-schema-graph\">{\"@context\":\"https:\\\/\\\/schema.org\",\"@graph\":[{\"@type\":\"WebPage\",\"@id\":\"https:\\\/\\\/neptunshipping.net\\\/tr\\\/?page_id=529\",\"url\":\"https:\\\/\\\/neptunshipping.net\\\/tr\\\/?page_id=529\",\"name\":\"CANSALI - NEPTUN DEN\u0130ZC\u0130L\u0130K\",\"isPartOf\":{\"@id\":\"https:\\\/\\\/neptunshipping.net\\\/tr\\\/#website\"},\"primaryImageOfPage\":{\"@id\":\"https:\\\/\\\/neptunshipping.net\\\/tr\\\/?page_id=529#primaryimage\"},\"image\":{\"@id\":\"https:\\\/\\\/neptunshipping.net\\\/tr\\\/?page_id=529#primaryimage\"},\"thumbnailUrl\":\"https:\\\/\\\/neptunshipping.net\\\/tr\\\/wp-content\\\/uploads\\\/2025\\\/12\\\/Neptune-2-724x1024.png\",\"datePublished\":\"2022-08-10T19:59:58+00:00\",\"dateModified\":\"2025-12-29T12:48:51+00:00\",\"breadcrumb\":{\"@id\":\"https:\\\/\\\/neptunshipping.net\\\/tr\\\/?page_id=529#breadcrumb\"},\"inLanguage\":\"tr\",\"potentialAction\":[{\"@type\":\"ReadAction\",\"target\":[\"https:\\\/\\\/neptunshipping.net\\\/tr\\\/?page_id=529\"]}]},{\"@type\":\"ImageObject\",\"inLanguage\":\"tr\",\"@id\":\"https:\\\/\\\/neptunshipping.net\\\/tr\\\/?page_id=529#primaryimage\",\"url\":\"https:\\\/\\\/neptunshipping.net\\\/tr\\\/wp-content\\\/uploads\\\/2025\\\/12\\\/Neptune-2.png\",\"contentUrl\":\"https:\\\/\\\/neptunshipping.net\\\/tr\\\/wp-content\\\/uploads\\\/2025\\\/12\\\/Neptune-2.png\",\"width\":1654,\"height\":2339},{\"@type\":\"BreadcrumbList\",\"@id\":\"https:\\\/\\\/neptunshipping.net\\\/tr\\\/?page_id=529#breadcrumb\",\"itemListElement\":[{\"@type\":\"ListItem\",\"position\":1,\"name\":\"Anasayfa\",\"item\":\"https:\\\/\\\/neptunshipping.net\\\/tr\\\/\"},{\"@type\":\"ListItem\",\"position\":2,\"name\":\"CANSALI\"}]},{\"@type\":\"WebSite\",\"@id\":\"https:\\\/\\\/neptunshipping.net\\\/tr\\\/#website\",\"url\":\"https:\\\/\\\/neptunshipping.net\\\/tr\\\/\",\"name\":\"NEPTUN DEN\u0130ZC\u0130L\u0130K\",\"description\":\"MARINE FIRE FIGHTING, LIFERAFTS &amp; SAFETY EQUIPMENT\",\"potentialAction\":[{\"@type\":\"SearchAction\",\"target\":{\"@type\":\"EntryPoint\",\"urlTemplate\":\"https:\\\/\\\/neptunshipping.net\\\/tr\\\/?s={search_term_string}\"},\"query-input\":{\"@type\":\"PropertyValueSpecification\",\"valueRequired\":true,\"valueName\":\"search_term_string\"}}],\"inLanguage\":\"tr\"}]}<\/script>\n<!-- \/ Yoast SEO plugin. -->","yoast_head_json":{"title":"CANSALI - NEPTUN DEN\u0130ZC\u0130L\u0130K","robots":{"index":"index","follow":"follow","max-snippet":"max-snippet:-1","max-image-preview":"max-image-preview:large","max-video-preview":"max-video-preview:-1"},"canonical":"https:\/\/neptunshipping.net\/tr\/?page_id=529","og_locale":"tr_TR","og_type":"article","og_title":"CANSALI - NEPTUN DEN\u0130ZC\u0130L\u0130K","og_url":"https:\/\/neptunshipping.net\/tr\/?page_id=529","og_site_name":"NEPTUN DEN\u0130ZC\u0130L\u0130K","article_modified_time":"2025-12-29T12:48:51+00:00","og_image":[{"url":"https:\/\/neptunshipping.net\/tr\/wp-content\/uploads\/2025\/12\/Neptune-2-724x1024.png","type":"","width":"","height":""}],"twitter_card":"summary_large_image","schema":{"@context":"https:\/\/schema.org","@graph":[{"@type":"WebPage","@id":"https:\/\/neptunshipping.net\/tr\/?page_id=529","url":"https:\/\/neptunshipping.net\/tr\/?page_id=529","name":"CANSALI - NEPTUN DEN\u0130ZC\u0130L\u0130K","isPartOf":{"@id":"https:\/\/neptunshipping.net\/tr\/#website"},"primaryImageOfPage":{"@id":"https:\/\/neptunshipping.net\/tr\/?page_id=529#primaryimage"},"image":{"@id":"https:\/\/neptunshipping.net\/tr\/?page_id=529#primaryimage"},"thumbnailUrl":"https:\/\/neptunshipping.net\/tr\/wp-content\/uploads\/2025\/12\/Neptune-2-724x1024.png","datePublished":"2022-08-10T19:59:58+00:00","dateModified":"2025-12-29T12:48:51+00:00","breadcrumb":{"@id":"https:\/\/neptunshipping.net\/tr\/?page_id=529#breadcrumb"},"inLanguage":"tr","potentialAction":[{"@type":"ReadAction","target":["https:\/\/neptunshipping.net\/tr\/?page_id=529"]}]},{"@type":"ImageObject","inLanguage":"tr","@id":"https:\/\/neptunshipping.net\/tr\/?page_id=529#primaryimage","url":"https:\/\/neptunshipping.net\/tr\/wp-content\/uploads\/2025\/12\/Neptune-2.png","contentUrl":"https:\/\/neptunshipping.net\/tr\/wp-content\/uploads\/2025\/12\/Neptune-2.png","width":1654,"height":2339},{"@type":"BreadcrumbList","@id":"https:\/\/neptunshipping.net\/tr\/?page_id=529#breadcrumb","itemListElement":[{"@type":"ListItem","position":1,"name":"Anasayfa","item":"https:\/\/neptunshipping.net\/tr\/"},{"@type":"ListItem","position":2,"name":"CANSALI"}]},{"@type":"WebSite","@id":"https:\/\/neptunshipping.net\/tr\/#website","url":"https:\/\/neptunshipping.net\/tr\/","name":"NEPTUN DEN\u0130ZC\u0130L\u0130K","description":"MARINE FIRE FIGHTING, LIFERAFTS &amp; SAFETY EQUIPMENT","potentialAction":[{"@type":"SearchAction","target":{"@type":"EntryPoint","urlTemplate":"https:\/\/neptunshipping.net\/tr\/?s={search_term_string}"},"query-input":{"@type":"PropertyValueSpecification","valueRequired":true,"valueName":"search_term_string"}}],"inLanguage":"tr"}]}},"_links":{"self":[{"href":"https:\/\/neptunshipping.net\/tr\/index.php?rest_route=\/wp\/v2\/pages\/529","targetHints":{"allow":["GET"]}}],"collection":[{"href":"https:\/\/neptunshipping.net\/tr\/index.php?rest_route=\/wp\/v2\/pages"}],"about":[{"href":"https:\/\/neptunshipping.net\/tr\/index.php?rest_route=\/wp\/v2\/types\/page"}],"author":[{"embeddable":true,"href":"https:\/\/neptunshipping.net\/tr\/index.php?rest_route=\/wp\/v2\/users\/1"}],"replies":[{"embeddable":true,"href":"https:\/\/neptunshipping.net\/tr\/index.php?rest_route=%2Fwp%2Fv2%2Fcomments&post=529"}],"version-history":[{"count":9,"href":"https:\/\/neptunshipping.net\/tr\/index.php?rest_route=\/wp\/v2\/pages\/529\/revisions"}],"predecessor-version":[{"id":1334,"href":"https:\/\/neptunshipping.net\/tr\/index.php?rest_route=\/wp\/v2\/pages\/529\/revisions\/1334"}],"wp:attachment":[{"href":"https:\/\/neptunshipping.net\/tr\/index.php?rest_route=%2Fwp%2Fv2%2Fmedia&parent=529"}],"curies":[{"name":"wp","href":"https:\/\/api.w.org\/{rel}","templated":true}]}}