{"id":531,"date":"2022-08-10T23:03:23","date_gmt":"2022-08-10T20:03:23","guid":{"rendered":"https:\/\/neptunshipping.net\/tr\/?page_id=531&#038;lang=tr"},"modified":"2026-01-13T14:48:29","modified_gmt":"2026-01-13T11:48:29","slug":"yangin-yetkisi","status":"publish","type":"page","link":"https:\/\/neptunshipping.net\/tr\/?page_id=531","title":{"rendered":"Yang\u0131n Yetkisi"},"content":{"rendered":"\t\t<div data-elementor-type=\"wp-page\" data-elementor-id=\"531\" class=\"elementor elementor-531\">\n\t\t\t\t\t\t<section class=\"elementor-section elementor-top-section elementor-element elementor-element-48214ff0 elementor-section-boxed elementor-section-height-default elementor-section-height-default\" data-id=\"48214ff0\" data-element_type=\"section\" data-e-type=\"section\">\n\t\t\t\t\t\t<div class=\"elementor-container elementor-column-gap-default\">\n\t\t\t\t\t<div class=\"elementor-column elementor-col-100 elementor-top-column elementor-element elementor-element-16cd440c\" data-id=\"16cd440c\" data-element_type=\"column\" data-e-type=\"column\">\n\t\t\t<div class=\"elementor-widget-wrap elementor-element-populated\">\n\t\t\t\t\t\t<div class=\"elementor-element elementor-element-3140a7b6 elementor-widget elementor-widget-text-editor\" data-id=\"3140a7b6\" data-element_type=\"widget\" data-e-type=\"widget\" data-widget_type=\"text-editor.default\">\n\t\t\t\t<div class=\"elementor-widget-container\">\n\t\t\t\t\t\t\t\t\t<p><img fetchpriority=\"high\" decoding=\"async\" class=\"alignnone size-medium wp-image-1470\" src=\"https:\/\/neptunshipping.net\/tr\/wp-content\/uploads\/2026\/01\/Scan-189x300.jpg\" alt=\"\" width=\"189\" height=\"300\" srcset=\"https:\/\/neptunshipping.net\/tr\/wp-content\/uploads\/2026\/01\/Scan-189x300.jpg 189w, https:\/\/neptunshipping.net\/tr\/wp-content\/uploads\/2026\/01\/Scan-647x1024.jpg 647w, https:\/\/neptunshipping.net\/tr\/wp-content\/uploads\/2026\/01\/Scan-768x1216.jpg 768w, https:\/\/neptunshipping.net\/tr\/wp-content\/uploads\/2026\/01\/Scan-970x1536.jpg 970w, https:\/\/neptunshipping.net\/tr\/wp-content\/uploads\/2026\/01\/Scan-1293x2048.jpg 1293w, https:\/\/neptunshipping.net\/tr\/wp-content\/uploads\/2026\/01\/Scan-1000x1584.jpg 1000w, https:\/\/neptunshipping.net\/tr\/wp-content\/uploads\/2026\/01\/Scan-230x364.jpg 230w, https:\/\/neptunshipping.net\/tr\/wp-content\/uploads\/2026\/01\/Scan-350x554.jpg 350w, https:\/\/neptunshipping.net\/tr\/wp-content\/uploads\/2026\/01\/Scan-480x760.jpg 480w, https:\/\/neptunshipping.net\/tr\/wp-content\/uploads\/2026\/01\/Scan.jpg 1454w\" sizes=\"(max-width: 189px) 100vw, 189px\" \/> <img decoding=\"async\" class=\"alignnone size-medium wp-image-1469\" src=\"https:\/\/neptunshipping.net\/tr\/wp-content\/uploads\/2026\/01\/TSE-2026-1-212x300.png\" alt=\"\" width=\"212\" height=\"300\" srcset=\"https:\/\/neptunshipping.net\/tr\/wp-content\/uploads\/2026\/01\/TSE-2026-1-212x300.png 212w, https:\/\/neptunshipping.net\/tr\/wp-content\/uploads\/2026\/01\/TSE-2026-1-724x1024.png 724w, https:\/\/neptunshipping.net\/tr\/wp-content\/uploads\/2026\/01\/TSE-2026-1-768x1086.png 768w, https:\/\/neptunshipping.net\/tr\/wp-content\/uploads\/2026\/01\/TSE-2026-1-1086x1536.png 1086w, https:\/\/neptunshipping.net\/tr\/wp-content\/uploads\/2026\/01\/TSE-2026-1-1448x2048.png 1448w, https:\/\/neptunshipping.net\/tr\/wp-content\/uploads\/2026\/01\/TSE-2026-1-1000x1414.png 1000w, https:\/\/neptunshipping.net\/tr\/wp-content\/uploads\/2026\/01\/TSE-2026-1-230x325.png 230w, https:\/\/neptunshipping.net\/tr\/wp-content\/uploads\/2026\/01\/TSE-2026-1-350x495.png 350w, https:\/\/neptunshipping.net\/tr\/wp-content\/uploads\/2026\/01\/TSE-2026-1-480x679.png 480w, https:\/\/neptunshipping.net\/tr\/wp-content\/uploads\/2026\/01\/TSE-2026-1.png 1654w\" sizes=\"(max-width: 212px) 100vw, 212px\" \/> <img decoding=\"async\" class=\"alignnone size-medium wp-image-1468\" src=\"https:\/\/neptunshipping.net\/tr\/wp-content\/uploads\/2026\/01\/YANGIN-MUSTESARLIK-BELGESI-13.01.2026-1-212x300.png\" alt=\"\" width=\"212\" height=\"300\" srcset=\"https:\/\/neptunshipping.net\/tr\/wp-content\/uploads\/2026\/01\/YANGIN-MUSTESARLIK-BELGESI-13.01.2026-1-212x300.png 212w, https:\/\/neptunshipping.net\/tr\/wp-content\/uploads\/2026\/01\/YANGIN-MUSTESARLIK-BELGESI-13.01.2026-1-725x1024.png 725w, https:\/\/neptunshipping.net\/tr\/wp-content\/uploads\/2026\/01\/YANGIN-MUSTESARLIK-BELGESI-13.01.2026-1-768x1085.png 768w, https:\/\/neptunshipping.net\/tr\/wp-content\/uploads\/2026\/01\/YANGIN-MUSTESARLIK-BELGESI-13.01.2026-1-1087x1536.png 1087w, https:\/\/neptunshipping.net\/tr\/wp-content\/uploads\/2026\/01\/YANGIN-MUSTESARLIK-BELGESI-13.01.2026-1-1450x2048.png 1450w, https:\/\/neptunshipping.net\/tr\/wp-content\/uploads\/2026\/01\/YANGIN-MUSTESARLIK-BELGESI-13.01.2026-1-1000x1412.png 1000w, https:\/\/neptunshipping.net\/tr\/wp-content\/uploads\/2026\/01\/YANGIN-MUSTESARLIK-BELGESI-13.01.2026-1-230x325.png 230w, https:\/\/neptunshipping.net\/tr\/wp-content\/uploads\/2026\/01\/YANGIN-MUSTESARLIK-BELGESI-13.01.2026-1-350x494.png 350w, https:\/\/neptunshipping.net\/tr\/wp-content\/uploads\/2026\/01\/YANGIN-MUSTESARLIK-BELGESI-13.01.2026-1-480x678.png 480w, https:\/\/neptunshipping.net\/tr\/wp-content\/uploads\/2026\/01\/YANGIN-MUSTESARLIK-BELGESI-13.01.2026-1.png 1656w\" sizes=\"(max-width: 212px) 100vw, 212px\" \/><a href=\"http:\/\/www.neptunshipping.net\/tr\/wp-content\/uploads\/2021\/03\/NEPTUN-TSE-H\u0130ZMET-YER\u0130-BELGES\u0130-2021-1-e1614679986468.jpg\"><img loading=\"lazy\" decoding=\"async\" class=\"alignnone size-medium wp-image-1152\" src=\"https:\/\/neptunshipping.net\/tr\/wp-content\/uploads\/2023\/05\/YANGIN-SONDURME-SISTEMLERI-VE-ELEMANLARI-ICIN-MUAYENE-VE-TEST-S_page-0001-e1684934573478-212x300.jpg\" alt=\"\" width=\"212\" height=\"300\" srcset=\"https:\/\/neptunshipping.net\/tr\/wp-content\/uploads\/2023\/05\/YANGIN-SONDURME-SISTEMLERI-VE-ELEMANLARI-ICIN-MUAYENE-VE-TEST-S_page-0001-e1684934573478-212x300.jpg 212w, https:\/\/neptunshipping.net\/tr\/wp-content\/uploads\/2023\/05\/YANGIN-SONDURME-SISTEMLERI-VE-ELEMANLARI-ICIN-MUAYENE-VE-TEST-S_page-0001-e1684934573478-230x325.jpg 230w, https:\/\/neptunshipping.net\/tr\/wp-content\/uploads\/2023\/05\/YANGIN-SONDURME-SISTEMLERI-VE-ELEMANLARI-ICIN-MUAYENE-VE-TEST-S_page-0001-e1684934573478-350x494.jpg 350w, https:\/\/neptunshipping.net\/tr\/wp-content\/uploads\/2023\/05\/YANGIN-SONDURME-SISTEMLERI-VE-ELEMANLARI-ICIN-MUAYENE-VE-TEST-S_page-0001-e1684934573478-480x678.jpg 480w, https:\/\/neptunshipping.net\/tr\/wp-content\/uploads\/2023\/05\/YANGIN-SONDURME-SISTEMLERI-VE-ELEMANLARI-ICIN-MUAYENE-VE-TEST-S_page-0001-e1684934573478.jpg 650w\" sizes=\"(max-width: 212px) 100vw, 212px\" \/><img loading=\"lazy\" decoding=\"async\" class=\"alignnone wp-image-879 size-medium\" src=\"http:\/\/www.neptunshipping.net\/tr\/wp-content\/uploads\/2021\/03\/NEPTUN-TSE-H\u0130ZMET-YER\u0130-BELGES\u0130-2021-1-212x300.jpg\" alt=\"NEPTUN TSE H\u0130ZMET YER\u0130 BELGES\u0130 2021\/2022\" width=\"212\" height=\"300\" \/><\/a><a href=\"http:\/\/www.neptunshipping.net\/tr\/wp-content\/uploads\/2022\/03\/TSE-ALPEREN-OZANCI-BELGE_page-0001-e1647418875844.jpg\"><img loading=\"lazy\" decoding=\"async\" class=\"alignnone size-medium wp-image-923\" src=\"http:\/\/www.neptunshipping.net\/tr\/wp-content\/uploads\/2022\/03\/TSE-ALPEREN-OZANCI-BELGE_page-0001-212x300.jpg\" alt=\"TSE ALPEREN OZANCI BELGE\" width=\"212\" height=\"300\" \/><\/a><a href=\"http:\/\/www.neptunshipping.net\/tr\/wp-content\/uploads\/2022\/03\/YANGIN-S\u00d6ND\u00dcRME-S\u0130STEMLER\u0130-YETK\u0130-BELGES\u0130-18.01.2021_page-0001-e1647425422893.jpg\" target=\"_blank\" rel=\"noopener\"><img loading=\"lazy\" decoding=\"async\" class=\"alignnone size-medium wp-image-943\" src=\"http:\/\/www.neptunshipping.net\/tr\/wp-content\/uploads\/2022\/03\/YANGIN-S\u00d6ND\u00dcRME-S\u0130STEMLER\u0130-YETK\u0130-BELGES\u0130-18.01.2021_page-0001-212x300.jpg\" alt=\"NEPTUN TSE H\u0130ZMET YER\u0130 BELGES\u0130 2021\/2022\" width=\"212\" height=\"300\" \/><\/a><\/p>\n<p><a href=\"http:\/\/www.neptunshipping.net\/tr\/wp-content\/uploads\/2014\/07\/yang\u0131n-yetki-belgesi-20161.jpg\"><img loading=\"lazy\" decoding=\"async\" class=\"alignnone wp-image-734\" src=\"http:\/\/www.neptunshipping.net\/tr\/wp-content\/uploads\/2014\/07\/yang\u0131n-yetki-belgesi-20161-225x300.jpg\" alt=\"yang\u0131n yetki belgesi 2016\" width=\"212\" height=\"300\" \/><\/a><\/p>\t\t\t\t\t\t\t\t<\/div>\n\t\t\t\t<\/div>\n\t\t\t\t\t<\/div>\n\t\t<\/div>\n\t\t\t\t\t<\/div>\n\t\t<\/section>\n\t\t\t\t<\/div>\n\t\t","protected":false},"excerpt":{"rendered":"","protected":false},"author":1,"featured_media":0,"parent":0,"menu_order":0,"comment_status":"closed","ping_status":"closed","template":"","meta":{"_sitemap_exclude":false,"_sitemap_priority":"","_sitemap_frequency":"","pgc_sgb_lightbox_settings":"","footnotes":""},"class_list":["post-531","page","type-page","status-publish","hentry"],"yoast_head":"<!-- This site is optimized with the Yoast SEO plugin v27.5 - https:\/\/yoast.com\/product\/yoast-seo-wordpress\/ -->\n<title>Yang\u0131n Yetkisi - NEPTUN DEN\u0130ZC\u0130L\u0130K<\/title>\n<meta name=\"robots\" content=\"index, follow, max-snippet:-1, max-image-preview:large, max-video-preview:-1\" \/>\n<link rel=\"canonical\" href=\"https:\/\/neptunshipping.net\/tr\/?page_id=531\" \/>\n<meta property=\"og:locale\" content=\"tr_TR\" \/>\n<meta property=\"og:type\" content=\"article\" \/>\n<meta property=\"og:title\" content=\"Yang\u0131n Yetkisi - NEPTUN DEN\u0130ZC\u0130L\u0130K\" \/>\n<meta property=\"og:url\" content=\"https:\/\/neptunshipping.net\/tr\/?page_id=531\" \/>\n<meta property=\"og:site_name\" content=\"NEPTUN DEN\u0130ZC\u0130L\u0130K\" \/>\n<meta property=\"article:modified_time\" content=\"2026-01-13T11:48:29+00:00\" \/>\n<meta property=\"og:image\" content=\"https:\/\/neptunshipping.net\/tr\/wp-content\/uploads\/2026\/01\/Scan.jpg\" \/>\n\t<meta property=\"og:image:width\" content=\"1454\" \/>\n\t<meta property=\"og:image:height\" content=\"2303\" \/>\n\t<meta property=\"og:image:type\" content=\"image\/jpeg\" \/>\n<meta name=\"twitter:card\" content=\"summary_large_image\" \/>\n<script type=\"application\/ld+json\" class=\"yoast-schema-graph\">{\"@context\":\"https:\\\/\\\/schema.org\",\"@graph\":[{\"@type\":\"WebPage\",\"@id\":\"https:\\\/\\\/neptunshipping.net\\\/tr\\\/?page_id=531\",\"url\":\"https:\\\/\\\/neptunshipping.net\\\/tr\\\/?page_id=531\",\"name\":\"Yang\u0131n Yetkisi - NEPTUN DEN\u0130ZC\u0130L\u0130K\",\"isPartOf\":{\"@id\":\"https:\\\/\\\/neptunshipping.net\\\/tr\\\/#website\"},\"primaryImageOfPage\":{\"@id\":\"https:\\\/\\\/neptunshipping.net\\\/tr\\\/?page_id=531#primaryimage\"},\"image\":{\"@id\":\"https:\\\/\\\/neptunshipping.net\\\/tr\\\/?page_id=531#primaryimage\"},\"thumbnailUrl\":\"https:\\\/\\\/neptunshipping.net\\\/tr\\\/wp-content\\\/uploads\\\/2026\\\/01\\\/Scan-189x300.jpg\",\"datePublished\":\"2022-08-10T20:03:23+00:00\",\"dateModified\":\"2026-01-13T11:48:29+00:00\",\"breadcrumb\":{\"@id\":\"https:\\\/\\\/neptunshipping.net\\\/tr\\\/?page_id=531#breadcrumb\"},\"inLanguage\":\"tr\",\"potentialAction\":[{\"@type\":\"ReadAction\",\"target\":[\"https:\\\/\\\/neptunshipping.net\\\/tr\\\/?page_id=531\"]}]},{\"@type\":\"ImageObject\",\"inLanguage\":\"tr\",\"@id\":\"https:\\\/\\\/neptunshipping.net\\\/tr\\\/?page_id=531#primaryimage\",\"url\":\"https:\\\/\\\/neptunshipping.net\\\/tr\\\/wp-content\\\/uploads\\\/2026\\\/01\\\/Scan.jpg\",\"contentUrl\":\"https:\\\/\\\/neptunshipping.net\\\/tr\\\/wp-content\\\/uploads\\\/2026\\\/01\\\/Scan.jpg\",\"width\":1454,\"height\":2303},{\"@type\":\"BreadcrumbList\",\"@id\":\"https:\\\/\\\/neptunshipping.net\\\/tr\\\/?page_id=531#breadcrumb\",\"itemListElement\":[{\"@type\":\"ListItem\",\"position\":1,\"name\":\"Anasayfa\",\"item\":\"https:\\\/\\\/neptunshipping.net\\\/tr\\\/\"},{\"@type\":\"ListItem\",\"position\":2,\"name\":\"Yang\u0131n Yetkisi\"}]},{\"@type\":\"WebSite\",\"@id\":\"https:\\\/\\\/neptunshipping.net\\\/tr\\\/#website\",\"url\":\"https:\\\/\\\/neptunshipping.net\\\/tr\\\/\",\"name\":\"NEPTUN DEN\u0130ZC\u0130L\u0130K\",\"description\":\"MARINE FIRE FIGHTING, LIFERAFTS &amp; SAFETY EQUIPMENT\",\"potentialAction\":[{\"@type\":\"SearchAction\",\"target\":{\"@type\":\"EntryPoint\",\"urlTemplate\":\"https:\\\/\\\/neptunshipping.net\\\/tr\\\/?s={search_term_string}\"},\"query-input\":{\"@type\":\"PropertyValueSpecification\",\"valueRequired\":true,\"valueName\":\"search_term_string\"}}],\"inLanguage\":\"tr\"}]}<\/script>\n<!-- \/ Yoast SEO plugin. -->","yoast_head_json":{"title":"Yang\u0131n Yetkisi - NEPTUN DEN\u0130ZC\u0130L\u0130K","robots":{"index":"index","follow":"follow","max-snippet":"max-snippet:-1","max-image-preview":"max-image-preview:large","max-video-preview":"max-video-preview:-1"},"canonical":"https:\/\/neptunshipping.net\/tr\/?page_id=531","og_locale":"tr_TR","og_type":"article","og_title":"Yang\u0131n Yetkisi - NEPTUN DEN\u0130ZC\u0130L\u0130K","og_url":"https:\/\/neptunshipping.net\/tr\/?page_id=531","og_site_name":"NEPTUN DEN\u0130ZC\u0130L\u0130K","article_modified_time":"2026-01-13T11:48:29+00:00","og_image":[{"width":1454,"height":2303,"url":"https:\/\/neptunshipping.net\/tr\/wp-content\/uploads\/2026\/01\/Scan.jpg","type":"image\/jpeg"}],"twitter_card":"summary_large_image","schema":{"@context":"https:\/\/schema.org","@graph":[{"@type":"WebPage","@id":"https:\/\/neptunshipping.net\/tr\/?page_id=531","url":"https:\/\/neptunshipping.net\/tr\/?page_id=531","name":"Yang\u0131n Yetkisi - NEPTUN DEN\u0130ZC\u0130L\u0130K","isPartOf":{"@id":"https:\/\/neptunshipping.net\/tr\/#website"},"primaryImageOfPage":{"@id":"https:\/\/neptunshipping.net\/tr\/?page_id=531#primaryimage"},"image":{"@id":"https:\/\/neptunshipping.net\/tr\/?page_id=531#primaryimage"},"thumbnailUrl":"https:\/\/neptunshipping.net\/tr\/wp-content\/uploads\/2026\/01\/Scan-189x300.jpg","datePublished":"2022-08-10T20:03:23+00:00","dateModified":"2026-01-13T11:48:29+00:00","breadcrumb":{"@id":"https:\/\/neptunshipping.net\/tr\/?page_id=531#breadcrumb"},"inLanguage":"tr","potentialAction":[{"@type":"ReadAction","target":["https:\/\/neptunshipping.net\/tr\/?page_id=531"]}]},{"@type":"ImageObject","inLanguage":"tr","@id":"https:\/\/neptunshipping.net\/tr\/?page_id=531#primaryimage","url":"https:\/\/neptunshipping.net\/tr\/wp-content\/uploads\/2026\/01\/Scan.jpg","contentUrl":"https:\/\/neptunshipping.net\/tr\/wp-content\/uploads\/2026\/01\/Scan.jpg","width":1454,"height":2303},{"@type":"BreadcrumbList","@id":"https:\/\/neptunshipping.net\/tr\/?page_id=531#breadcrumb","itemListElement":[{"@type":"ListItem","position":1,"name":"Anasayfa","item":"https:\/\/neptunshipping.net\/tr\/"},{"@type":"ListItem","position":2,"name":"Yang\u0131n Yetkisi"}]},{"@type":"WebSite","@id":"https:\/\/neptunshipping.net\/tr\/#website","url":"https:\/\/neptunshipping.net\/tr\/","name":"NEPTUN DEN\u0130ZC\u0130L\u0130K","description":"MARINE FIRE FIGHTING, LIFERAFTS &amp; SAFETY EQUIPMENT","potentialAction":[{"@type":"SearchAction","target":{"@type":"EntryPoint","urlTemplate":"https:\/\/neptunshipping.net\/tr\/?s={search_term_string}"},"query-input":{"@type":"PropertyValueSpecification","valueRequired":true,"valueName":"search_term_string"}}],"inLanguage":"tr"}]}},"_links":{"self":[{"href":"https:\/\/neptunshipping.net\/tr\/index.php?rest_route=\/wp\/v2\/pages\/531","targetHints":{"allow":["GET"]}}],"collection":[{"href":"https:\/\/neptunshipping.net\/tr\/index.php?rest_route=\/wp\/v2\/pages"}],"about":[{"href":"https:\/\/neptunshipping.net\/tr\/index.php?rest_route=\/wp\/v2\/types\/page"}],"author":[{"embeddable":true,"href":"https:\/\/neptunshipping.net\/tr\/index.php?rest_route=\/wp\/v2\/users\/1"}],"replies":[{"embeddable":true,"href":"https:\/\/neptunshipping.net\/tr\/index.php?rest_route=%2Fwp%2Fv2%2Fcomments&post=531"}],"version-history":[{"count":13,"href":"https:\/\/neptunshipping.net\/tr\/index.php?rest_route=\/wp\/v2\/pages\/531\/revisions"}],"predecessor-version":[{"id":1474,"href":"https:\/\/neptunshipping.net\/tr\/index.php?rest_route=\/wp\/v2\/pages\/531\/revisions\/1474"}],"wp:attachment":[{"href":"https:\/\/neptunshipping.net\/tr\/index.php?rest_route=%2Fwp%2Fv2%2Fmedia&parent=531"}],"curies":[{"name":"wp","href":"https:\/\/api.w.org\/{rel}","templated":true}]}}