{"id":8,"date":"2022-08-10T23:13:58","date_gmt":"2022-08-10T20:13:58","guid":{"rendered":"https:\/\/neptunshipping.net\/tr\/?page_id=8&#038;lang=tr"},"modified":"2025-12-30T14:49:51","modified_gmt":"2025-12-30T11:49:51","slug":"iletisim","status":"publish","type":"page","link":"https:\/\/neptunshipping.net\/tr\/?page_id=8","title":{"rendered":"\u0130leti\u015fim"},"content":{"rendered":"\t\t<div data-elementor-type=\"wp-page\" data-elementor-id=\"8\" class=\"elementor elementor-8\">\n\t\t\t\t\t\t<section class=\"elementor-section elementor-top-section elementor-element elementor-element-548f00cc elementor-section-boxed elementor-section-height-default elementor-section-height-default\" data-id=\"548f00cc\" data-element_type=\"section\" data-e-type=\"section\">\n\t\t\t\t\t\t<div class=\"elementor-container elementor-column-gap-default\">\n\t\t\t\t\t<div class=\"elementor-column elementor-col-100 elementor-top-column elementor-element elementor-element-6911a22d\" data-id=\"6911a22d\" data-element_type=\"column\" data-e-type=\"column\">\n\t\t\t<div class=\"elementor-widget-wrap elementor-element-populated\">\n\t\t\t\t\t\t<div class=\"elementor-element elementor-element-4496fee elementor-widget elementor-widget-text-editor\" data-id=\"4496fee\" data-element_type=\"widget\" data-e-type=\"widget\" data-widget_type=\"text-editor.default\">\n\t\t\t\t<div class=\"elementor-widget-container\">\n\t\t\t\t\t\t\t\t\t<p><img class=\"alignnone size-medium wp-image-1015\" alt=\"\" \/><span style=\"color: #3366ff;\"><strong>\u0130RT\u0130BAT B\u0130LG\u0130LER\u0130<\/strong><\/span><\/p><p><b><span style=\"font-size: small;\">NEPT\u00dcN DEN\u0130ZC\u0130L\u0130K &amp; M\u00dcHEND\u0130SL\u0130K YANGIN S\u00d6ND\u00dcRME CAN SALI, CAN F\u0130L\u0130KASI SERV\u0130S TEST SERT\u0130F\u0130KALANDIRMA SAN. VE T\u0130C. LTDT<\/span><\/b><\/p><table border=\"0\" width=\"100%\"><tbody><tr><td><div style=\"padding-top: 20px;\"><p>\u00a0 \u00a0<img decoding=\"async\" class=\"alignnone wp-image-1361 size-full\" src=\"https:\/\/neptunshipping.net\/tr\/wp-content\/uploads\/2025\/12\/MERT-KANDIS-200-x-200-piksel.png\" alt=\"\" width=\"200\" height=\"200\" srcset=\"https:\/\/neptunshipping.net\/tr\/wp-content\/uploads\/2025\/12\/MERT-KANDIS-200-x-200-piksel.png 200w, https:\/\/neptunshipping.net\/tr\/wp-content\/uploads\/2025\/12\/MERT-KANDIS-200-x-200-piksel-150x150.png 150w\" sizes=\"(max-width: 200px) 100vw, 200px\" \/><span style=\"font-family: inherit;\"><img decoding=\"async\" class=\"alignnone wp-image-1414 size-full\" src=\"https:\/\/neptunshipping.net\/tr\/wp-content\/uploads\/2025\/12\/EZGIHNM.png\" alt=\"\" width=\"200\" height=\"200\" srcset=\"https:\/\/neptunshipping.net\/tr\/wp-content\/uploads\/2025\/12\/EZGIHNM.png 200w, https:\/\/neptunshipping.net\/tr\/wp-content\/uploads\/2025\/12\/EZGIHNM-150x150.png 150w\" sizes=\"(max-width: 200px) 100vw, 200px\" \/><\/span><\/p><p><span style=\"font-family: inherit;\"><img decoding=\"async\" class=\"alignnone wp-image-1412 size-full\" style=\"font-family: inherit; font-size: inherit;\" src=\"https:\/\/neptunshipping.net\/tr\/wp-content\/uploads\/2025\/12\/RIZAA.png\" alt=\"\" width=\"200\" height=\"200\" srcset=\"https:\/\/neptunshipping.net\/tr\/wp-content\/uploads\/2025\/12\/RIZAA.png 200w, https:\/\/neptunshipping.net\/tr\/wp-content\/uploads\/2025\/12\/RIZAA-150x150.png 150w\" sizes=\"(max-width: 200px) 100vw, 200px\" \/><\/span><span style=\"font-family: inherit;\"><img loading=\"lazy\" decoding=\"async\" class=\"alignnone size-full wp-image-1343\" style=\"font-family: inherit; font-size: inherit;\" src=\"https:\/\/neptunshipping.net\/tr\/wp-content\/uploads\/2025\/12\/1.png\" alt=\"\" width=\"200\" height=\"200\" srcset=\"https:\/\/neptunshipping.net\/tr\/wp-content\/uploads\/2025\/12\/1.png 200w, https:\/\/neptunshipping.net\/tr\/wp-content\/uploads\/2025\/12\/1-150x150.png 150w\" sizes=\"(max-width: 200px) 100vw, 200px\" \/><\/span><img loading=\"lazy\" decoding=\"async\" class=\"wp-image-1386 size-full alignnone\" style=\"font-family: inherit; font-size: inherit;\" src=\"https:\/\/neptunshipping.net\/tr\/wp-content\/uploads\/2025\/12\/MERT-KANDIS-200-x-200-piksel-3.png\" alt=\"\" width=\"200\" height=\"200\" srcset=\"https:\/\/neptunshipping.net\/tr\/wp-content\/uploads\/2025\/12\/MERT-KANDIS-200-x-200-piksel-3.png 200w, https:\/\/neptunshipping.net\/tr\/wp-content\/uploads\/2025\/12\/MERT-KANDIS-200-x-200-piksel-3-150x150.png 150w\" sizes=\"(max-width: 200px) 100vw, 200px\" \/><\/p><p><span style=\"font-family: inherit; font-size: inherit;\">\u00a0<\/span> <img loading=\"lazy\" decoding=\"async\" class=\"alignnone size-full wp-image-1416\" style=\"font-family: inherit; font-size: inherit;\" src=\"https:\/\/neptunshipping.net\/tr\/wp-content\/uploads\/2025\/12\/SAHINS.png\" alt=\"\" width=\"200\" height=\"200\" srcset=\"https:\/\/neptunshipping.net\/tr\/wp-content\/uploads\/2025\/12\/SAHINS.png 200w, https:\/\/neptunshipping.net\/tr\/wp-content\/uploads\/2025\/12\/SAHINS-150x150.png 150w\" sizes=\"(max-width: 200px) 100vw, 200px\" \/> <img loading=\"lazy\" decoding=\"async\" class=\"alignnone size-full wp-image-1417\" style=\"font-family: inherit; font-size: inherit;\" src=\"https:\/\/neptunshipping.net\/tr\/wp-content\/uploads\/2025\/12\/ALIS.png\" alt=\"\" width=\"200\" height=\"200\" srcset=\"https:\/\/neptunshipping.net\/tr\/wp-content\/uploads\/2025\/12\/ALIS.png 200w, https:\/\/neptunshipping.net\/tr\/wp-content\/uploads\/2025\/12\/ALIS-150x150.png 150w\" sizes=\"(max-width: 200px) 100vw, 200px\" \/><\/p><\/div><\/td><\/tr><\/tbody><\/table><p><\/p><\/div><\/div><\/div><\/div><\/div><\/section><\/div> <a href=\"https:\/\/neptunshipping.net\/tr\/?page_id=8#more-8\" class=\"more-link elementor-more-link\"><span aria-label=\"Okumaya devam et \u0130leti\u015fim\">(daha&amp;helliip;)<\/span><\/a>","protected":false},"excerpt":{"rendered":"<p>\u0130RT\u0130BAT B\u0130LG\u0130LER\u0130 NEPT\u00dcN DEN\u0130ZC\u0130L\u0130K &amp; M\u00dcHEND\u0130SL\u0130K YANGIN S\u00d6ND\u00dcRME CAN SALI, CAN F\u0130L\u0130KASI SERV\u0130S TEST SERT\u0130F\u0130KALANDIRMA SAN. VE T\u0130C. LTDT \u00a0 \u00a0 \u00a0<\/p>\n","protected":false},"author":1,"featured_media":0,"parent":0,"menu_order":0,"comment_status":"closed","ping_status":"closed","template":"","meta":{"_sitemap_exclude":false,"_sitemap_priority":"","_sitemap_frequency":"","pgc_sgb_lightbox_settings":"","footnotes":""},"class_list":["post-8","page","type-page","status-publish","hentry"],"yoast_head":"<!-- This site is optimized with the Yoast SEO plugin v27.5 - https:\/\/yoast.com\/product\/yoast-seo-wordpress\/ -->\n<title>\u0130leti\u015fim - NEPTUN DEN\u0130ZC\u0130L\u0130K<\/title>\n<meta name=\"robots\" content=\"index, follow, max-snippet:-1, max-image-preview:large, max-video-preview:-1\" \/>\n<link rel=\"canonical\" href=\"https:\/\/neptunshipping.net\/tr\/?page_id=8\" \/>\n<meta property=\"og:locale\" content=\"tr_TR\" \/>\n<meta property=\"og:type\" content=\"article\" \/>\n<meta property=\"og:title\" content=\"\u0130leti\u015fim - NEPTUN DEN\u0130ZC\u0130L\u0130K\" \/>\n<meta property=\"og:description\" content=\"\u0130RT\u0130BAT B\u0130LG\u0130LER\u0130 NEPT\u00dcN DEN\u0130ZC\u0130L\u0130K &amp; M\u00dcHEND\u0130SL\u0130K YANGIN S\u00d6ND\u00dcRME CAN SALI, CAN F\u0130L\u0130KASI SERV\u0130S TEST SERT\u0130F\u0130KALANDIRMA SAN. VE T\u0130C. LTDT \u00a0 \u00a0 \u00a0\" \/>\n<meta property=\"og:url\" content=\"https:\/\/neptunshipping.net\/tr\/?page_id=8\" \/>\n<meta property=\"og:site_name\" content=\"NEPTUN DEN\u0130ZC\u0130L\u0130K\" \/>\n<meta property=\"article:modified_time\" content=\"2025-12-30T11:49:51+00:00\" \/>\n<meta property=\"og:image\" content=\"https:\/\/neptunshipping.net\/tr\/wp-content\/uploads\/2025\/12\/MERT-KANDIS-200-x-200-piksel.png\" \/>\n\t<meta property=\"og:image:width\" content=\"200\" \/>\n\t<meta property=\"og:image:height\" content=\"200\" \/>\n\t<meta property=\"og:image:type\" content=\"image\/png\" \/>\n<meta name=\"twitter:card\" content=\"summary_large_image\" \/>\n<script type=\"application\/ld+json\" class=\"yoast-schema-graph\">{\"@context\":\"https:\\\/\\\/schema.org\",\"@graph\":[{\"@type\":\"WebPage\",\"@id\":\"https:\\\/\\\/neptunshipping.net\\\/tr\\\/?page_id=8\",\"url\":\"https:\\\/\\\/neptunshipping.net\\\/tr\\\/?page_id=8\",\"name\":\"\u0130leti\u015fim - NEPTUN DEN\u0130ZC\u0130L\u0130K\",\"isPartOf\":{\"@id\":\"https:\\\/\\\/neptunshipping.net\\\/tr\\\/#website\"},\"primaryImageOfPage\":{\"@id\":\"https:\\\/\\\/neptunshipping.net\\\/tr\\\/?page_id=8#primaryimage\"},\"image\":{\"@id\":\"https:\\\/\\\/neptunshipping.net\\\/tr\\\/?page_id=8#primaryimage\"},\"thumbnailUrl\":\"https:\\\/\\\/neptunshipping.net\\\/tr\\\/wp-content\\\/uploads\\\/2025\\\/12\\\/MERT-KANDIS-200-x-200-piksel.png\",\"datePublished\":\"2022-08-10T20:13:58+00:00\",\"dateModified\":\"2025-12-30T11:49:51+00:00\",\"breadcrumb\":{\"@id\":\"https:\\\/\\\/neptunshipping.net\\\/tr\\\/?page_id=8#breadcrumb\"},\"inLanguage\":\"tr\",\"potentialAction\":[{\"@type\":\"ReadAction\",\"target\":[\"https:\\\/\\\/neptunshipping.net\\\/tr\\\/?page_id=8\"]}]},{\"@type\":\"ImageObject\",\"inLanguage\":\"tr\",\"@id\":\"https:\\\/\\\/neptunshipping.net\\\/tr\\\/?page_id=8#primaryimage\",\"url\":\"https:\\\/\\\/neptunshipping.net\\\/tr\\\/wp-content\\\/uploads\\\/2025\\\/12\\\/MERT-KANDIS-200-x-200-piksel.png\",\"contentUrl\":\"https:\\\/\\\/neptunshipping.net\\\/tr\\\/wp-content\\\/uploads\\\/2025\\\/12\\\/MERT-KANDIS-200-x-200-piksel.png\",\"width\":200,\"height\":200},{\"@type\":\"BreadcrumbList\",\"@id\":\"https:\\\/\\\/neptunshipping.net\\\/tr\\\/?page_id=8#breadcrumb\",\"itemListElement\":[{\"@type\":\"ListItem\",\"position\":1,\"name\":\"Anasayfa\",\"item\":\"https:\\\/\\\/neptunshipping.net\\\/tr\\\/\"},{\"@type\":\"ListItem\",\"position\":2,\"name\":\"\u0130leti\u015fim\"}]},{\"@type\":\"WebSite\",\"@id\":\"https:\\\/\\\/neptunshipping.net\\\/tr\\\/#website\",\"url\":\"https:\\\/\\\/neptunshipping.net\\\/tr\\\/\",\"name\":\"NEPTUN DEN\u0130ZC\u0130L\u0130K\",\"description\":\"MARINE FIRE FIGHTING, LIFERAFTS &amp; SAFETY EQUIPMENT\",\"potentialAction\":[{\"@type\":\"SearchAction\",\"target\":{\"@type\":\"EntryPoint\",\"urlTemplate\":\"https:\\\/\\\/neptunshipping.net\\\/tr\\\/?s={search_term_string}\"},\"query-input\":{\"@type\":\"PropertyValueSpecification\",\"valueRequired\":true,\"valueName\":\"search_term_string\"}}],\"inLanguage\":\"tr\"}]}<\/script>\n<!-- \/ Yoast SEO plugin. -->","yoast_head_json":{"title":"\u0130leti\u015fim - NEPTUN DEN\u0130ZC\u0130L\u0130K","robots":{"index":"index","follow":"follow","max-snippet":"max-snippet:-1","max-image-preview":"max-image-preview:large","max-video-preview":"max-video-preview:-1"},"canonical":"https:\/\/neptunshipping.net\/tr\/?page_id=8","og_locale":"tr_TR","og_type":"article","og_title":"\u0130leti\u015fim - NEPTUN DEN\u0130ZC\u0130L\u0130K","og_description":"\u0130RT\u0130BAT B\u0130LG\u0130LER\u0130 NEPT\u00dcN DEN\u0130ZC\u0130L\u0130K &amp; M\u00dcHEND\u0130SL\u0130K YANGIN S\u00d6ND\u00dcRME CAN SALI, CAN F\u0130L\u0130KASI SERV\u0130S TEST SERT\u0130F\u0130KALANDIRMA SAN. VE T\u0130C. LTDT \u00a0 \u00a0 \u00a0","og_url":"https:\/\/neptunshipping.net\/tr\/?page_id=8","og_site_name":"NEPTUN DEN\u0130ZC\u0130L\u0130K","article_modified_time":"2025-12-30T11:49:51+00:00","og_image":[{"width":200,"height":200,"url":"https:\/\/neptunshipping.net\/tr\/wp-content\/uploads\/2025\/12\/MERT-KANDIS-200-x-200-piksel.png","type":"image\/png"}],"twitter_card":"summary_large_image","schema":{"@context":"https:\/\/schema.org","@graph":[{"@type":"WebPage","@id":"https:\/\/neptunshipping.net\/tr\/?page_id=8","url":"https:\/\/neptunshipping.net\/tr\/?page_id=8","name":"\u0130leti\u015fim - NEPTUN DEN\u0130ZC\u0130L\u0130K","isPartOf":{"@id":"https:\/\/neptunshipping.net\/tr\/#website"},"primaryImageOfPage":{"@id":"https:\/\/neptunshipping.net\/tr\/?page_id=8#primaryimage"},"image":{"@id":"https:\/\/neptunshipping.net\/tr\/?page_id=8#primaryimage"},"thumbnailUrl":"https:\/\/neptunshipping.net\/tr\/wp-content\/uploads\/2025\/12\/MERT-KANDIS-200-x-200-piksel.png","datePublished":"2022-08-10T20:13:58+00:00","dateModified":"2025-12-30T11:49:51+00:00","breadcrumb":{"@id":"https:\/\/neptunshipping.net\/tr\/?page_id=8#breadcrumb"},"inLanguage":"tr","potentialAction":[{"@type":"ReadAction","target":["https:\/\/neptunshipping.net\/tr\/?page_id=8"]}]},{"@type":"ImageObject","inLanguage":"tr","@id":"https:\/\/neptunshipping.net\/tr\/?page_id=8#primaryimage","url":"https:\/\/neptunshipping.net\/tr\/wp-content\/uploads\/2025\/12\/MERT-KANDIS-200-x-200-piksel.png","contentUrl":"https:\/\/neptunshipping.net\/tr\/wp-content\/uploads\/2025\/12\/MERT-KANDIS-200-x-200-piksel.png","width":200,"height":200},{"@type":"BreadcrumbList","@id":"https:\/\/neptunshipping.net\/tr\/?page_id=8#breadcrumb","itemListElement":[{"@type":"ListItem","position":1,"name":"Anasayfa","item":"https:\/\/neptunshipping.net\/tr\/"},{"@type":"ListItem","position":2,"name":"\u0130leti\u015fim"}]},{"@type":"WebSite","@id":"https:\/\/neptunshipping.net\/tr\/#website","url":"https:\/\/neptunshipping.net\/tr\/","name":"NEPTUN DEN\u0130ZC\u0130L\u0130K","description":"MARINE FIRE FIGHTING, LIFERAFTS &amp; SAFETY EQUIPMENT","potentialAction":[{"@type":"SearchAction","target":{"@type":"EntryPoint","urlTemplate":"https:\/\/neptunshipping.net\/tr\/?s={search_term_string}"},"query-input":{"@type":"PropertyValueSpecification","valueRequired":true,"valueName":"search_term_string"}}],"inLanguage":"tr"}]}},"_links":{"self":[{"href":"https:\/\/neptunshipping.net\/tr\/index.php?rest_route=\/wp\/v2\/pages\/8","targetHints":{"allow":["GET"]}}],"collection":[{"href":"https:\/\/neptunshipping.net\/tr\/index.php?rest_route=\/wp\/v2\/pages"}],"about":[{"href":"https:\/\/neptunshipping.net\/tr\/index.php?rest_route=\/wp\/v2\/types\/page"}],"author":[{"embeddable":true,"href":"https:\/\/neptunshipping.net\/tr\/index.php?rest_route=\/wp\/v2\/users\/1"}],"replies":[{"embeddable":true,"href":"https:\/\/neptunshipping.net\/tr\/index.php?rest_route=%2Fwp%2Fv2%2Fcomments&post=8"}],"version-history":[{"count":98,"href":"https:\/\/neptunshipping.net\/tr\/index.php?rest_route=\/wp\/v2\/pages\/8\/revisions"}],"predecessor-version":[{"id":1435,"href":"https:\/\/neptunshipping.net\/tr\/index.php?rest_route=\/wp\/v2\/pages\/8\/revisions\/1435"}],"wp:attachment":[{"href":"https:\/\/neptunshipping.net\/tr\/index.php?rest_route=%2Fwp%2Fv2%2Fmedia&parent=8"}],"curies":[{"name":"wp","href":"https:\/\/api.w.org\/{rel}","templated":true}]}}