{"id":1028,"date":"2022-08-10T14:52:06","date_gmt":"2022-08-10T11:52:06","guid":{"rendered":"https:\/\/neptunshipping.net\/tr\/?page_id=1028"},"modified":"2022-08-10T19:47:14","modified_gmt":"2022-08-10T16:47:14","slug":"ana-sayfa","status":"publish","type":"page","link":"https:\/\/neptunshipping.net\/tr\/","title":{"rendered":"Ana Sayfa"},"content":{"rendered":"<p>Genel M\u00fcd\u00fcr Farabi Cihan BOZCUK, 1977 y\u0131l\u0131nda Y\u00fcksek Denizcilik Okulu Gemi Makineleri \u0130\u015fletme M\u00fchendisli\u011finden mezun olup muhtelif gemilerde Makine Zabiti ve Ba\u015fm\u00fchendis olarak \u00e7al\u0131\u015fm\u0131\u015ft\u0131r. 1986 y\u0131l\u0131nda kurmu\u015f oldu\u011fu \u015firketlerle \u0130skenderunda gemilere kumanya, malzeme ve gemi onar\u0131m\u0131 alan\u0131nda hizmetler veren \u015firkette faaliyetlerini s\u00fcrd\u00fcrm\u00fc\u015ft\u00fcr.<\/p>\n<p>May\u0131s 2005 y\u0131l\u0131nda \u0130skenderun k\u00f6rfezi ve Mersin civar\u0131nda hizmet vermek \u00fczere Nept\u00fcn Denizcilik ve M\u00fchendislik Yang\u0131n S\u00f6nd\u00fcrme Can Sal\u0131, Can Filikalar\u0131 Servis Test Sertifikaland\u0131rma San. ve Tic. Ltd. \u015eti. Kurulup Yang\u0131n S\u00f6nd\u00fcrme, Can Sal\u0131, Can Filikalar\u0131 Servis, test ve Sertifikaland\u0131r\u0131lma , Ship Repair (Gemi Tamiri) hizmetleri verilen firmada Genel M\u00fcd\u00fcr. vasf\u0131yla faaliyetini s\u00fcrd\u00fcrmektedir.<\/p>\n<p>\u0130skenderun Sanayisinde tam donan\u0131ml\u0131 Can Sal\u0131 i\u00e7in 350 m2 yang\u0131n s\u00f6nd\u00fcrme i\u00e7in 450 m2 lik iki katl\u0131 binam\u0131zda hizmetler 9 ki\u015filik uzman ekibimizle 3 kamyonetimizle ve di\u011fer b\u00fcro ara\u00e7 gere\u00e7lerimiz ile 7 g\u00fcn 24 saat hizmetlerimiz verilmektedir.<\/p>\n","protected":false},"excerpt":{"rendered":"<p>Genel M\u00fcd\u00fcr Farabi Cihan BOZCUK, 1977 y\u0131l\u0131nda Y\u00fcksek Denizcilik Okulu Gemi Makineleri \u0130\u015fletme M\u00fchendisli\u011finden mezun olup muhtelif gemilerde Makine Zabiti ve Ba\u015fm\u00fchendis [&hellip;]<\/p>\n","protected":false},"author":1,"featured_media":0,"parent":0,"menu_order":0,"comment_status":"closed","ping_status":"closed","template":"","meta":{"_sitemap_exclude":false,"_sitemap_priority":"","_sitemap_frequency":"","pgc_sgb_lightbox_settings":"","footnotes":""},"class_list":["post-1028","page","type-page","status-publish","hentry"],"yoast_head":"<!-- This site is optimized with the Yoast SEO plugin v27.5 - https:\/\/yoast.com\/product\/yoast-seo-wordpress\/ -->\n<title>Ana Sayfa - NEPTUN DEN\u0130ZC\u0130L\u0130K<\/title>\n<meta name=\"robots\" content=\"index, follow, max-snippet:-1, max-image-preview:large, max-video-preview:-1\" \/>\n<link rel=\"canonical\" href=\"https:\/\/neptunshipping.net\/tr\/\" \/>\n<meta property=\"og:locale\" content=\"tr_TR\" \/>\n<meta property=\"og:type\" content=\"article\" \/>\n<meta property=\"og:title\" content=\"Ana Sayfa - NEPTUN DEN\u0130ZC\u0130L\u0130K\" \/>\n<meta property=\"og:description\" content=\"Genel M\u00fcd\u00fcr Farabi Cihan BOZCUK, 1977 y\u0131l\u0131nda Y\u00fcksek Denizcilik Okulu Gemi Makineleri \u0130\u015fletme M\u00fchendisli\u011finden mezun olup muhtelif gemilerde Makine Zabiti ve Ba\u015fm\u00fchendis [&hellip;]\" \/>\n<meta property=\"og:url\" content=\"https:\/\/neptunshipping.net\/tr\/\" \/>\n<meta property=\"og:site_name\" content=\"NEPTUN DEN\u0130ZC\u0130L\u0130K\" \/>\n<meta property=\"article:modified_time\" content=\"2022-08-10T16:47:14+00:00\" \/>\n<meta name=\"twitter:card\" content=\"summary_large_image\" \/>\n<meta name=\"twitter:label1\" content=\"Tahmini okuma s\u00fcresi\" \/>\n\t<meta name=\"twitter:data1\" content=\"1 dakika\" \/>\n<script type=\"application\/ld+json\" class=\"yoast-schema-graph\">{\"@context\":\"https:\\\/\\\/schema.org\",\"@graph\":[{\"@type\":\"WebPage\",\"@id\":\"https:\\\/\\\/neptunshipping.net\\\/tr\\\/\",\"url\":\"https:\\\/\\\/neptunshipping.net\\\/tr\\\/\",\"name\":\"Ana Sayfa - NEPTUN DEN\u0130ZC\u0130L\u0130K\",\"isPartOf\":{\"@id\":\"https:\\\/\\\/neptunshipping.net\\\/tr\\\/#website\"},\"datePublished\":\"2022-08-10T11:52:06+00:00\",\"dateModified\":\"2022-08-10T16:47:14+00:00\",\"breadcrumb\":{\"@id\":\"https:\\\/\\\/neptunshipping.net\\\/tr\\\/#breadcrumb\"},\"inLanguage\":\"tr\",\"potentialAction\":[{\"@type\":\"ReadAction\",\"target\":[\"https:\\\/\\\/neptunshipping.net\\\/tr\\\/\"]}]},{\"@type\":\"BreadcrumbList\",\"@id\":\"https:\\\/\\\/neptunshipping.net\\\/tr\\\/#breadcrumb\",\"itemListElement\":[{\"@type\":\"ListItem\",\"position\":1,\"name\":\"Anasayfa\",\"item\":\"https:\\\/\\\/neptunshipping.net\\\/tr\\\/\"},{\"@type\":\"ListItem\",\"position\":2,\"name\":\"Ana Sayfa\"}]},{\"@type\":\"WebSite\",\"@id\":\"https:\\\/\\\/neptunshipping.net\\\/tr\\\/#website\",\"url\":\"https:\\\/\\\/neptunshipping.net\\\/tr\\\/\",\"name\":\"NEPTUN DEN\u0130ZC\u0130L\u0130K\",\"description\":\"MARINE FIRE FIGHTING, LIFERAFTS &amp; SAFETY EQUIPMENT\",\"potentialAction\":[{\"@type\":\"SearchAction\",\"target\":{\"@type\":\"EntryPoint\",\"urlTemplate\":\"https:\\\/\\\/neptunshipping.net\\\/tr\\\/?s={search_term_string}\"},\"query-input\":{\"@type\":\"PropertyValueSpecification\",\"valueRequired\":true,\"valueName\":\"search_term_string\"}}],\"inLanguage\":\"tr\"}]}<\/script>\n<!-- \/ Yoast SEO plugin. -->","yoast_head_json":{"title":"Ana Sayfa - NEPTUN DEN\u0130ZC\u0130L\u0130K","robots":{"index":"index","follow":"follow","max-snippet":"max-snippet:-1","max-image-preview":"max-image-preview:large","max-video-preview":"max-video-preview:-1"},"canonical":"https:\/\/neptunshipping.net\/tr\/","og_locale":"tr_TR","og_type":"article","og_title":"Ana Sayfa - NEPTUN DEN\u0130ZC\u0130L\u0130K","og_description":"Genel M\u00fcd\u00fcr Farabi Cihan BOZCUK, 1977 y\u0131l\u0131nda Y\u00fcksek Denizcilik Okulu Gemi Makineleri \u0130\u015fletme M\u00fchendisli\u011finden mezun olup muhtelif gemilerde Makine Zabiti ve Ba\u015fm\u00fchendis [&hellip;]","og_url":"https:\/\/neptunshipping.net\/tr\/","og_site_name":"NEPTUN DEN\u0130ZC\u0130L\u0130K","article_modified_time":"2022-08-10T16:47:14+00:00","twitter_card":"summary_large_image","twitter_misc":{"Tahmini okuma s\u00fcresi":"1 dakika"},"schema":{"@context":"https:\/\/schema.org","@graph":[{"@type":"WebPage","@id":"https:\/\/neptunshipping.net\/tr\/","url":"https:\/\/neptunshipping.net\/tr\/","name":"Ana Sayfa - NEPTUN DEN\u0130ZC\u0130L\u0130K","isPartOf":{"@id":"https:\/\/neptunshipping.net\/tr\/#website"},"datePublished":"2022-08-10T11:52:06+00:00","dateModified":"2022-08-10T16:47:14+00:00","breadcrumb":{"@id":"https:\/\/neptunshipping.net\/tr\/#breadcrumb"},"inLanguage":"tr","potentialAction":[{"@type":"ReadAction","target":["https:\/\/neptunshipping.net\/tr\/"]}]},{"@type":"BreadcrumbList","@id":"https:\/\/neptunshipping.net\/tr\/#breadcrumb","itemListElement":[{"@type":"ListItem","position":1,"name":"Anasayfa","item":"https:\/\/neptunshipping.net\/tr\/"},{"@type":"ListItem","position":2,"name":"Ana Sayfa"}]},{"@type":"WebSite","@id":"https:\/\/neptunshipping.net\/tr\/#website","url":"https:\/\/neptunshipping.net\/tr\/","name":"NEPTUN DEN\u0130ZC\u0130L\u0130K","description":"MARINE FIRE FIGHTING, LIFERAFTS &amp; SAFETY EQUIPMENT","potentialAction":[{"@type":"SearchAction","target":{"@type":"EntryPoint","urlTemplate":"https:\/\/neptunshipping.net\/tr\/?s={search_term_string}"},"query-input":{"@type":"PropertyValueSpecification","valueRequired":true,"valueName":"search_term_string"}}],"inLanguage":"tr"}]}},"_links":{"self":[{"href":"https:\/\/neptunshipping.net\/tr\/index.php?rest_route=\/wp\/v2\/pages\/1028","targetHints":{"allow":["GET"]}}],"collection":[{"href":"https:\/\/neptunshipping.net\/tr\/index.php?rest_route=\/wp\/v2\/pages"}],"about":[{"href":"https:\/\/neptunshipping.net\/tr\/index.php?rest_route=\/wp\/v2\/types\/page"}],"author":[{"embeddable":true,"href":"https:\/\/neptunshipping.net\/tr\/index.php?rest_route=\/wp\/v2\/users\/1"}],"replies":[{"embeddable":true,"href":"https:\/\/neptunshipping.net\/tr\/index.php?rest_route=%2Fwp%2Fv2%2Fcomments&post=1028"}],"version-history":[{"count":2,"href":"https:\/\/neptunshipping.net\/tr\/index.php?rest_route=\/wp\/v2\/pages\/1028\/revisions"}],"predecessor-version":[{"id":1037,"href":"https:\/\/neptunshipping.net\/tr\/index.php?rest_route=\/wp\/v2\/pages\/1028\/revisions\/1037"}],"wp:attachment":[{"href":"https:\/\/neptunshipping.net\/tr\/index.php?rest_route=%2Fwp%2Fv2%2Fmedia&parent=1028"}],"curies":[{"name":"wp","href":"https:\/\/api.w.org\/{rel}","templated":true}]}}