{"id":22,"date":"2022-08-10T20:03:25","date_gmt":"2022-08-10T17:03:25","guid":{"rendered":"https:\/\/neptunshipping.net\/tr\/?page_id=22"},"modified":"2022-08-10T20:07:52","modified_gmt":"2022-08-10T17:07:52","slug":"hizmetlerimiz","status":"publish","type":"page","link":"https:\/\/neptunshipping.net\/tr\/?page_id=22","title":{"rendered":"Hizmetlerimiz"},"content":{"rendered":"<table style=\"width: 600px;\">\n<tbody>\n<tr>\n<td><strong>NEPT\u00dcN Co. Ltd. yang\u0131n alan\u0131nda 24 saat hizmet anlay\u0131\u015f\u0131yla servis vermektedir.<\/strong><br \/>\n&#8211; PORTABLE NON-PORTABLE YANGIN S\u00d6ND\u00dcR\u00dcC\u00dcLER<br \/>\n&#8211; BREATHING APPARATUS (SOLUNUM SETLER\u0130)<br \/>\n&#8211; E.E.B.D. (AC\u0130L KA\u00c7I\u015e SETLER\u0130)<br \/>\n&#8211; MEDICAL OXYGEN RESUSCITATOR<br \/>\n&#8211; CO2 \/ HALON \/ POWDER SAB\u0130T S\u0130STEM<br \/>\n&#8211; FOAM (K\u00d6P\u00dcK) ANAL\u0130Z\u0130<br \/>\n&#8211; YANGIN HORTUMU \/ NOZULU \/ REKORLARI\u00a0&#8211; SMOKE DEDECTION SYSTEMS (DUMAN ALGILAMA S\u0130STEMLER\u0130)<\/td>\n<td><img decoding=\"async\" class=\"alignnone size-full wp-image-70\" src=\"http:\/\/www.neptunshipping.net\/tr\/wp-content\/uploads\/2014\/06\/mavikromlu_kucuk.jpg\" alt=\"mavikromlu_kucuk\" width=\"180\" height=\"245\" \/><\/td>\n<\/tr>\n<\/tbody>\n<\/table>\n<table style=\"width: 600px;\">\n<tbody>\n<tr>\n<td><img decoding=\"async\" class=\"alignnone wp-image-62\" src=\"http:\/\/www.neptunshipping.net\/tr\/wp-content\/uploads\/2014\/06\/fp5Tup1.jpg\" alt=\"fp5Tup[1]\" width=\"176\" height=\"163\" \/><\/td>\n<td><img decoding=\"async\" class=\"alignnone wp-image-63\" src=\"http:\/\/www.neptunshipping.net\/tr\/wp-content\/uploads\/2014\/06\/dolap_k.jpg\" alt=\"dolap_k\" width=\"122\" height=\"176\" \/><\/td>\n<td><img loading=\"lazy\" decoding=\"async\" class=\" wp-image-64 alignright\" src=\"http:\/\/www.neptunshipping.net\/tr\/wp-content\/uploads\/2014\/06\/pic27BUYUK-300x185.jpg\" alt=\"pic27BUYUK\" width=\"270\" height=\"167\" \/><\/td>\n<\/tr>\n<\/tbody>\n<\/table>\n<p style=\"text-align: justify;\" align=\"left\"><strong>YEN\u0130LEME + KONTROL + DOLUM + BAKIM + H\u0130DROSTAT\u0130K TEST VE SERT\u0130F\u0130KALANDIRMA KONUSUNDA H\u0130ZMET\u0130N\u0130ZDEY\u0130Z&#8230;<\/strong><\/p>\n<p style=\"text-align: justify;\" align=\"left\"><span style=\"color: #3366ff;\"><strong><span style=\"font-family: 'Arial Black'; font-size: small;\"> CAN SALINDA YAPILAN H\u0130ZMETLER\u0130M\u0130Z<\/span><\/strong><\/span><\/p>\n<table style=\"width: 600px;\">\n<tbody>\n<tr>\n<td>&#8211; CANSALI BAKIM VE SERT\u0130F\u0130KALANDIRILMASI<br \/>\n&#8211; YEDEK CANSALI<br \/>\n&#8211; CANSALI SATI\u015eI<br \/>\n&#8211; CANSALI MALZEMELER\u0130<br \/>\n&#8211; F\u0130L\u0130KA MALZEMELER\u0130<\/td>\n<td><img loading=\"lazy\" decoding=\"async\" class=\"alignnone wp-image-77\" src=\"http:\/\/www.neptunshipping.net\/tr\/wp-content\/uploads\/2014\/06\/RFD1-300x220.jpg\" alt=\"RFD[1]\" width=\"270\" height=\"198\" \/><\/td>\n<\/tr>\n<\/tbody>\n<\/table>\n<table style=\"width: 600px;\">\n<tbody>\n<tr>\n<td><a href=\"http:\/\/www.neptunshipping.net\/tr\/wp-content\/uploads\/2014\/06\/SAM_0175.jpg\"><img loading=\"lazy\" decoding=\"async\" class=\"alignnone wp-image-494\" src=\"http:\/\/www.neptunshipping.net\/tr\/wp-content\/uploads\/2014\/06\/SAM_0175.jpg\" alt=\"SAM_0175\" width=\"300\" height=\"225\" \/><\/a><\/td>\n<td><a href=\"http:\/\/www.neptunshipping.net\/tr\/wp-content\/uploads\/2014\/06\/SDC10164.jpg\"><img loading=\"lazy\" decoding=\"async\" class=\"alignnone wp-image-495\" src=\"http:\/\/www.neptunshipping.net\/tr\/wp-content\/uploads\/2014\/06\/SDC10164.jpg\" alt=\"????????????????????????????\" width=\"300\" height=\"225\" \/><\/a><\/td>\n<\/tr>\n<tr>\n<td><a href=\"http:\/\/www.neptunshipping.net\/tr\/wp-content\/uploads\/2014\/06\/SDC10174.jpg\"><img loading=\"lazy\" decoding=\"async\" class=\"alignnone wp-image-496\" src=\"http:\/\/www.neptunshipping.net\/tr\/wp-content\/uploads\/2014\/06\/SDC10174.jpg\" alt=\"????????????????????????????\" width=\"300\" height=\"225\" \/><\/a><\/td>\n<td><a href=\"http:\/\/www.neptunshipping.net\/tr\/wp-content\/uploads\/2014\/06\/SDC10267.jpg\"><img loading=\"lazy\" decoding=\"async\" class=\"alignnone wp-image-497\" src=\"http:\/\/www.neptunshipping.net\/tr\/wp-content\/uploads\/2014\/06\/SDC10267.jpg\" alt=\"????????????????????????????\" width=\"300\" height=\"225\" \/><\/a><\/td>\n<\/tr>\n<tr>\n<td><a href=\"http:\/\/www.neptunshipping.net\/tr\/wp-content\/uploads\/2014\/06\/SDC10706.jpg\"><img loading=\"lazy\" decoding=\"async\" class=\"alignnone wp-image-498\" src=\"http:\/\/www.neptunshipping.net\/tr\/wp-content\/uploads\/2014\/06\/SDC10706.jpg\" alt=\"????????????????????????????\" width=\"300\" height=\"225\" \/><\/a><\/td>\n<td><\/td>\n<\/tr>\n<\/tbody>\n<\/table>\n<h4><strong><span style=\"color: #3366ff;\">Life Boat Davit, Winch servis ve sertifikaland\u0131rma<\/span><\/strong><\/h4>\n<p><strong><span style=\"color: #3366ff; font-family: 'Arial Black'; font-size: small;\"> Crane Y\u00fck Testi<\/span><\/strong><\/p>\n<table style=\"width: 600px;\">\n<tbody>\n<tr>\n<td><img loading=\"lazy\" decoding=\"async\" class=\"alignnone size-full wp-image-82\" src=\"http:\/\/www.neptunshipping.net\/tr\/wp-content\/uploads\/2014\/06\/crane3.jpg\" alt=\"crane3\" width=\"200\" height=\"150\" \/><\/td>\n<td><img loading=\"lazy\" decoding=\"async\" class=\"alignnone size-full wp-image-84\" src=\"http:\/\/www.neptunshipping.net\/tr\/wp-content\/uploads\/2014\/06\/fli1.jpg\" alt=\"fli1\" width=\"200\" height=\"149\" \/><\/td>\n<td><img loading=\"lazy\" decoding=\"async\" class=\"alignnone size-full wp-image-85\" src=\"http:\/\/www.neptunshipping.net\/tr\/wp-content\/uploads\/2014\/06\/fli2.jpg\" alt=\"fli2\" width=\"200\" height=\"149\" \/><\/td>\n<\/tr>\n<\/tbody>\n<\/table>\n<p><strong><span style=\"color: #3366ff; font-family: 'Arial Black'; font-size: small;\">Kalibrasyon Ve Analiz<\/span><\/strong><\/p>\n<table border=\"0\" width=\"100%\">\n<tbody>\n<tr>\n<td>&#8211; Yang\u0131n S\u00f6nd\u00fcrme K\u00f6p\u00fck Analizi<\/td>\n<\/tr>\n<tr>\n<td>&#8211; S\u0131\u00e7akl\u0131k ve Bas\u0131n\u00e7 Analizi<\/td>\n<\/tr>\n<tr>\n<td>&#8211; Gaz Alg\u0131lama Cihazlar\u0131n Kalibrasyonu<\/td>\n<\/tr>\n<\/tbody>\n<\/table>\n<table border=\"0\" width=\"100%\">\n<tbody>\n<tr>\n<td><img loading=\"lazy\" decoding=\"async\" class=\"alignnone size-full wp-image-90\" src=\"http:\/\/www.neptunshipping.net\/tr\/wp-content\/uploads\/2014\/06\/resim1.jpg\" alt=\"resim1\" width=\"200\" height=\"149\" \/><\/td>\n<td><img loading=\"lazy\" decoding=\"async\" class=\"alignnone size-medium wp-image-91\" src=\"http:\/\/www.neptunshipping.net\/tr\/wp-content\/uploads\/2014\/06\/resim2.jpg\" alt=\"resim2\" width=\"200\" height=\"149\" \/><\/td>\n<\/tr>\n<\/tbody>\n<\/table>\n<h4><strong><span style=\"color: #3366ff;\">Sart, Epirb Servis ve Sertifikaland\u0131rma<\/span><\/strong><\/h4>\n<table border=\"0\" width=\"100%\">\n<tbody>\n<tr>\n<td><img loading=\"lazy\" decoding=\"async\" class=\"alignnone size-full wp-image-92\" src=\"http:\/\/www.neptunshipping.net\/tr\/wp-content\/uploads\/2014\/06\/ress1.jpg\" alt=\"ress1\" width=\"200\" height=\"149\" \/><\/td>\n<td><img loading=\"lazy\" decoding=\"async\" class=\"alignnone size-medium wp-image-93\" src=\"http:\/\/www.neptunshipping.net\/tr\/wp-content\/uploads\/2014\/06\/ress2.jpg\" alt=\"ress2\" width=\"287\" height=\"149\" \/><\/td>\n<\/tr>\n<\/tbody>\n<\/table>\n","protected":false},"excerpt":{"rendered":"<p>NEPT\u00dcN Co. Ltd. yang\u0131n alan\u0131nda 24 saat hizmet anlay\u0131\u015f\u0131yla servis vermektedir. &#8211; PORTABLE NON-PORTABLE YANGIN S\u00d6ND\u00dcR\u00dcC\u00dcLER &#8211; BREATHING APPARATUS (SOLUNUM SETLER\u0130) &#8211; [&hellip;]<\/p>\n","protected":false},"author":1,"featured_media":0,"parent":0,"menu_order":0,"comment_status":"closed","ping_status":"closed","template":"","meta":{"_sitemap_exclude":false,"_sitemap_priority":"","_sitemap_frequency":"","pgc_sgb_lightbox_settings":"","footnotes":""},"class_list":["post-22","page","type-page","status-publish","hentry"],"yoast_head":"<!-- This site is optimized with the Yoast SEO plugin v27.5 - https:\/\/yoast.com\/product\/yoast-seo-wordpress\/ -->\n<title>Hizmetlerimiz - NEPTUN DEN\u0130ZC\u0130L\u0130K<\/title>\n<meta name=\"robots\" content=\"index, follow, max-snippet:-1, max-image-preview:large, max-video-preview:-1\" \/>\n<link rel=\"canonical\" href=\"https:\/\/neptunshipping.net\/tr\/?page_id=22\" \/>\n<meta property=\"og:locale\" content=\"tr_TR\" \/>\n<meta property=\"og:type\" content=\"article\" \/>\n<meta property=\"og:title\" content=\"Hizmetlerimiz - NEPTUN DEN\u0130ZC\u0130L\u0130K\" \/>\n<meta property=\"og:description\" content=\"NEPT\u00dcN Co. Ltd. yang\u0131n alan\u0131nda 24 saat hizmet anlay\u0131\u015f\u0131yla servis vermektedir. &#8211; PORTABLE NON-PORTABLE YANGIN S\u00d6ND\u00dcR\u00dcC\u00dcLER &#8211; BREATHING APPARATUS (SOLUNUM SETLER\u0130) &#8211; [&hellip;]\" \/>\n<meta property=\"og:url\" content=\"https:\/\/neptunshipping.net\/tr\/?page_id=22\" \/>\n<meta property=\"og:site_name\" content=\"NEPTUN DEN\u0130ZC\u0130L\u0130K\" \/>\n<meta property=\"article:modified_time\" content=\"2022-08-10T17:07:52+00:00\" \/>\n<meta property=\"og:image\" content=\"http:\/\/www.neptunshipping.net\/tr\/wp-content\/uploads\/2014\/06\/mavikromlu_kucuk.jpg\" \/>\n<meta name=\"twitter:card\" content=\"summary_large_image\" \/>\n<meta name=\"twitter:label1\" content=\"Tahmini okuma s\u00fcresi\" \/>\n\t<meta name=\"twitter:data1\" content=\"1 dakika\" \/>\n<script type=\"application\/ld+json\" class=\"yoast-schema-graph\">{\"@context\":\"https:\\\/\\\/schema.org\",\"@graph\":[{\"@type\":\"WebPage\",\"@id\":\"https:\\\/\\\/neptunshipping.net\\\/tr\\\/?page_id=22\",\"url\":\"https:\\\/\\\/neptunshipping.net\\\/tr\\\/?page_id=22\",\"name\":\"Hizmetlerimiz - NEPTUN DEN\u0130ZC\u0130L\u0130K\",\"isPartOf\":{\"@id\":\"https:\\\/\\\/neptunshipping.net\\\/tr\\\/#website\"},\"primaryImageOfPage\":{\"@id\":\"https:\\\/\\\/neptunshipping.net\\\/tr\\\/?page_id=22#primaryimage\"},\"image\":{\"@id\":\"https:\\\/\\\/neptunshipping.net\\\/tr\\\/?page_id=22#primaryimage\"},\"thumbnailUrl\":\"http:\\\/\\\/www.neptunshipping.net\\\/tr\\\/wp-content\\\/uploads\\\/2014\\\/06\\\/mavikromlu_kucuk.jpg\",\"datePublished\":\"2022-08-10T17:03:25+00:00\",\"dateModified\":\"2022-08-10T17:07:52+00:00\",\"breadcrumb\":{\"@id\":\"https:\\\/\\\/neptunshipping.net\\\/tr\\\/?page_id=22#breadcrumb\"},\"inLanguage\":\"tr\",\"potentialAction\":[{\"@type\":\"ReadAction\",\"target\":[\"https:\\\/\\\/neptunshipping.net\\\/tr\\\/?page_id=22\"]}]},{\"@type\":\"ImageObject\",\"inLanguage\":\"tr\",\"@id\":\"https:\\\/\\\/neptunshipping.net\\\/tr\\\/?page_id=22#primaryimage\",\"url\":\"http:\\\/\\\/www.neptunshipping.net\\\/tr\\\/wp-content\\\/uploads\\\/2014\\\/06\\\/mavikromlu_kucuk.jpg\",\"contentUrl\":\"http:\\\/\\\/www.neptunshipping.net\\\/tr\\\/wp-content\\\/uploads\\\/2014\\\/06\\\/mavikromlu_kucuk.jpg\"},{\"@type\":\"BreadcrumbList\",\"@id\":\"https:\\\/\\\/neptunshipping.net\\\/tr\\\/?page_id=22#breadcrumb\",\"itemListElement\":[{\"@type\":\"ListItem\",\"position\":1,\"name\":\"Anasayfa\",\"item\":\"https:\\\/\\\/neptunshipping.net\\\/tr\\\/\"},{\"@type\":\"ListItem\",\"position\":2,\"name\":\"Hizmetlerimiz\"}]},{\"@type\":\"WebSite\",\"@id\":\"https:\\\/\\\/neptunshipping.net\\\/tr\\\/#website\",\"url\":\"https:\\\/\\\/neptunshipping.net\\\/tr\\\/\",\"name\":\"NEPTUN DEN\u0130ZC\u0130L\u0130K\",\"description\":\"MARINE FIRE FIGHTING, LIFERAFTS &amp; SAFETY EQUIPMENT\",\"potentialAction\":[{\"@type\":\"SearchAction\",\"target\":{\"@type\":\"EntryPoint\",\"urlTemplate\":\"https:\\\/\\\/neptunshipping.net\\\/tr\\\/?s={search_term_string}\"},\"query-input\":{\"@type\":\"PropertyValueSpecification\",\"valueRequired\":true,\"valueName\":\"search_term_string\"}}],\"inLanguage\":\"tr\"}]}<\/script>\n<!-- \/ Yoast SEO plugin. -->","yoast_head_json":{"title":"Hizmetlerimiz - NEPTUN DEN\u0130ZC\u0130L\u0130K","robots":{"index":"index","follow":"follow","max-snippet":"max-snippet:-1","max-image-preview":"max-image-preview:large","max-video-preview":"max-video-preview:-1"},"canonical":"https:\/\/neptunshipping.net\/tr\/?page_id=22","og_locale":"tr_TR","og_type":"article","og_title":"Hizmetlerimiz - NEPTUN DEN\u0130ZC\u0130L\u0130K","og_description":"NEPT\u00dcN Co. Ltd. yang\u0131n alan\u0131nda 24 saat hizmet anlay\u0131\u015f\u0131yla servis vermektedir. &#8211; PORTABLE NON-PORTABLE YANGIN S\u00d6ND\u00dcR\u00dcC\u00dcLER &#8211; BREATHING APPARATUS (SOLUNUM SETLER\u0130) &#8211; [&hellip;]","og_url":"https:\/\/neptunshipping.net\/tr\/?page_id=22","og_site_name":"NEPTUN DEN\u0130ZC\u0130L\u0130K","article_modified_time":"2022-08-10T17:07:52+00:00","og_image":[{"url":"http:\/\/www.neptunshipping.net\/tr\/wp-content\/uploads\/2014\/06\/mavikromlu_kucuk.jpg","type":"","width":"","height":""}],"twitter_card":"summary_large_image","twitter_misc":{"Tahmini okuma s\u00fcresi":"1 dakika"},"schema":{"@context":"https:\/\/schema.org","@graph":[{"@type":"WebPage","@id":"https:\/\/neptunshipping.net\/tr\/?page_id=22","url":"https:\/\/neptunshipping.net\/tr\/?page_id=22","name":"Hizmetlerimiz - NEPTUN DEN\u0130ZC\u0130L\u0130K","isPartOf":{"@id":"https:\/\/neptunshipping.net\/tr\/#website"},"primaryImageOfPage":{"@id":"https:\/\/neptunshipping.net\/tr\/?page_id=22#primaryimage"},"image":{"@id":"https:\/\/neptunshipping.net\/tr\/?page_id=22#primaryimage"},"thumbnailUrl":"http:\/\/www.neptunshipping.net\/tr\/wp-content\/uploads\/2014\/06\/mavikromlu_kucuk.jpg","datePublished":"2022-08-10T17:03:25+00:00","dateModified":"2022-08-10T17:07:52+00:00","breadcrumb":{"@id":"https:\/\/neptunshipping.net\/tr\/?page_id=22#breadcrumb"},"inLanguage":"tr","potentialAction":[{"@type":"ReadAction","target":["https:\/\/neptunshipping.net\/tr\/?page_id=22"]}]},{"@type":"ImageObject","inLanguage":"tr","@id":"https:\/\/neptunshipping.net\/tr\/?page_id=22#primaryimage","url":"http:\/\/www.neptunshipping.net\/tr\/wp-content\/uploads\/2014\/06\/mavikromlu_kucuk.jpg","contentUrl":"http:\/\/www.neptunshipping.net\/tr\/wp-content\/uploads\/2014\/06\/mavikromlu_kucuk.jpg"},{"@type":"BreadcrumbList","@id":"https:\/\/neptunshipping.net\/tr\/?page_id=22#breadcrumb","itemListElement":[{"@type":"ListItem","position":1,"name":"Anasayfa","item":"https:\/\/neptunshipping.net\/tr\/"},{"@type":"ListItem","position":2,"name":"Hizmetlerimiz"}]},{"@type":"WebSite","@id":"https:\/\/neptunshipping.net\/tr\/#website","url":"https:\/\/neptunshipping.net\/tr\/","name":"NEPTUN DEN\u0130ZC\u0130L\u0130K","description":"MARINE FIRE FIGHTING, LIFERAFTS &amp; SAFETY EQUIPMENT","potentialAction":[{"@type":"SearchAction","target":{"@type":"EntryPoint","urlTemplate":"https:\/\/neptunshipping.net\/tr\/?s={search_term_string}"},"query-input":{"@type":"PropertyValueSpecification","valueRequired":true,"valueName":"search_term_string"}}],"inLanguage":"tr"}]}},"_links":{"self":[{"href":"https:\/\/neptunshipping.net\/tr\/index.php?rest_route=\/wp\/v2\/pages\/22","targetHints":{"allow":["GET"]}}],"collection":[{"href":"https:\/\/neptunshipping.net\/tr\/index.php?rest_route=\/wp\/v2\/pages"}],"about":[{"href":"https:\/\/neptunshipping.net\/tr\/index.php?rest_route=\/wp\/v2\/types\/page"}],"author":[{"embeddable":true,"href":"https:\/\/neptunshipping.net\/tr\/index.php?rest_route=\/wp\/v2\/users\/1"}],"replies":[{"embeddable":true,"href":"https:\/\/neptunshipping.net\/tr\/index.php?rest_route=%2Fwp%2Fv2%2Fcomments&post=22"}],"version-history":[{"count":1,"href":"https:\/\/neptunshipping.net\/tr\/index.php?rest_route=\/wp\/v2\/pages\/22\/revisions"}],"predecessor-version":[{"id":1062,"href":"https:\/\/neptunshipping.net\/tr\/index.php?rest_route=\/wp\/v2\/pages\/22\/revisions\/1062"}],"wp:attachment":[{"href":"https:\/\/neptunshipping.net\/tr\/index.php?rest_route=%2Fwp%2Fv2%2Fmedia&parent=22"}],"curies":[{"name":"wp","href":"https:\/\/api.w.org\/{rel}","templated":true}]}}