{"id":28,"date":"2022-08-10T23:09:02","date_gmt":"2022-08-10T20:09:02","guid":{"rendered":"https:\/\/neptunshipping.net\/tr\/?page_id=28&#038;lang=tr"},"modified":"2022-08-10T23:09:02","modified_gmt":"2022-08-10T20:09:02","slug":"referanslarimiz","status":"publish","type":"page","link":"https:\/\/neptunshipping.net\/tr\/?page_id=28","title":{"rendered":"Referanslar\u0131m\u0131z"},"content":{"rendered":"<table border=\"0\" width=\"100%\">\n<tbody>\n<tr>\n<td>&#8211; Bota\u015f A.\u015e<br \/>\n&#8211; Bil A.\u015e<br \/>\n&#8211; Yaz\u0131c\u0131lar<br \/>\n&#8211; TCCD<br \/>\n&#8211; G\u00f6kmen Petrol<br \/>\n&#8211; Aksoy Petrol<br \/>\n&#8211; Tarhan Petrol<br \/>\n&#8211; \u0130stiklal Makzume Anadolu Lisesi<br \/>\n&#8211; Barbaros Lisesi<br \/>\n&#8211; 51. A\u011f\u0131r Bak\u0131m<br \/>\n&#8211; Nurmet A.\u015e<br \/>\n&#8211; \u00d6ksel Yemek\u00e7ilik<br \/>\n&#8211; Medmarin A.\u015e<br \/>\n&#8211; MMK Metalurji<br \/>\n&#8211; Ekinciler A.\u015e<br \/>\n&#8211; KKTC K\u0131y\u0131 Emniyet<br \/>\n&#8211; Arma Denizcilik \/ \u0130zmir<br \/>\n&#8211; Neta Denizcilik \/ Mersin<br \/>\n&#8211; Onurdeniz Denizcilik \/ Mersin<br \/>\n&#8211; Trimola Denizcilik \/ Mersin<\/td>\n<td>&#8211; Teky Denizcilik \/ Mersin<br \/>\n&#8211; Mersin Lojistik \/ Mersin<br \/>\n&#8211; Navta\u015f Denizcilik \/ \u0130zmir<br \/>\n&#8211; A Team Ship Supply<br \/>\n&#8211; Bouthros Denizcilik \/ iskenderun<br \/>\n&#8211; Toros Pilot \/ Ceyhan<br \/>\n&#8211; Toros Rom\u00f6rk\u00f6r \/ Ceyhan<br \/>\n&#8211; Adamar D\u0131\u015f Ticaret \/ \u0130zmir<br \/>\n&#8211; Artemis Ship Supply \/ \u0130skenderun<br \/>\n&#8211; Ela Denizcilik \/ \u0130skenderun<br \/>\n&#8211; Dadaylar Denizcilik \/ \u0130stanbul<br \/>\n&#8211; Kalkavan Denizcilik \/ \u0130stanbul<br \/>\n&#8211; \u0130ster Tersanesi \/ \u0130skenderun<br \/>\n&#8211; Horizon Denizcilik \/ \u0130tanbul<br \/>\n&#8211; RMN Marine \/ Mersin<br \/>\n&#8211; Kaptan Denizcilik \/ \u0130stanbul<br \/>\n&#8211; Cebi Metal \/ \u0130stanbul<br \/>\n&#8211; \u0130skomarine \/ \u0130stanbul<br \/>\n&#8211; Mart\u0131 Shipping \/ \u0130stanbul<br \/>\n&#8211; Densa Shipping \/ \u0130stanbul<\/td>\n<\/tr>\n<\/tbody>\n<\/table>\n","protected":false},"excerpt":{"rendered":"<p>&#8211; Bota\u015f A.\u015e &#8211; Bil A.\u015e &#8211; Yaz\u0131c\u0131lar &#8211; TCCD &#8211; G\u00f6kmen Petrol &#8211; Aksoy Petrol &#8211; Tarhan Petrol &#8211; \u0130stiklal Makzume [&hellip;]<\/p>\n","protected":false},"author":1,"featured_media":0,"parent":0,"menu_order":0,"comment_status":"closed","ping_status":"closed","template":"","meta":{"_sitemap_exclude":false,"_sitemap_priority":"","_sitemap_frequency":"","pgc_sgb_lightbox_settings":"","footnotes":""},"class_list":["post-28","page","type-page","status-publish","hentry"],"yoast_head":"<!-- This site is optimized with the Yoast SEO plugin v27.5 - https:\/\/yoast.com\/product\/yoast-seo-wordpress\/ -->\n<title>Referanslar\u0131m\u0131z - NEPTUN DEN\u0130ZC\u0130L\u0130K<\/title>\n<meta name=\"robots\" content=\"index, follow, max-snippet:-1, max-image-preview:large, max-video-preview:-1\" \/>\n<link rel=\"canonical\" href=\"https:\/\/neptunshipping.net\/tr\/?page_id=28\" \/>\n<meta property=\"og:locale\" content=\"tr_TR\" \/>\n<meta property=\"og:type\" content=\"article\" \/>\n<meta property=\"og:title\" content=\"Referanslar\u0131m\u0131z - NEPTUN DEN\u0130ZC\u0130L\u0130K\" \/>\n<meta property=\"og:description\" content=\"&#8211; Bota\u015f A.\u015e &#8211; Bil A.\u015e &#8211; Yaz\u0131c\u0131lar &#8211; TCCD &#8211; G\u00f6kmen Petrol &#8211; Aksoy Petrol &#8211; Tarhan Petrol &#8211; \u0130stiklal Makzume [&hellip;]\" \/>\n<meta property=\"og:url\" content=\"https:\/\/neptunshipping.net\/tr\/?page_id=28\" \/>\n<meta property=\"og:site_name\" content=\"NEPTUN DEN\u0130ZC\u0130L\u0130K\" \/>\n<meta name=\"twitter:card\" content=\"summary_large_image\" \/>\n<meta name=\"twitter:label1\" content=\"Tahmini okuma s\u00fcresi\" \/>\n\t<meta name=\"twitter:data1\" content=\"1 dakika\" \/>\n<script type=\"application\/ld+json\" class=\"yoast-schema-graph\">{\"@context\":\"https:\\\/\\\/schema.org\",\"@graph\":[{\"@type\":\"WebPage\",\"@id\":\"https:\\\/\\\/neptunshipping.net\\\/tr\\\/?page_id=28\",\"url\":\"https:\\\/\\\/neptunshipping.net\\\/tr\\\/?page_id=28\",\"name\":\"Referanslar\u0131m\u0131z - NEPTUN DEN\u0130ZC\u0130L\u0130K\",\"isPartOf\":{\"@id\":\"https:\\\/\\\/neptunshipping.net\\\/tr\\\/#website\"},\"datePublished\":\"2022-08-10T20:09:02+00:00\",\"breadcrumb\":{\"@id\":\"https:\\\/\\\/neptunshipping.net\\\/tr\\\/?page_id=28#breadcrumb\"},\"inLanguage\":\"tr\",\"potentialAction\":[{\"@type\":\"ReadAction\",\"target\":[\"https:\\\/\\\/neptunshipping.net\\\/tr\\\/?page_id=28\"]}]},{\"@type\":\"BreadcrumbList\",\"@id\":\"https:\\\/\\\/neptunshipping.net\\\/tr\\\/?page_id=28#breadcrumb\",\"itemListElement\":[{\"@type\":\"ListItem\",\"position\":1,\"name\":\"Anasayfa\",\"item\":\"https:\\\/\\\/neptunshipping.net\\\/tr\\\/\"},{\"@type\":\"ListItem\",\"position\":2,\"name\":\"Referanslar\u0131m\u0131z\"}]},{\"@type\":\"WebSite\",\"@id\":\"https:\\\/\\\/neptunshipping.net\\\/tr\\\/#website\",\"url\":\"https:\\\/\\\/neptunshipping.net\\\/tr\\\/\",\"name\":\"NEPTUN DEN\u0130ZC\u0130L\u0130K\",\"description\":\"MARINE FIRE FIGHTING, LIFERAFTS &amp; SAFETY EQUIPMENT\",\"potentialAction\":[{\"@type\":\"SearchAction\",\"target\":{\"@type\":\"EntryPoint\",\"urlTemplate\":\"https:\\\/\\\/neptunshipping.net\\\/tr\\\/?s={search_term_string}\"},\"query-input\":{\"@type\":\"PropertyValueSpecification\",\"valueRequired\":true,\"valueName\":\"search_term_string\"}}],\"inLanguage\":\"tr\"}]}<\/script>\n<!-- \/ Yoast SEO plugin. -->","yoast_head_json":{"title":"Referanslar\u0131m\u0131z - NEPTUN DEN\u0130ZC\u0130L\u0130K","robots":{"index":"index","follow":"follow","max-snippet":"max-snippet:-1","max-image-preview":"max-image-preview:large","max-video-preview":"max-video-preview:-1"},"canonical":"https:\/\/neptunshipping.net\/tr\/?page_id=28","og_locale":"tr_TR","og_type":"article","og_title":"Referanslar\u0131m\u0131z - NEPTUN DEN\u0130ZC\u0130L\u0130K","og_description":"&#8211; Bota\u015f A.\u015e &#8211; Bil A.\u015e &#8211; Yaz\u0131c\u0131lar &#8211; TCCD &#8211; G\u00f6kmen Petrol &#8211; Aksoy Petrol &#8211; Tarhan Petrol &#8211; \u0130stiklal Makzume [&hellip;]","og_url":"https:\/\/neptunshipping.net\/tr\/?page_id=28","og_site_name":"NEPTUN DEN\u0130ZC\u0130L\u0130K","twitter_card":"summary_large_image","twitter_misc":{"Tahmini okuma s\u00fcresi":"1 dakika"},"schema":{"@context":"https:\/\/schema.org","@graph":[{"@type":"WebPage","@id":"https:\/\/neptunshipping.net\/tr\/?page_id=28","url":"https:\/\/neptunshipping.net\/tr\/?page_id=28","name":"Referanslar\u0131m\u0131z - NEPTUN DEN\u0130ZC\u0130L\u0130K","isPartOf":{"@id":"https:\/\/neptunshipping.net\/tr\/#website"},"datePublished":"2022-08-10T20:09:02+00:00","breadcrumb":{"@id":"https:\/\/neptunshipping.net\/tr\/?page_id=28#breadcrumb"},"inLanguage":"tr","potentialAction":[{"@type":"ReadAction","target":["https:\/\/neptunshipping.net\/tr\/?page_id=28"]}]},{"@type":"BreadcrumbList","@id":"https:\/\/neptunshipping.net\/tr\/?page_id=28#breadcrumb","itemListElement":[{"@type":"ListItem","position":1,"name":"Anasayfa","item":"https:\/\/neptunshipping.net\/tr\/"},{"@type":"ListItem","position":2,"name":"Referanslar\u0131m\u0131z"}]},{"@type":"WebSite","@id":"https:\/\/neptunshipping.net\/tr\/#website","url":"https:\/\/neptunshipping.net\/tr\/","name":"NEPTUN DEN\u0130ZC\u0130L\u0130K","description":"MARINE FIRE FIGHTING, LIFERAFTS &amp; SAFETY EQUIPMENT","potentialAction":[{"@type":"SearchAction","target":{"@type":"EntryPoint","urlTemplate":"https:\/\/neptunshipping.net\/tr\/?s={search_term_string}"},"query-input":{"@type":"PropertyValueSpecification","valueRequired":true,"valueName":"search_term_string"}}],"inLanguage":"tr"}]}},"_links":{"self":[{"href":"https:\/\/neptunshipping.net\/tr\/index.php?rest_route=\/wp\/v2\/pages\/28","targetHints":{"allow":["GET"]}}],"collection":[{"href":"https:\/\/neptunshipping.net\/tr\/index.php?rest_route=\/wp\/v2\/pages"}],"about":[{"href":"https:\/\/neptunshipping.net\/tr\/index.php?rest_route=\/wp\/v2\/types\/page"}],"author":[{"embeddable":true,"href":"https:\/\/neptunshipping.net\/tr\/index.php?rest_route=\/wp\/v2\/users\/1"}],"replies":[{"embeddable":true,"href":"https:\/\/neptunshipping.net\/tr\/index.php?rest_route=%2Fwp%2Fv2%2Fcomments&post=28"}],"version-history":[{"count":1,"href":"https:\/\/neptunshipping.net\/tr\/index.php?rest_route=\/wp\/v2\/pages\/28\/revisions"}],"predecessor-version":[{"id":1111,"href":"https:\/\/neptunshipping.net\/tr\/index.php?rest_route=\/wp\/v2\/pages\/28\/revisions\/1111"}],"wp:attachment":[{"href":"https:\/\/neptunshipping.net\/tr\/index.php?rest_route=%2Fwp%2Fv2%2Fmedia&parent=28"}],"curies":[{"name":"wp","href":"https:\/\/api.w.org\/{rel}","templated":true}]}}