{"id":350,"date":"2022-08-10T22:36:58","date_gmt":"2022-08-10T19:36:58","guid":{"rendered":"https:\/\/neptunshipping.net\/tr\/?page_id=350&#038;lang=tr"},"modified":"2022-08-10T22:36:58","modified_gmt":"2022-08-10T19:36:58","slug":"filika-ve-matafora-servisi","status":"publish","type":"page","link":"https:\/\/neptunshipping.net\/tr\/?page_id=350","title":{"rendered":"Filika ve Matafora Servisi"},"content":{"rendered":"<h3>Annual and Five Year Inspections of Lifeboats and Davits<\/h3>\n<p>NEPTUN SAFETY provides\u00a0annual\u00a0and\u00a0five year inspections\u00a0of davits and lifeboats to the owners on all SOLAS ships enabling them to meet new IMO regulations entering into force on July 1, 2006,\u00a0MSC.1 \/Circ.1206 SOLAS\u00a0chapter III. The new SOLAS regulations detail critical items which need to be controlled and checked during maintenance. If your equipment manufacturer is not in our approval list, Neptun Safety can perform the service under Flag authorization and supervision of the ship\u00b4s calls society surveyor.<\/p>\n<h3>Davits and Cranes Load Test<\/h3>\n<p>Our engineers perform dynamic and static load test of any davit. Our Davits and Cranes Load Test System has different capacity of\u00a0waterbags\u00a0and can cover load test requirements for equipment with SWL up to 50 tons.<\/p>\n<ul>\n<li>HYUNDAI<\/li>\n<li>SEKIGAHARA<\/li>\n<li> TSUJI<\/li>\n<li>NPT<\/li>\n<li>ORIENTAL<\/li>\n<li>IHI<\/li>\n<li>JIANGYINSHI<\/li>\n<li>HOEI SENPAKU<\/li>\n<li>NISHI-F<\/li>\n<li>WATERCRAFT<\/li>\n<li>JIAOYAN<\/li>\n<li>GRABEN<\/li>\n<li>KEIHAI<\/li>\n<li>MIURA<\/li>\n<li>HAI HONG<\/li>\n<li>CSSC<\/li>\n<li>MANABE<\/li>\n<\/ul>\n","protected":false},"excerpt":{"rendered":"<p>Annual and Five Year Inspections of Lifeboats and Davits NEPTUN SAFETY provides\u00a0annual\u00a0and\u00a0five year inspections\u00a0of davits and lifeboats to the owners on all [&hellip;]<\/p>\n","protected":false},"author":1,"featured_media":0,"parent":0,"menu_order":0,"comment_status":"closed","ping_status":"closed","template":"","meta":{"_sitemap_exclude":false,"_sitemap_priority":"","_sitemap_frequency":"","pgc_sgb_lightbox_settings":"","footnotes":""},"class_list":["post-350","page","type-page","status-publish","hentry"],"yoast_head":"<!-- This site is optimized with the Yoast SEO plugin v27.5 - https:\/\/yoast.com\/product\/yoast-seo-wordpress\/ -->\n<title>Filika ve Matafora Servisi - NEPTUN DEN\u0130ZC\u0130L\u0130K<\/title>\n<meta name=\"robots\" content=\"index, follow, max-snippet:-1, max-image-preview:large, max-video-preview:-1\" \/>\n<link rel=\"canonical\" href=\"https:\/\/neptunshipping.net\/tr\/?page_id=350\" \/>\n<meta property=\"og:locale\" content=\"tr_TR\" \/>\n<meta property=\"og:type\" content=\"article\" \/>\n<meta property=\"og:title\" content=\"Filika ve Matafora Servisi - NEPTUN DEN\u0130ZC\u0130L\u0130K\" \/>\n<meta property=\"og:description\" content=\"Annual and Five Year Inspections of Lifeboats and Davits NEPTUN SAFETY provides\u00a0annual\u00a0and\u00a0five year inspections\u00a0of davits and lifeboats to the owners on all [&hellip;]\" \/>\n<meta property=\"og:url\" content=\"https:\/\/neptunshipping.net\/tr\/?page_id=350\" \/>\n<meta property=\"og:site_name\" content=\"NEPTUN DEN\u0130ZC\u0130L\u0130K\" \/>\n<meta name=\"twitter:card\" content=\"summary_large_image\" \/>\n<meta name=\"twitter:label1\" content=\"Tahmini okuma s\u00fcresi\" \/>\n\t<meta name=\"twitter:data1\" content=\"1 dakika\" \/>\n<script type=\"application\/ld+json\" class=\"yoast-schema-graph\">{\"@context\":\"https:\\\/\\\/schema.org\",\"@graph\":[{\"@type\":\"WebPage\",\"@id\":\"https:\\\/\\\/neptunshipping.net\\\/tr\\\/?page_id=350\",\"url\":\"https:\\\/\\\/neptunshipping.net\\\/tr\\\/?page_id=350\",\"name\":\"Filika ve Matafora Servisi - NEPTUN DEN\u0130ZC\u0130L\u0130K\",\"isPartOf\":{\"@id\":\"https:\\\/\\\/neptunshipping.net\\\/tr\\\/#website\"},\"datePublished\":\"2022-08-10T19:36:58+00:00\",\"breadcrumb\":{\"@id\":\"https:\\\/\\\/neptunshipping.net\\\/tr\\\/?page_id=350#breadcrumb\"},\"inLanguage\":\"tr\",\"potentialAction\":[{\"@type\":\"ReadAction\",\"target\":[\"https:\\\/\\\/neptunshipping.net\\\/tr\\\/?page_id=350\"]}]},{\"@type\":\"BreadcrumbList\",\"@id\":\"https:\\\/\\\/neptunshipping.net\\\/tr\\\/?page_id=350#breadcrumb\",\"itemListElement\":[{\"@type\":\"ListItem\",\"position\":1,\"name\":\"Anasayfa\",\"item\":\"https:\\\/\\\/neptunshipping.net\\\/tr\\\/\"},{\"@type\":\"ListItem\",\"position\":2,\"name\":\"Filika ve Matafora Servisi\"}]},{\"@type\":\"WebSite\",\"@id\":\"https:\\\/\\\/neptunshipping.net\\\/tr\\\/#website\",\"url\":\"https:\\\/\\\/neptunshipping.net\\\/tr\\\/\",\"name\":\"NEPTUN DEN\u0130ZC\u0130L\u0130K\",\"description\":\"MARINE FIRE FIGHTING, LIFERAFTS &amp; SAFETY EQUIPMENT\",\"potentialAction\":[{\"@type\":\"SearchAction\",\"target\":{\"@type\":\"EntryPoint\",\"urlTemplate\":\"https:\\\/\\\/neptunshipping.net\\\/tr\\\/?s={search_term_string}\"},\"query-input\":{\"@type\":\"PropertyValueSpecification\",\"valueRequired\":true,\"valueName\":\"search_term_string\"}}],\"inLanguage\":\"tr\"}]}<\/script>\n<!-- \/ Yoast SEO plugin. -->","yoast_head_json":{"title":"Filika ve Matafora Servisi - NEPTUN DEN\u0130ZC\u0130L\u0130K","robots":{"index":"index","follow":"follow","max-snippet":"max-snippet:-1","max-image-preview":"max-image-preview:large","max-video-preview":"max-video-preview:-1"},"canonical":"https:\/\/neptunshipping.net\/tr\/?page_id=350","og_locale":"tr_TR","og_type":"article","og_title":"Filika ve Matafora Servisi - NEPTUN DEN\u0130ZC\u0130L\u0130K","og_description":"Annual and Five Year Inspections of Lifeboats and Davits NEPTUN SAFETY provides\u00a0annual\u00a0and\u00a0five year inspections\u00a0of davits and lifeboats to the owners on all [&hellip;]","og_url":"https:\/\/neptunshipping.net\/tr\/?page_id=350","og_site_name":"NEPTUN DEN\u0130ZC\u0130L\u0130K","twitter_card":"summary_large_image","twitter_misc":{"Tahmini okuma s\u00fcresi":"1 dakika"},"schema":{"@context":"https:\/\/schema.org","@graph":[{"@type":"WebPage","@id":"https:\/\/neptunshipping.net\/tr\/?page_id=350","url":"https:\/\/neptunshipping.net\/tr\/?page_id=350","name":"Filika ve Matafora Servisi - NEPTUN DEN\u0130ZC\u0130L\u0130K","isPartOf":{"@id":"https:\/\/neptunshipping.net\/tr\/#website"},"datePublished":"2022-08-10T19:36:58+00:00","breadcrumb":{"@id":"https:\/\/neptunshipping.net\/tr\/?page_id=350#breadcrumb"},"inLanguage":"tr","potentialAction":[{"@type":"ReadAction","target":["https:\/\/neptunshipping.net\/tr\/?page_id=350"]}]},{"@type":"BreadcrumbList","@id":"https:\/\/neptunshipping.net\/tr\/?page_id=350#breadcrumb","itemListElement":[{"@type":"ListItem","position":1,"name":"Anasayfa","item":"https:\/\/neptunshipping.net\/tr\/"},{"@type":"ListItem","position":2,"name":"Filika ve Matafora Servisi"}]},{"@type":"WebSite","@id":"https:\/\/neptunshipping.net\/tr\/#website","url":"https:\/\/neptunshipping.net\/tr\/","name":"NEPTUN DEN\u0130ZC\u0130L\u0130K","description":"MARINE FIRE FIGHTING, LIFERAFTS &amp; SAFETY EQUIPMENT","potentialAction":[{"@type":"SearchAction","target":{"@type":"EntryPoint","urlTemplate":"https:\/\/neptunshipping.net\/tr\/?s={search_term_string}"},"query-input":{"@type":"PropertyValueSpecification","valueRequired":true,"valueName":"search_term_string"}}],"inLanguage":"tr"}]}},"_links":{"self":[{"href":"https:\/\/neptunshipping.net\/tr\/index.php?rest_route=\/wp\/v2\/pages\/350","targetHints":{"allow":["GET"]}}],"collection":[{"href":"https:\/\/neptunshipping.net\/tr\/index.php?rest_route=\/wp\/v2\/pages"}],"about":[{"href":"https:\/\/neptunshipping.net\/tr\/index.php?rest_route=\/wp\/v2\/types\/page"}],"author":[{"embeddable":true,"href":"https:\/\/neptunshipping.net\/tr\/index.php?rest_route=\/wp\/v2\/users\/1"}],"replies":[{"embeddable":true,"href":"https:\/\/neptunshipping.net\/tr\/index.php?rest_route=%2Fwp%2Fv2%2Fcomments&post=350"}],"version-history":[{"count":0,"href":"https:\/\/neptunshipping.net\/tr\/index.php?rest_route=\/wp\/v2\/pages\/350\/revisions"}],"wp:attachment":[{"href":"https:\/\/neptunshipping.net\/tr\/index.php?rest_route=%2Fwp%2Fv2%2Fmedia&parent=350"}],"curies":[{"name":"wp","href":"https:\/\/api.w.org\/{rel}","templated":true}]}}