{"id":533,"date":"2022-08-10T23:06:29","date_gmt":"2022-08-10T20:06:29","guid":{"rendered":"https:\/\/neptunshipping.net\/tr\/?page_id=533&#038;lang=tr"},"modified":"2024-10-10T01:11:35","modified_gmt":"2024-10-09T22:11:35","slug":"filika-matafora-yetkisi","status":"publish","type":"page","link":"https:\/\/neptunshipping.net\/tr\/?page_id=533","title":{"rendered":"Filika Matafora Yetkisi"},"content":{"rendered":"<div class=\"pgc-sgb-cb wp-block-pgcsimplygalleryblock-masonry \" data-gallery-id=\"9fb60648\"><div class=\"sgb-preloader\" id=\"pr_9fb60648\">\n\t<div class=\"sgb-square\" style=\"background:#d4d4d4\"><\/div>\n\t<div class=\"sgb-square\" style=\"background:#d4d4d4\"><\/div>\n\t<div class=\"sgb-square\" style=\"background:#d4d4d4\"><\/div>\n\t<div class=\"sgb-square\" style=\"background:#d4d4d4\"><\/div><\/div><div class=\"simply-gallery-amp pgc_sgb_slider \"><noscript><div class=\"sgb-gallery\"><div class=\"sgb-item\"><a href=\"https:\/\/neptunshipping.net\/tr\/?attachment_id=1279\" target=\"_blank\"><img loading=\"lazy\" decoding=\"async\" alt=\"\" width=\"175\" height=\"300\" loading=\"lazy\" src=\"https:\/\/neptunshipping.net\/tr\/wp-content\/uploads\/2024\/10\/RIZA-TEMEL_Level-II-Training-Certificate_Sayfa_01-175x300.jpg\" srcset=\"https:\/\/neptunshipping.net\/tr\/wp-content\/uploads\/2024\/10\/RIZA-TEMEL_Level-II-Training-Certificate_Sayfa_01-175x300.jpg 175w,https:\/\/neptunshipping.net\/tr\/wp-content\/uploads\/2024\/10\/RIZA-TEMEL_Level-II-Training-Certificate_Sayfa_01-597x1024.jpg 597w,https:\/\/neptunshipping.net\/tr\/wp-content\/uploads\/2024\/10\/RIZA-TEMEL_Level-II-Training-Certificate_Sayfa_01.jpg 1242w\" sizes=\"auto, 250px\"\/><\/a><\/div><div class=\"sgb-item\"><a href=\"https:\/\/neptunshipping.net\/tr\/?attachment_id=1199\" target=\"_blank\"><img loading=\"lazy\" decoding=\"async\" alt=\"\" width=\"212\" height=\"300\" loading=\"lazy\" src=\"https:\/\/neptunshipping.net\/tr\/wp-content\/uploads\/2024\/08\/riza-vadyar-yetki-212x300.jpg\" srcset=\"https:\/\/neptunshipping.net\/tr\/wp-content\/uploads\/2024\/08\/riza-vadyar-yetki-212x300.jpg 212w,https:\/\/neptunshipping.net\/tr\/wp-content\/uploads\/2024\/08\/riza-vadyar-yetki-724x1024.jpg 724w,https:\/\/neptunshipping.net\/tr\/wp-content\/uploads\/2024\/08\/riza-vadyar-yetki.jpg 1613w\" sizes=\"auto, 250px\"\/><\/a><\/div><div class=\"sgb-item\"><a href=\"https:\/\/neptunshipping.net\/tr\/?attachment_id=1198\" target=\"_blank\"><img loading=\"lazy\" decoding=\"async\" alt=\"\" width=\"185\" height=\"300\" loading=\"lazy\" src=\"https:\/\/neptunshipping.net\/tr\/wp-content\/uploads\/2024\/08\/cankurtarma-muayene-ve-test-sertifikasi-05.04.2024-185x300.jpg\" srcset=\"https:\/\/neptunshipping.net\/tr\/wp-content\/uploads\/2024\/08\/cankurtarma-muayene-ve-test-sertifikasi-05.04.2024-185x300.jpg 185w,https:\/\/neptunshipping.net\/tr\/wp-content\/uploads\/2024\/08\/cankurtarma-muayene-ve-test-sertifikasi-05.04.2024-632x1024.jpg 632w,https:\/\/neptunshipping.net\/tr\/wp-content\/uploads\/2024\/08\/cankurtarma-muayene-ve-test-sertifikasi-05.04.2024.jpg 1424w\" sizes=\"auto, 250px\"\/><\/a><\/div><div class=\"sgb-item\"><a href=\"https:\/\/neptunshipping.net\/tr\/?attachment_id=1197\" target=\"_blank\"><img loading=\"lazy\" decoding=\"async\" alt=\"\" width=\"182\" height=\"300\" loading=\"lazy\" src=\"https:\/\/neptunshipping.net\/tr\/wp-content\/uploads\/2024\/08\/cankurtarma-indirme-serbest-birakma-05.04.2024-182x300.jpg\" srcset=\"https:\/\/neptunshipping.net\/tr\/wp-content\/uploads\/2024\/08\/cankurtarma-indirme-serbest-birakma-05.04.2024-182x300.jpg 182w,https:\/\/neptunshipping.net\/tr\/wp-content\/uploads\/2024\/08\/cankurtarma-indirme-serbest-birakma-05.04.2024-621x1024.jpg 621w,https:\/\/neptunshipping.net\/tr\/wp-content\/uploads\/2024\/08\/cankurtarma-indirme-serbest-birakma-05.04.2024.jpg 1419w\" sizes=\"auto, 250px\"\/><\/a><\/div><\/div><\/noscript><\/div><script type=\"application\/json\" class=\"sgb-data\">{\"collectionColumns\":2,\"galleryType\":\"pgc_sgb_masonry\",\"galleryId\":\"9fb60648\",\"images\":[{\"id\":1279,\"title\":\"RIZA TEMEL_Level II Training Certificate_Sayfa_01\",\"url\":\"https:\/\/neptunshipping.net\/tr\/wp-content\/uploads\/2024\/10\/RIZA-TEMEL_Level-II-Training-Certificate_Sayfa_01.jpg\",\"link\":\"https:\/\/neptunshipping.net\/tr\/?attachment_id=1279\",\"alt\":\"\",\"description\":\"\",\"caption\":\"\",\"mime\":\"image\/jpeg\",\"type\":\"image\",\"width\":1242,\"height\":2129,\"sizes\":{\"thumbnail\":{\"height\":150,\"width\":150,\"url\":\"https:\/\/neptunshipping.net\/tr\/wp-content\/uploads\/2024\/10\/RIZA-TEMEL_Level-II-Training-Certificate_Sayfa_01-150x150.jpg\",\"orientation\":\"landscape\"},\"medium\":{\"height\":300,\"width\":175,\"url\":\"https:\/\/neptunshipping.net\/tr\/wp-content\/uploads\/2024\/10\/RIZA-TEMEL_Level-II-Training-Certificate_Sayfa_01-175x300.jpg\",\"orientation\":\"portrait\"},\"large\":{\"height\":1024,\"width\":597,\"url\":\"https:\/\/neptunshipping.net\/tr\/wp-content\/uploads\/2024\/10\/RIZA-TEMEL_Level-II-Training-Certificate_Sayfa_01-597x1024.jpg\",\"orientation\":\"portrait\"},\"full\":{\"url\":\"https:\/\/neptunshipping.net\/tr\/wp-content\/uploads\/2024\/10\/RIZA-TEMEL_Level-II-Training-Certificate_Sayfa_01.jpg\",\"height\":2129,\"width\":1242,\"orientation\":\"portrait\"}},\"imageMeta\":{\"aperture\":\"0\",\"credit\":\"\",\"camera\":\"\",\"caption\":\"\",\"created_timestamp\":\"0\",\"copyright\":\"\",\"focal_length\":\"0\",\"iso\":\"0\",\"shutter_speed\":\"0\",\"title\":\"\",\"orientation\":\"0\",\"keywords\":[]},\"meta\":false,\"postlink\":\"https:\/\/neptunshipping.net\/tr\/?attachment_id=1279\"},{\"id\":1199,\"title\":\"r\u0131za vadyar yetki\",\"url\":\"https:\/\/neptunshipping.net\/tr\/wp-content\/uploads\/2024\/08\/riza-vadyar-yetki.jpg\",\"link\":\"https:\/\/neptunshipping.net\/tr\/?attachment_id=1199\",\"alt\":\"\",\"description\":\"\",\"caption\":\"\",\"mime\":\"image\/jpeg\",\"type\":\"image\",\"width\":1613,\"height\":2282,\"sizes\":{\"thumbnail\":{\"height\":150,\"width\":150,\"url\":\"https:\/\/neptunshipping.net\/tr\/wp-content\/uploads\/2024\/08\/riza-vadyar-yetki-150x150.jpg\",\"orientation\":\"landscape\"},\"medium\":{\"height\":300,\"width\":212,\"url\":\"https:\/\/neptunshipping.net\/tr\/wp-content\/uploads\/2024\/08\/riza-vadyar-yetki-212x300.jpg\",\"orientation\":\"portrait\"},\"large\":{\"height\":1024,\"width\":724,\"url\":\"https:\/\/neptunshipping.net\/tr\/wp-content\/uploads\/2024\/08\/riza-vadyar-yetki-724x1024.jpg\",\"orientation\":\"portrait\"},\"full\":{\"url\":\"https:\/\/neptunshipping.net\/tr\/wp-content\/uploads\/2024\/08\/riza-vadyar-yetki.jpg\",\"height\":2282,\"width\":1613,\"orientation\":\"portrait\"}},\"imageMeta\":{\"aperture\":\"0\",\"credit\":\"\",\"camera\":\"\",\"caption\":\"\",\"created_timestamp\":\"0\",\"copyright\":\"\",\"focal_length\":\"0\",\"iso\":\"0\",\"shutter_speed\":\"0\",\"title\":\"\",\"orientation\":\"0\",\"keywords\":[]},\"meta\":false,\"postlink\":\"https:\/\/neptunshipping.net\/tr\/?attachment_id=1199\"},{\"id\":1198,\"title\":\"cankurtarma muayene ve test sertifikas\u0131 05.04.2024\",\"url\":\"https:\/\/neptunshipping.net\/tr\/wp-content\/uploads\/2024\/08\/cankurtarma-muayene-ve-test-sertifikasi-05.04.2024.jpg\",\"link\":\"https:\/\/neptunshipping.net\/tr\/?attachment_id=1198\",\"alt\":\"\",\"description\":\"\",\"caption\":\"\",\"mime\":\"image\/jpeg\",\"type\":\"image\",\"width\":1424,\"height\":2307,\"sizes\":{\"thumbnail\":{\"height\":150,\"width\":150,\"url\":\"https:\/\/neptunshipping.net\/tr\/wp-content\/uploads\/2024\/08\/cankurtarma-muayene-ve-test-sertifikasi-05.04.2024-150x150.jpg\",\"orientation\":\"landscape\"},\"medium\":{\"height\":300,\"width\":185,\"url\":\"https:\/\/neptunshipping.net\/tr\/wp-content\/uploads\/2024\/08\/cankurtarma-muayene-ve-test-sertifikasi-05.04.2024-185x300.jpg\",\"orientation\":\"portrait\"},\"large\":{\"height\":1024,\"width\":632,\"url\":\"https:\/\/neptunshipping.net\/tr\/wp-content\/uploads\/2024\/08\/cankurtarma-muayene-ve-test-sertifikasi-05.04.2024-632x1024.jpg\",\"orientation\":\"portrait\"},\"full\":{\"url\":\"https:\/\/neptunshipping.net\/tr\/wp-content\/uploads\/2024\/08\/cankurtarma-muayene-ve-test-sertifikasi-05.04.2024.jpg\",\"height\":2307,\"width\":1424,\"orientation\":\"portrait\"}},\"imageMeta\":{\"aperture\":\"0\",\"credit\":\"\",\"camera\":\"\",\"caption\":\"\",\"created_timestamp\":\"0\",\"copyright\":\"\",\"focal_length\":\"0\",\"iso\":\"0\",\"shutter_speed\":\"0\",\"title\":\"\",\"orientation\":\"0\",\"keywords\":[]},\"meta\":false,\"postlink\":\"https:\/\/neptunshipping.net\/tr\/?attachment_id=1198\"},{\"id\":1197,\"title\":\"cankurtarma indirme serbest b\u0131rakma 05.04.2024\",\"url\":\"https:\/\/neptunshipping.net\/tr\/wp-content\/uploads\/2024\/08\/cankurtarma-indirme-serbest-birakma-05.04.2024.jpg\",\"link\":\"https:\/\/neptunshipping.net\/tr\/?attachment_id=1197\",\"alt\":\"\",\"description\":\"\",\"caption\":\"\",\"mime\":\"image\/jpeg\",\"type\":\"image\",\"width\":1419,\"height\":2338,\"sizes\":{\"thumbnail\":{\"height\":150,\"width\":150,\"url\":\"https:\/\/neptunshipping.net\/tr\/wp-content\/uploads\/2024\/08\/cankurtarma-indirme-serbest-birakma-05.04.2024-150x150.jpg\",\"orientation\":\"landscape\"},\"medium\":{\"height\":300,\"width\":182,\"url\":\"https:\/\/neptunshipping.net\/tr\/wp-content\/uploads\/2024\/08\/cankurtarma-indirme-serbest-birakma-05.04.2024-182x300.jpg\",\"orientation\":\"portrait\"},\"large\":{\"height\":1024,\"width\":621,\"url\":\"https:\/\/neptunshipping.net\/tr\/wp-content\/uploads\/2024\/08\/cankurtarma-indirme-serbest-birakma-05.04.2024-621x1024.jpg\",\"orientation\":\"portrait\"},\"full\":{\"url\":\"https:\/\/neptunshipping.net\/tr\/wp-content\/uploads\/2024\/08\/cankurtarma-indirme-serbest-birakma-05.04.2024.jpg\",\"height\":2338,\"width\":1419,\"orientation\":\"portrait\"}},\"imageMeta\":{\"aperture\":\"0\",\"credit\":\"\",\"camera\":\"\",\"caption\":\"\",\"created_timestamp\":\"0\",\"copyright\":\"\",\"focal_length\":\"0\",\"iso\":\"0\",\"shutter_speed\":\"0\",\"title\":\"\",\"orientation\":\"0\",\"keywords\":[]},\"meta\":false,\"postlink\":\"https:\/\/neptunshipping.net\/tr\/?attachment_id=1197\"}],\"itemsMetaDataCollection\":[]}<\/script><script>(function(){if(window.PGC_SGB && window.PGC_SGB.searcher){window.PGC_SGB.searcher.initBlocks()}})()<\/script><\/div>","protected":false},"excerpt":{"rendered":"","protected":false},"author":1,"featured_media":0,"parent":0,"menu_order":0,"comment_status":"closed","ping_status":"closed","template":"","meta":{"_sitemap_exclude":false,"_sitemap_priority":"","_sitemap_frequency":"","pgc_sgb_lightbox_settings":"","footnotes":""},"class_list":["post-533","page","type-page","status-publish","hentry"],"yoast_head":"<!-- This site is optimized with the Yoast SEO plugin v27.5 - https:\/\/yoast.com\/product\/yoast-seo-wordpress\/ -->\n<title>Filika Matafora Yetkisi - NEPTUN DEN\u0130ZC\u0130L\u0130K<\/title>\n<meta name=\"robots\" content=\"index, follow, max-snippet:-1, max-image-preview:large, max-video-preview:-1\" \/>\n<link rel=\"canonical\" href=\"https:\/\/neptunshipping.net\/tr\/?page_id=533\" \/>\n<meta property=\"og:locale\" content=\"tr_TR\" \/>\n<meta property=\"og:type\" content=\"article\" \/>\n<meta property=\"og:title\" content=\"Filika Matafora Yetkisi - NEPTUN DEN\u0130ZC\u0130L\u0130K\" \/>\n<meta property=\"og:url\" content=\"https:\/\/neptunshipping.net\/tr\/?page_id=533\" \/>\n<meta property=\"og:site_name\" content=\"NEPTUN DEN\u0130ZC\u0130L\u0130K\" \/>\n<meta property=\"article:modified_time\" content=\"2024-10-09T22:11:35+00:00\" \/>\n<meta property=\"og:image\" content=\"https:\/\/neptunshipping.net\/tr\/wp-content\/uploads\/2024\/10\/RIZA-TEMEL_Level-II-Training-Certificate_Sayfa_01-597x1024.jpg\" \/>\n<meta name=\"twitter:card\" content=\"summary_large_image\" \/>\n<script type=\"application\/ld+json\" class=\"yoast-schema-graph\">{\"@context\":\"https:\\\/\\\/schema.org\",\"@graph\":[{\"@type\":\"WebPage\",\"@id\":\"https:\\\/\\\/neptunshipping.net\\\/tr\\\/?page_id=533\",\"url\":\"https:\\\/\\\/neptunshipping.net\\\/tr\\\/?page_id=533\",\"name\":\"Filika Matafora Yetkisi - NEPTUN DEN\u0130ZC\u0130L\u0130K\",\"isPartOf\":{\"@id\":\"https:\\\/\\\/neptunshipping.net\\\/tr\\\/#website\"},\"primaryImageOfPage\":{\"@id\":\"https:\\\/\\\/neptunshipping.net\\\/tr\\\/?page_id=533#primaryimage\"},\"image\":{\"@id\":\"https:\\\/\\\/neptunshipping.net\\\/tr\\\/?page_id=533#primaryimage\"},\"thumbnailUrl\":\"https:\\\/\\\/neptunshipping.net\\\/tr\\\/wp-content\\\/uploads\\\/2024\\\/10\\\/RIZA-TEMEL_Level-II-Training-Certificate_Sayfa_01-597x1024.jpg\",\"datePublished\":\"2022-08-10T20:06:29+00:00\",\"dateModified\":\"2024-10-09T22:11:35+00:00\",\"breadcrumb\":{\"@id\":\"https:\\\/\\\/neptunshipping.net\\\/tr\\\/?page_id=533#breadcrumb\"},\"inLanguage\":\"tr\",\"potentialAction\":[{\"@type\":\"ReadAction\",\"target\":[\"https:\\\/\\\/neptunshipping.net\\\/tr\\\/?page_id=533\"]}]},{\"@type\":\"ImageObject\",\"inLanguage\":\"tr\",\"@id\":\"https:\\\/\\\/neptunshipping.net\\\/tr\\\/?page_id=533#primaryimage\",\"url\":\"https:\\\/\\\/neptunshipping.net\\\/tr\\\/wp-content\\\/uploads\\\/2024\\\/10\\\/RIZA-TEMEL_Level-II-Training-Certificate_Sayfa_01.jpg\",\"contentUrl\":\"https:\\\/\\\/neptunshipping.net\\\/tr\\\/wp-content\\\/uploads\\\/2024\\\/10\\\/RIZA-TEMEL_Level-II-Training-Certificate_Sayfa_01.jpg\",\"width\":1242,\"height\":2129},{\"@type\":\"BreadcrumbList\",\"@id\":\"https:\\\/\\\/neptunshipping.net\\\/tr\\\/?page_id=533#breadcrumb\",\"itemListElement\":[{\"@type\":\"ListItem\",\"position\":1,\"name\":\"Anasayfa\",\"item\":\"https:\\\/\\\/neptunshipping.net\\\/tr\\\/\"},{\"@type\":\"ListItem\",\"position\":2,\"name\":\"Filika Matafora Yetkisi\"}]},{\"@type\":\"WebSite\",\"@id\":\"https:\\\/\\\/neptunshipping.net\\\/tr\\\/#website\",\"url\":\"https:\\\/\\\/neptunshipping.net\\\/tr\\\/\",\"name\":\"NEPTUN DEN\u0130ZC\u0130L\u0130K\",\"description\":\"MARINE FIRE FIGHTING, LIFERAFTS &amp; SAFETY EQUIPMENT\",\"potentialAction\":[{\"@type\":\"SearchAction\",\"target\":{\"@type\":\"EntryPoint\",\"urlTemplate\":\"https:\\\/\\\/neptunshipping.net\\\/tr\\\/?s={search_term_string}\"},\"query-input\":{\"@type\":\"PropertyValueSpecification\",\"valueRequired\":true,\"valueName\":\"search_term_string\"}}],\"inLanguage\":\"tr\"}]}<\/script>\n<!-- \/ Yoast SEO plugin. -->","yoast_head_json":{"title":"Filika Matafora Yetkisi - NEPTUN DEN\u0130ZC\u0130L\u0130K","robots":{"index":"index","follow":"follow","max-snippet":"max-snippet:-1","max-image-preview":"max-image-preview:large","max-video-preview":"max-video-preview:-1"},"canonical":"https:\/\/neptunshipping.net\/tr\/?page_id=533","og_locale":"tr_TR","og_type":"article","og_title":"Filika Matafora Yetkisi - NEPTUN DEN\u0130ZC\u0130L\u0130K","og_url":"https:\/\/neptunshipping.net\/tr\/?page_id=533","og_site_name":"NEPTUN DEN\u0130ZC\u0130L\u0130K","article_modified_time":"2024-10-09T22:11:35+00:00","og_image":[{"url":"https:\/\/neptunshipping.net\/tr\/wp-content\/uploads\/2024\/10\/RIZA-TEMEL_Level-II-Training-Certificate_Sayfa_01-597x1024.jpg","type":"","width":"","height":""}],"twitter_card":"summary_large_image","schema":{"@context":"https:\/\/schema.org","@graph":[{"@type":"WebPage","@id":"https:\/\/neptunshipping.net\/tr\/?page_id=533","url":"https:\/\/neptunshipping.net\/tr\/?page_id=533","name":"Filika Matafora Yetkisi - NEPTUN DEN\u0130ZC\u0130L\u0130K","isPartOf":{"@id":"https:\/\/neptunshipping.net\/tr\/#website"},"primaryImageOfPage":{"@id":"https:\/\/neptunshipping.net\/tr\/?page_id=533#primaryimage"},"image":{"@id":"https:\/\/neptunshipping.net\/tr\/?page_id=533#primaryimage"},"thumbnailUrl":"https:\/\/neptunshipping.net\/tr\/wp-content\/uploads\/2024\/10\/RIZA-TEMEL_Level-II-Training-Certificate_Sayfa_01-597x1024.jpg","datePublished":"2022-08-10T20:06:29+00:00","dateModified":"2024-10-09T22:11:35+00:00","breadcrumb":{"@id":"https:\/\/neptunshipping.net\/tr\/?page_id=533#breadcrumb"},"inLanguage":"tr","potentialAction":[{"@type":"ReadAction","target":["https:\/\/neptunshipping.net\/tr\/?page_id=533"]}]},{"@type":"ImageObject","inLanguage":"tr","@id":"https:\/\/neptunshipping.net\/tr\/?page_id=533#primaryimage","url":"https:\/\/neptunshipping.net\/tr\/wp-content\/uploads\/2024\/10\/RIZA-TEMEL_Level-II-Training-Certificate_Sayfa_01.jpg","contentUrl":"https:\/\/neptunshipping.net\/tr\/wp-content\/uploads\/2024\/10\/RIZA-TEMEL_Level-II-Training-Certificate_Sayfa_01.jpg","width":1242,"height":2129},{"@type":"BreadcrumbList","@id":"https:\/\/neptunshipping.net\/tr\/?page_id=533#breadcrumb","itemListElement":[{"@type":"ListItem","position":1,"name":"Anasayfa","item":"https:\/\/neptunshipping.net\/tr\/"},{"@type":"ListItem","position":2,"name":"Filika Matafora Yetkisi"}]},{"@type":"WebSite","@id":"https:\/\/neptunshipping.net\/tr\/#website","url":"https:\/\/neptunshipping.net\/tr\/","name":"NEPTUN DEN\u0130ZC\u0130L\u0130K","description":"MARINE FIRE FIGHTING, LIFERAFTS &amp; SAFETY EQUIPMENT","potentialAction":[{"@type":"SearchAction","target":{"@type":"EntryPoint","urlTemplate":"https:\/\/neptunshipping.net\/tr\/?s={search_term_string}"},"query-input":{"@type":"PropertyValueSpecification","valueRequired":true,"valueName":"search_term_string"}}],"inLanguage":"tr"}]}},"_links":{"self":[{"href":"https:\/\/neptunshipping.net\/tr\/index.php?rest_route=\/wp\/v2\/pages\/533","targetHints":{"allow":["GET"]}}],"collection":[{"href":"https:\/\/neptunshipping.net\/tr\/index.php?rest_route=\/wp\/v2\/pages"}],"about":[{"href":"https:\/\/neptunshipping.net\/tr\/index.php?rest_route=\/wp\/v2\/types\/page"}],"author":[{"embeddable":true,"href":"https:\/\/neptunshipping.net\/tr\/index.php?rest_route=\/wp\/v2\/users\/1"}],"replies":[{"embeddable":true,"href":"https:\/\/neptunshipping.net\/tr\/index.php?rest_route=%2Fwp%2Fv2%2Fcomments&post=533"}],"version-history":[{"count":5,"href":"https:\/\/neptunshipping.net\/tr\/index.php?rest_route=\/wp\/v2\/pages\/533\/revisions"}],"predecessor-version":[{"id":1281,"href":"https:\/\/neptunshipping.net\/tr\/index.php?rest_route=\/wp\/v2\/pages\/533\/revisions\/1281"}],"wp:attachment":[{"href":"https:\/\/neptunshipping.net\/tr\/index.php?rest_route=%2Fwp%2Fv2%2Fmedia&parent=533"}],"curies":[{"name":"wp","href":"https:\/\/api.w.org\/{rel}","templated":true}]}}